{"id":95798,"date":"2024-08-30T06:29:18","date_gmt":"2024-08-30T06:29:18","guid":{"rendered":"https:\/\/bbkitty.com\/?post_type=product&#038;p=95798"},"modified":"2024-08-30T07:07:56","modified_gmt":"2024-08-30T07:07:56","slug":"size-2-training-pants","status":"publish","type":"product","link":"https:\/\/bbkitty.com\/vi\/san-pham\/size-2-training-pants\/","title":{"rendered":"Qu\u1ea7n t\u1eadp size 2"},"content":{"rendered":"<p><img fetchpriority=\"high\" decoding=\"async\" class=\"alignnone size-full wp-image-93802\" src=\"https:\/\/bbkitty.com\/wp-content\/uploads\/2024\/03\/Hb581b2ddcb194077a13efeb726ca9744O.jpg\" alt=\"\" width=\"750\" height=\"535\" \/><\/p>\n<p>&nbsp;<\/p>\n<p>&nbsp;<\/p>","protected":false},"excerpt":{"rendered":"<p>V\u1ea3i SAP Nh\u1eadt B\u1ea3n si\u00eau m\u1ecfng 100%, l\u1edbp ph\u1ee7 m\u1ec1m m\u1ea1i tho\u00e1ng kh\u00ed, \u0111ai l\u01b0ng co gi\u00e3n 360 \u0111\u1ed9 si\u00eau m\u1ec1m, kh\u00f4ng m\u00f9i &amp; kh\u00f4ng ch\u1ee9a clo\/kh\u00f4ng g\u00e2y d\u1ecb \u1ee9ng.<\/p>","protected":false},"featured_media":95800,"template":"","meta":{"site-sidebar-layout":"default","site-content-layout":"","ast-site-content-layout":"default","site-content-style":"default","site-sidebar-style":"default","ast-global-header-display":"","ast-banner-title-visibility":"","ast-main-header-display":"","ast-hfb-above-header-display":"","ast-hfb-below-header-display":"","ast-hfb-mobile-header-display":"","site-post-title":"","ast-breadcrumbs-content":"","ast-featured-img":"","footer-sml-layout":"","theme-transparent-header-meta":"default","adv-header-id-meta":"","stick-header-meta":"default","header-above-stick-meta":"","header-main-stick-meta":"","header-below-stick-meta":"","astra-migrate-meta-layouts":"set","ast-page-background-enabled":"default","ast-page-background-meta":{"desktop":{"background-color":"var(--ast-global-color-4)","background-image":"","background-repeat":"repeat","background-position":"center center","background-size":"auto","background-attachment":"scroll","background-type":"","background-media":"","overlay-type":"","overlay-color":"","overlay-opacity":"","overlay-gradient":""},"tablet":{"background-color":"","background-image":"","background-repeat":"repeat","background-position":"center center","background-size":"auto","background-attachment":"scroll","background-type":"","background-media":"","overlay-type":"","overlay-color":"","overlay-opacity":"","overlay-gradient":""},"mobile":{"background-color":"","background-image":"","background-repeat":"repeat","background-position":"center center","background-size":"auto","background-attachment":"scroll","background-type":"","background-media":"","overlay-type":"","overlay-color":"","overlay-opacity":"","overlay-gradient":""}},"ast-content-background-meta":{"desktop":{"background-color":"var(--ast-global-color-5)","background-image":"","background-repeat":"repeat","background-position":"center center","background-size":"auto","background-attachment":"scroll","background-type":"","background-media":"","overlay-type":"","overlay-color":"","overlay-opacity":"","overlay-gradient":""},"tablet":{"background-color":"var(--ast-global-color-5)","background-image":"","background-repeat":"repeat","background-position":"center center","background-size":"auto","background-attachment":"scroll","background-type":"","background-media":"","overlay-type":"","overlay-color":"","overlay-opacity":"","overlay-gradient":""},"mobile":{"background-color":"var(--ast-global-color-5)","background-image":"","background-repeat":"repeat","background-position":"center center","background-size":"auto","background-attachment":"scroll","background-type":"","background-media":"","overlay-type":"","overlay-color":"","overlay-opacity":"","overlay-gradient":""}}},"product_brand":[],"product_cat":[391],"product_tag":[392],"class_list":{"0":"post-95798","1":"product","2":"type-product","3":"status-publish","4":"has-post-thumbnail","6":"product_cat-classic","7":"product_tag-training-pants","8":"desktop-align-left","9":"tablet-align-left","10":"mobile-align-left","11":"ast-product-gallery-layout-horizontal-slider","12":"ast-product-gallery-with-no-image","13":"ast-product-tabs-layout-horizontal","15":"first","16":"instock","17":"shipping-taxable","18":"product-type-external"},"_links":{"self":[{"href":"https:\/\/bbkitty.com\/vi\/wp-json\/wp\/v2\/product\/95798","targetHints":{"allow":["GET"]}}],"collection":[{"href":"https:\/\/bbkitty.com\/vi\/wp-json\/wp\/v2\/product"}],"about":[{"href":"https:\/\/bbkitty.com\/vi\/wp-json\/wp\/v2\/types\/product"}],"version-history":[{"count":0,"href":"https:\/\/bbkitty.com\/vi\/wp-json\/wp\/v2\/product\/95798\/revisions"}],"wp:featuredmedia":[{"embeddable":true,"href":"https:\/\/bbkitty.com\/vi\/wp-json\/wp\/v2\/media\/95800"}],"wp:attachment":[{"href":"https:\/\/bbkitty.com\/vi\/wp-json\/wp\/v2\/media?parent=95798"}],"wp:term":[{"taxonomy":"product_brand","embeddable":true,"href":"https:\/\/bbkitty.com\/vi\/wp-json\/wp\/v2\/product_brand?post=95798"},{"taxonomy":"product_cat","embeddable":true,"href":"https:\/\/bbkitty.com\/vi\/wp-json\/wp\/v2\/product_cat?post=95798"},{"taxonomy":"product_tag","embeddable":true,"href":"https:\/\/bbkitty.com\/vi\/wp-json\/wp\/v2\/product_tag?post=95798"}],"curies":[{"name":"wp","href":"https:\/\/api.w.org\/{rel}","templated":true}]}}