{"id":95896,"date":"2025-01-10T09:28:41","date_gmt":"2025-01-10T09:28:41","guid":{"rendered":"https:\/\/bbkitty.com\/?page_id=95896"},"modified":"2025-01-10T09:34:20","modified_gmt":"2025-01-10T09:34:20","slug":"faq","status":"publish","type":"page","link":"https:\/\/bbkitty.com\/it\/faq\/","title":{"rendered":"FAQ"},"content":{"rendered":"<div data-elementor-type=\"wp-page\" data-elementor-id=\"95896\" class=\"elementor elementor-95896\" data-elementor-post-type=\"page\">\n\t\t\t\t<div class=\"elementor-element elementor-element-bf45c02 e-flex e-con-boxed e-con e-parent\" data-id=\"bf45c02\" data-element_type=\"container\">\n\t\t\t\t\t<div class=\"e-con-inner\">\n\t\t\t\t<div class=\"elementor-element elementor-element-5a9e6ba elementor-widget elementor-widget-heading\" data-id=\"5a9e6ba\" data-element_type=\"widget\" data-widget_type=\"heading.default\">\n\t\t\t\t\t<h1 class=\"elementor-heading-title elementor-size-default\">FAQ<\/h1>\t\t\t\t<\/div>\n\t\t\t\t<div class=\"elementor-element elementor-element-dfc41ce elementor-widget elementor-widget-image\" data-id=\"dfc41ce\" data-element_type=\"widget\" data-widget_type=\"image.default\">\n\t\t\t\t\t\t\t\t\t\t\t\t\t\t\t<img fetchpriority=\"high\" decoding=\"async\" width=\"750\" height=\"119\" src=\"https:\/\/bbkitty.com\/wp-content\/uploads\/2024\/03\/BBKitty_05.webp\" class=\"attachment-large size-large wp-image-93792\" alt=\"\" \/>\t\t\t\t\t\t\t\t\t\t\t\t\t\t\t<\/div>\n\t\t\t\t<div class=\"elementor-element elementor-element-b3b19bf elementor-widget elementor-widget-text-editor\" data-id=\"b3b19bf\" data-element_type=\"widget\" data-widget_type=\"text-editor.default\">\n\t\t\t\t\t\t\t\t\t<h3><strong style=\"font-size: 17px; font-style: inherit; text-align: var(--text-align); background-color: var(--ast-global-color-5); color: var(--ast-global-color-3); font-family: 'Noto Sans', sans-serif;\">1. Siete una fabbrica?<\/strong><\/h3>\n<p>Siamo un'impresa integrata di produzione e commercio con 12 anni di esperienza nella produzione e oltre un decennio di competenza nel settore. Abbiamo diversi marchi di propriet\u00e0 che sono popolari in molti paesi. Ci impegniamo a collaborare con i distributori per una crescita e un successo reciproci. Forniamo anche servizi OEM\/ODM e supporto per la gestione del marchio.<\/p>\n<p><strong>2. Dove si trova la vostra fabbrica?<\/strong><br \/>La nostra fabbrica si trova a Quanzhou, in Cina, che \u00e8 un centro di produzione di prodotti per l'igiene come pannolini, pantaloni da allenamento, pannolini per adulti e assorbenti igienici. Siete invitati a visitare la nostra fabbrica in qualsiasi momento.<\/p>\n<p><strong>3. Posso visitare la vostra fabbrica?<\/strong><br \/>Assolutamente s\u00ec! Per garantire un'esperienza migliore, vi preghiamo di comunicarci in anticipo l'orario della vostra visita e il numero di partecipanti. Organizzeremo uno staff di professionisti per guidarvi e pianificare il percorso della visita. Se non potete recarvi in Cina al momento, possiamo anche fornire una visita virtuale della fabbrica tramite videoconferenza.<\/p>\n<p><strong>4. Quante linee di produzione avete?<\/strong><br \/>Disponiamo di diverse linee di produzione ad alta velocit\u00e0, tra cui:<\/p>\n<ul>\n<li>\n<p>4 macchine per cinture di grandi dimensioni (500 pezzi al minuto)<\/p>\n<\/li>\n<li>\n<p>2 macchine per pantaloni all-in-one (400 pezzi\/minuto)<\/p>\n<\/li>\n<li>\n<p>2 macchine per pantaloni da allenamento a tre pezzi (450 pezzi al minuto)<\/p>\n<\/li>\n<li>\n<p>1 macchina per pantaloni da allenamento per adulti e 1 macchina per pannolini per adulti (300 pezzi\/minuto)<\/p>\n<\/li>\n<\/ul>\n<p>Tutte le apparecchiature sono dotate di funzioni di confezionamento e ispezione automatizzate per garantire la qualit\u00e0 del prodotto.<\/p>\n<p><strong>5. Quali sono i vostri principali mercati?<\/strong><br \/>I nostri mercati principali includono l'Asia centrale, il Sud-est asiatico e la Russia, dove c'\u00e8 una forte domanda per i nostri marchi di propriet\u00e0 e per i prodotti OEM. Attualmente ci stiamo espandendo a livello globale e invitiamo i distributori interessati a contattarci.<\/p>\n<p><strong>6. Quali certificazioni possiede?<\/strong><br \/>Possediamo diverse certificazioni industriali, tra cui ISO, CE, SGS, Demeter e Hala. Per le regioni di lingua russa, disponiamo anche della certificazione EAC. Se avete requisiti di certificazione specifici, possiamo assistervi nell'ottenimento di certificazioni di terze parti.<\/p>\n<p><strong>7. Quali marchi producete?<\/strong><br \/>I nostri marchi di propriet\u00e0 includono BB Kitty, LJ e Beili, che si rivolgono a diversi segmenti di mercato. Inoltre, forniamo servizi OEM per diversi supermercati e marchi famosi. Se avete esigenze di mercato specifiche, possiamo consigliarvi i prodotti pi\u00f9 adatti.<\/p>\n<p><strong>8. Qual \u00e8 il vostro MOQ (quantitativo minimo d'ordine)?<\/strong><br \/>Il MOQ varia a seconda della categoria di prodotto. Comunicateci le vostre esigenze e vi forniremo informazioni dettagliate.<\/p>\n<p><strong>9. Accettate personalizzazioni?<\/strong><br \/>S\u00ec, abbiamo oltre dieci anni di esperienza nel settore OEM e offriamo servizi di personalizzazione one-stop. Condividete le vostre esigenze e vi proporremo una soluzione su misura per voi.<\/p>\n<p><strong>10. Fornite servizi di progettazione?<\/strong><br \/>Possiamo progettare in base alle vostre esigenze o fornirvi disegni esistenti come riferimento.<\/p>\n<p><strong>11. Quali sono i tempi di consegna?<\/strong><br \/>I tempi di consegna dipendono dalla categoria di prodotto. In genere, il primo ordine richiede 45 giorni e gli ordini successivi 30 giorni.<\/p>\n<p><strong>12. Quali sono i termini di pagamento?<\/strong><br \/>I nostri termini di pagamento sono: 30% di deposito + 70% di saldo (pagato prima della spedizione).<\/p>\n<p><strong>13. Come posso diventare vostro distributore?<\/strong><br \/>Diventare nostro distributore \u00e8 semplice. Dopo aver confermato i prodotti e i prezzi, \u00e8 possibile iniziare con un container di grandi dimensioni. Vi forniremo politiche di supporto ai distributori per aiutarvi a entrare rapidamente nel mercato.<\/p>\n<p><strong>14. Quali sono i termini chiave dell'accordo con il distributore?<\/strong><\/p>\n<ul>\n<li>\n<p>In genere, sottoscriviamo distributori esclusivi a livello cittadino con un ordine minimo mensile di 4*40HQ.<\/p>\n<\/li>\n<li>\n<p>Le spese di autorizzazione del marchio sono fisse.<\/p>\n<\/li>\n<li>\n<p>Implementiamo controlli sui prezzi minimi per le vendite locali all'ingrosso, al dettaglio e online per garantire un ambiente competitivo equo.<\/p>\n<\/li>\n<\/ul>\n<p><strong>15. Quali sono i vantaggi di diventare distributore?<\/strong><\/p>\n<ul>\n<li>\n<p><strong>Assicurazione del profitto<\/strong>: I distributori ottengono profitti pi\u00f9 alti di noi e noi manteniamo prezzi stabili anche quando i costi delle materie prime aumentano.<\/p>\n<\/li>\n<li>\n<p><strong>Garanzia di qualit\u00e0<\/strong>: Assicuriamo una qualit\u00e0 costante dei prodotti, garantendo ai distributori una redditivit\u00e0 a lungo termine.<\/p>\n<\/li>\n<li>\n<p><strong>Assistenza alle vendite<\/strong>: Offriamo incentivi alle vendite e supporto al marketing, sia online che offline.<\/p>\n<\/li>\n<li>\n<p><strong>Crescita reciproca<\/strong>: Collaboriamo con i distributori per esplorare le richieste del mercato, espandere le linee di prodotti e ottenere risultati vantaggiosi per tutti.<\/p>\n<\/li>\n<\/ul>\n<p><strong>16. Quale supporto offrite?<\/strong><br \/>Offriamo un supporto completo ai distributori, che comprende marketing, incentivi alle vendite e formazione sui prodotti. Fateci sapere quali sono le vostre esigenze specifiche e vi proporremo un piano di assistenza su misura.<\/p>\n<p><strong>17. Quali prodotti offrite?<\/strong><br \/>La nostra gamma di prodotti comprende serie per bambini, serie per adulti, serie per la cura della donna e serie per animali domestici. Comunicateci le vostre esigenze specifiche e vi consiglieremo i prodotti pi\u00f9 adatti.<\/p>\n<p><strong>18. Come posso ottenere dei campioni?<\/strong><br \/>Possiamo fornire campioni gratuiti (in quantit\u00e0 limitata), ma le spese di spedizione saranno a carico del cliente. Vi preghiamo di comunicarci le vostre esigenze specifiche.<\/p>\n<p><strong>19. Quali sono le dimensioni disponibili per i vostri prodotti?<\/strong><br \/>Le taglie variano a seconda della categoria di prodotto. Comunicateci il prodotto a cui siete interessati e vi forniremo una tabella dettagliata delle taglie.<\/p>\n<p><strong>20. Posso avere un catalogo dei prodotti?<\/strong><br \/>Naturalmente. La nostra gamma di prodotti \u00e8 ampia. Comunicateci le vostre esigenze specifiche e vi forniremo un catalogo mirato.<\/p>\n<p><strong>21. Quali materiali utilizzate per la produzione?<\/strong><br \/>Per la produzione utilizziamo materiali di alta qualit\u00e0, che variano a seconda della categoria di prodotto. Comunicateci le vostre esigenze e vi forniremo informazioni dettagliate.<\/p>\n<p><strong>22. Qual \u00e8 la differenza tra pannolini, pantaloni per l'allenamento e pantaloni all-in-one?<\/strong><br \/>Forniamo immagini e video di confronto dettagliati per aiutarvi a comprendere le caratteristiche e le applicazioni dei diversi prodotti.<\/p>\n<p><strong>23. Posso restituire i prodotti in caso di problemi di qualit\u00e0?<\/strong><br \/>Abbiamo un rigoroso sistema di controllo della qualit\u00e0 con molteplici ispezioni dalle materie prime ai prodotti finiti. Se riscontrate problemi di qualit\u00e0, contattateci e vi forniremo soluzioni adeguate.<\/p>\n<p><strong>24. Come garantite l'assistenza post-vendita?<\/strong><br \/>Abbiamo un team professionale di assistenza post-vendita pronto ad assistere i clienti e a garantire la loro soddisfazione.<\/p>\n<p><strong>25. Qual \u00e8 il processo di produzione OEM?<\/strong><br \/>Il processo OEM comprende: bozza di progetto \u2192 realizzazione di lastre \u2192 campionatura \u2192 conferma \u2192 produzione. Il ciclo di tempo dipende dalla categoria di prodotto.<\/p>\n<p><strong>26. Come vengono calcolati i costi OEM?<\/strong><br \/>I costi OEM comprendono le bozze di progettazione (gratuite), le spese per le lastre dei sacchi + i depositi, le spese per le lastre dei materiali + i depositi e i costi di produzione del 100% OEM.<\/p>\n<p><strong>28. Qual \u00e8 la direzione futura della vostra azienda?<\/strong><br \/>Ci impegniamo a fornire prodotti di alta qualit\u00e0 ed economicamente vantaggiosi nel settore dell'assistenza materno-infantile, collaborando con i clienti per conquistare maggiori quote di mercato.<\/p>\n<p><strong>29. Offrite sconti per ordini pi\u00f9 consistenti?<\/strong><br \/>Offriamo sconti in base alla quantit\u00e0 dell'ordine. Fateci sapere quali sono le vostre esigenze specifiche e vi chiederemo dei pacchetti regalo o di prova.<\/p>\n<p><strong>30. Sono un principiante. Come posso effettuare un ordine?<\/strong><br \/>Comunicateci le vostre esigenze di prodotto, il posizionamento sul mercato e i canali di vendita e vi guideremo nel processo di ordinazione. Per le questioni relative all'importazione, possiamo assistervi nel contattare le agenzie professionali.<\/p>\n<p><strong>31. Perch\u00e9 i vostri prezzi fluttuano?<\/strong><br \/>A causa di fattori quali i tassi di cambio e le fluttuazioni dei prezzi delle materie prime, adeguiamo i prezzi trimestralmente. Ci sforziamo di mantenere la stabilit\u00e0 dei prezzi per proteggere gli interessi dei clienti.<\/p>\n<p><strong>32. Qual \u00e8 la differenza tra BB Kitty e Little Journey?<\/strong><br \/>I due marchi hanno un posizionamento e configurazioni di prodotto diverse. Comunicateci il vostro mercato e il vostro budget e vi consiglieremo i prodotti pi\u00f9 adatti.<\/p>\n<p><strong>33. Posso iniziare con un piccolo ordine?<\/strong><br \/>Potete iniziare acquistando piccole quantit\u00e0 di prodotti a marchio proprio per testare il mercato e ridurre al minimo i rischi.<\/p>\n<p><strong>34. Posso modificare l'imballaggio esistente?<\/strong><br \/>Le confezioni dei marchi di propriet\u00e0 non possono essere modificate. Se avete bisogno di un imballaggio personalizzato, possiamo produrlo secondo il vostro disegno, a condizione che non violi i diritti del nostro marchio.<\/p>\n<p><strong>35. Come posso diventare un distributore esclusivo?<\/strong><br \/>Assegniamo le regioni di distribuzione in base alla domanda del mercato e alle capacit\u00e0 del distributore. Se siete interessati a diventare distributori esclusivi, vi invitiamo a discuterne in dettaglio con noi.<\/p>\n<p><strong>36. Perch\u00e9 l'indirizzo dell'azienda \u00e8 diverso da quello del certificato?<\/strong><br \/>Siamo un'impresa integrata di produzione e commercio. L'indirizzo del certificato \u00e8 l'indirizzo della fabbrica, mentre l'indirizzo della societ\u00e0 \u00e8 l'indirizzo dell'ufficio.<\/p>\n<p><strong>37. Avete pannolini pi\u00f9 economici?<\/strong><br \/>Possiamo consigliarvi le configurazioni di prodotto pi\u00f9 adatte in base al vostro budget. Comunicateci le vostre esigenze e vi forniremo la soluzione migliore.<\/p>\n<p><strong>39. La vostra linea di prodotti \u00e8 limitata?<\/strong><br \/>Stiamo gradualmente ampliando la nostra linea di prodotti, sviluppando altri prodotti per il mercato dell'assistenza materna e infantile. Grazie per la vostra pazienza.<\/p>\n<p><strong>42. Quali sono i tempi di consegna e i termini di pagamento?<\/strong><br \/>I tempi di consegna variano a seconda della categoria di prodotto e i termini di pagamento sono 30% di deposito + 70% di saldo (pagato prima della spedizione). Possiamo assistervi nel contattare gli spedizionieri.<\/p>\n<p><strong>43. Perch\u00e9 il MOQ \u00e8 alto?<\/strong><br \/>Il MOQ \u00e8 conforme agli standard del settore. Se si acquistano prodotti in stock, non \u00e8 richiesto alcun MOQ.<\/p>\n<p><strong>44. Perch\u00e9 il prezzo EXW \u00e8 pi\u00f9 alto del prezzo FOB?<\/strong><br \/>Offriamo prezzi FOB basati sulle politiche nazionali di esportazione, consentendo ai clienti di beneficiare di sconti fiscali.<\/p>\n<p><strong>45. Ho fondi limitati ma voglio personalizzare il mio marchio. Qualche suggerimento?<\/strong><br \/>Consigliamo di iniziare con i nostri marchi di propriet\u00e0 per testare il mercato. Una volta stabiliti i canali di vendita, si pu\u00f2 pensare di personalizzare il proprio marchio.<\/p>\n<p><strong>46. Perch\u00e9 le tasse sulle muffe sono alte?<\/strong><br \/>Diamo priorit\u00e0 alla precisione e alla qualit\u00e0 di stampa, assicurando che i prodotti soddisfino gli standard di progettazione dei clienti.<\/p>\n<p><strong>47. Qual \u00e8 il processo di campionamento e il costo?<\/strong><br \/>Il costo della campionatura \u00e8 di 5.000 RMB con un MOQ di 200 pezzi (bianco semplice, taglia unica).<\/p>\n<p><strong>48. Qual \u00e8 la differenza tra l'imballaggio in cartone e quello in busta trasparente?<\/strong><br \/>L'imballaggio in cartone consente di risparmiare spazio, riducendo i costi di spedizione.<\/p>\n<p><strong>49. Fornite supporto pubblicitario?<\/strong><br \/>Offriamo supporto pubblicitario online e offline, comprese le promozioni di siti web indipendenti e gli eventi dei distributori.<\/p>\n<p><strong>50. Quando posso iniziare a guadagnare come distributore?<\/strong><br \/>Potete iniziare a guadagnare fin dal primo ordine. Forniamo supporto pubblicitario in base ai risultati di vendita.<\/p>\n<p><strong>51. Posso restituire i prodotti se non vengono venduti?<\/strong><br \/>Non accettiamo resi, ma possiamo aiutarvi a contattare altri clienti per rivendere i prodotti.<\/p>\n<p><strong>52. Offrite commissioni per i clienti che si rivolgono a voi?<\/strong><br \/>S\u00ec, \u00e8 possibile guadagnare una commissione di 1% sul primo ordine, solitamente accreditata come sconto sugli ordini futuri.<\/p>\n<p><strong>53. Posso ottenere condizioni di credito?<\/strong><br \/>I nostri termini di pagamento sono 30% di deposito + 70% di saldo, applicati allo stesso modo a tutti i clienti.<\/p>\n<p><strong>54. Quando verranno lanciati i nuovi prodotti?<\/strong><br \/>Sviluppiamo nuovi prodotti in base alla domanda del mercato. Condividete le vostre esigenze e vi forniremo informazioni sui prodotti il prima possibile.<\/p>\n<p><strong>57. Quali sono i punti di forza dei vostri prodotti?<\/strong><\/p>\n<ul>\n<li>\n<p>BB Kitty: Alta capacit\u00e0 di assorbimento.<\/p>\n<\/li>\n<li>\n<p>Piccolo viaggio: Ultra-sottile e ultra-morbido.<\/p>\n<\/li>\n<li>\n<p>Per altre raccomandazioni di mercato, contattateci.<\/p>\n<\/li>\n<\/ul>\n<p>Se avete altre domande, non esitate a contattarci!<\/p>\t\t\t\t\t\t\t\t<\/div>\n\t\t\t\t\t<\/div>\n\t\t\t\t<\/div>\n\t\t\t\t<\/div>","protected":false},"excerpt":{"rendered":"<p>FAQ 1. Are you a factory? We are an integrated manufacturing and trading enterprise with 12 years of production experience [&hellip;]<\/p>","protected":false},"author":3,"featured_media":93792,"parent":0,"menu_order":0,"comment_status":"closed","ping_status":"closed","template":"","meta":{"site-sidebar-layout":"default","site-content-layout":"","ast-site-content-layout":"","site-content-style":"default","site-sidebar-style":"default","ast-global-header-display":"","ast-banner-title-visibility":"","ast-main-header-display":"","ast-hfb-above-header-display":"","ast-hfb-below-header-display":"","ast-hfb-mobile-header-display":"","site-post-title":"","ast-breadcrumbs-content":"","ast-featured-img":"","footer-sml-layout":"","theme-transparent-header-meta":"","adv-header-id-meta":"","stick-header-meta":"","header-above-stick-meta":"","header-main-stick-meta":"","header-below-stick-meta":"","astra-migrate-meta-layouts":"default","ast-page-background-enabled":"default","ast-page-background-meta":{"desktop":{"background-color":"var(--ast-global-color-4)","background-image":"","background-repeat":"repeat","background-position":"center center","background-size":"auto","background-attachment":"scroll","background-type":"","background-media":"","overlay-type":"","overlay-color":"","overlay-opacity":"","overlay-gradient":""},"tablet":{"background-color":"","background-image":"","background-repeat":"repeat","background-position":"center center","background-size":"auto","background-attachment":"scroll","background-type":"","background-media":"","overlay-type":"","overlay-color":"","overlay-opacity":"","overlay-gradient":""},"mobile":{"background-color":"","background-image":"","background-repeat":"repeat","background-position":"center center","background-size":"auto","background-attachment":"scroll","background-type":"","background-media":"","overlay-type":"","overlay-color":"","overlay-opacity":"","overlay-gradient":""}},"ast-content-background-meta":{"desktop":{"background-color":"var(--ast-global-color-5)","background-image":"","background-repeat":"repeat","background-position":"center center","background-size":"auto","background-attachment":"scroll","background-type":"","background-media":"","overlay-type":"","overlay-color":"","overlay-opacity":"","overlay-gradient":""},"tablet":{"background-color":"var(--ast-global-color-5)","background-image":"","background-repeat":"repeat","background-position":"center center","background-size":"auto","background-attachment":"scroll","background-type":"","background-media":"","overlay-type":"","overlay-color":"","overlay-opacity":"","overlay-gradient":""},"mobile":{"background-color":"var(--ast-global-color-5)","background-image":"","background-repeat":"repeat","background-position":"center center","background-size":"auto","background-attachment":"scroll","background-type":"","background-media":"","overlay-type":"","overlay-color":"","overlay-opacity":"","overlay-gradient":""}},"footnotes":""},"class_list":["post-95896","page","type-page","status-publish","has-post-thumbnail","hentry"],"_links":{"self":[{"href":"https:\/\/bbkitty.com\/it\/wp-json\/wp\/v2\/pages\/95896","targetHints":{"allow":["GET"]}}],"collection":[{"href":"https:\/\/bbkitty.com\/it\/wp-json\/wp\/v2\/pages"}],"about":[{"href":"https:\/\/bbkitty.com\/it\/wp-json\/wp\/v2\/types\/page"}],"author":[{"embeddable":true,"href":"https:\/\/bbkitty.com\/it\/wp-json\/wp\/v2\/users\/3"}],"replies":[{"embeddable":true,"href":"https:\/\/bbkitty.com\/it\/wp-json\/wp\/v2\/comments?post=95896"}],"version-history":[{"count":0,"href":"https:\/\/bbkitty.com\/it\/wp-json\/wp\/v2\/pages\/95896\/revisions"}],"wp:featuredmedia":[{"embeddable":true,"href":"https:\/\/bbkitty.com\/it\/wp-json\/wp\/v2\/media\/93792"}],"wp:attachment":[{"href":"https:\/\/bbkitty.com\/it\/wp-json\/wp\/v2\/media?parent=95896"}],"curies":[{"name":"wp","href":"https:\/\/api.w.org\/{rel}","templated":true}]}}