{"id":95896,"date":"2025-01-10T09:28:41","date_gmt":"2025-01-10T09:28:41","guid":{"rendered":"https:\/\/bbkitty.com\/?page_id=95896"},"modified":"2025-01-10T09:34:20","modified_gmt":"2025-01-10T09:34:20","slug":"faq","status":"publish","type":"page","link":"https:\/\/bbkitty.com\/hu\/faq\/","title":{"rendered":"GYIK"},"content":{"rendered":"<div data-elementor-type=\"wp-page\" data-elementor-id=\"95896\" class=\"elementor elementor-95896\" data-elementor-post-type=\"page\">\n\t\t\t\t<div class=\"elementor-element elementor-element-bf45c02 e-flex e-con-boxed e-con e-parent\" data-id=\"bf45c02\" data-element_type=\"container\">\n\t\t\t\t\t<div class=\"e-con-inner\">\n\t\t\t\t<div class=\"elementor-element elementor-element-5a9e6ba elementor-widget elementor-widget-heading\" data-id=\"5a9e6ba\" data-element_type=\"widget\" data-widget_type=\"heading.default\">\n\t\t\t\t\t<h1 class=\"elementor-heading-title elementor-size-default\">GYIK<\/h1>\t\t\t\t<\/div>\n\t\t\t\t<div class=\"elementor-element elementor-element-dfc41ce elementor-widget elementor-widget-image\" data-id=\"dfc41ce\" data-element_type=\"widget\" data-widget_type=\"image.default\">\n\t\t\t\t\t\t\t\t\t\t\t\t\t\t\t<img fetchpriority=\"high\" decoding=\"async\" width=\"750\" height=\"119\" src=\"https:\/\/bbkitty.com\/wp-content\/uploads\/2024\/03\/BBKitty_05.webp\" class=\"attachment-large size-large wp-image-93792\" alt=\"\" \/>\t\t\t\t\t\t\t\t\t\t\t\t\t\t\t<\/div>\n\t\t\t\t<div class=\"elementor-element elementor-element-b3b19bf elementor-widget elementor-widget-text-editor\" data-id=\"b3b19bf\" data-element_type=\"widget\" data-widget_type=\"text-editor.default\">\n\t\t\t\t\t\t\t\t\t<h3><strong style=\"font-size: 17px; font-style: inherit; text-align: var(--text-align); background-color: var(--ast-global-color-5); color: var(--ast-global-color-3); font-family: 'Noto Sans', sans-serif;\">1. \u00d6n egy gy\u00e1r?<\/strong><\/h3>\n<p>Integr\u00e1lt gy\u00e1rt\u00f3 \u00e9s kereskedelmi v\u00e1llalkoz\u00e1s vagyunk, 12 \u00e9ves gy\u00e1rt\u00e1si tapasztalattal \u00e9s t\u00f6bb mint egy \u00e9vtizedes ipari szak\u00e9rtelemmel. T\u00f6bb saj\u00e1t tulajdon\u00fa m\u00e1rk\u00e1val rendelkez\u00fcnk, amelyek sz\u00e1mos orsz\u00e1gban n\u00e9pszer\u0171ek. Elk\u00f6telezettek vagyunk a forgalmaz\u00f3kkal val\u00f3 egy\u00fcttm\u0171k\u00f6d\u00e9sre a k\u00f6lcs\u00f6n\u00f6s n\u00f6veked\u00e9s \u00e9s siker \u00e9rdek\u00e9ben. OEM\/ODM szolg\u00e1ltat\u00e1sokat \u00e9s m\u00e1rka\u00fczemeltet\u00e9si t\u00e1mogat\u00e1st is ny\u00fajtunk.<\/p>\n<p><strong>2. Hol tal\u00e1lhat\u00f3 a gy\u00e1r?<\/strong><br \/>Gy\u00e1runk a k\u00ednai Quanzhou-ban tal\u00e1lhat\u00f3, amely a higi\u00e9niai term\u00e9kek, p\u00e9ld\u00e1ul pelenk\u00e1k, tr\u00e9ningnadr\u00e1gok, feln\u0151tt pelenk\u00e1k \u00e9s eg\u00e9szs\u00e9g\u00fcgyi bet\u00e9tek k\u00f6zpontja. B\u00e1rmikor sz\u00edvesen l\u00e1tjuk gy\u00e1runkban.<\/p>\n<p><strong>3. Megl\u00e1togathatom a gy\u00e1rat?<\/strong><br \/>Abszol\u00fat! A jobb \u00e9lm\u00e9ny biztos\u00edt\u00e1sa \u00e9rdek\u00e9ben k\u00e9rj\u00fck, el\u0151re t\u00e1j\u00e9koztasson minket a l\u00e1togat\u00e1s id\u0151pontj\u00e1r\u00f3l \u00e9s a r\u00e9sztvev\u0151k sz\u00e1m\u00e1r\u00f3l. Szakk\u00e9pzett szem\u00e9lyzetet szervez\u00fcnk az idegenvezet\u00e9shez \u00e9s a t\u00fara \u00fatvonal\u00e1nak megtervez\u00e9s\u00e9hez. Ha jelenleg nem tud K\u00edn\u00e1ba l\u00e1togatni, videokonferenci\u00e1n kereszt\u00fcl virtu\u00e1lis gy\u00e1rl\u00e1togat\u00e1st is tudunk biztos\u00edtani.<\/p>\n<p><strong>4. H\u00e1ny gy\u00e1rt\u00f3soruk van?<\/strong><br \/>T\u00f6bb nagy sebess\u00e9g\u0171 gy\u00e1rt\u00f3sorral rendelkez\u00fcnk, t\u00f6bbek k\u00f6z\u00f6tt:<\/p>\n<ul>\n<li>\n<p>4 nagy der\u00e9ksz\u00edjgy\u00e1rt\u00f3 g\u00e9p (500 darab\/perc)<\/p>\n<\/li>\n<li>\n<p>2 db all-in-one nadr\u00e1gk\u00e9sz\u00edt\u0151 g\u00e9p (400 db\/perc)<\/p>\n<\/li>\n<li>\n<p>2 h\u00e1romr\u00e9szes edz\u0151nadr\u00e1g-el\u0151k\u00e9sz\u00edt\u0151 g\u00e9p (450 darab\/perc)<\/p>\n<\/li>\n<li>\n<p>1 feln\u0151tt edz\u0151nadr\u00e1g- \u00e9s 1 feln\u0151tt pelenk\u00e1z\u00f3g\u00e9p (300 darab\/perc)<\/p>\n<\/li>\n<\/ul>\n<p>Minden berendez\u00e9s automatiz\u00e1lt csomagol\u00e1si \u00e9s min\u0151s\u00e9gellen\u0151rz\u00e9si funkci\u00f3kkal van felszerelve a term\u00e9kmin\u0151s\u00e9g biztos\u00edt\u00e1sa \u00e9rdek\u00e9ben.<\/p>\n<p><strong>5. Melyek a f\u0151 piacai?<\/strong><br \/>F\u0151 piacaink k\u00f6z\u00e9 tartozik K\u00f6z\u00e9p-\u00c1zsia, D\u00e9lkelet-\u00c1zsia \u00e9s Oroszorsz\u00e1g, ahol nagy a kereslet saj\u00e1t m\u00e1rk\u00e1ink \u00e9s OEM term\u00e9keink ir\u00e1nt. Jelenleg glob\u00e1lisan terjeszked\u00fcnk, \u00e9s v\u00e1rjuk az \u00e9rdekl\u0151d\u0151 forgalmaz\u00f3k jelentkez\u00e9s\u00e9t.<\/p>\n<p><strong>6. Milyen k\u00e9pes\u00edt\u00e9sekkel rendelkezik?<\/strong><br \/>Sz\u00e1mos ipari tan\u00fas\u00edtv\u00e1nnyal rendelkez\u00fcnk, bele\u00e9rtve az ISO, CE, SGS, Demeter \u00e9s Hala tan\u00fas\u00edtv\u00e1nyokat. Az orosz nyelv\u0171 r\u00e9gi\u00f3k sz\u00e1m\u00e1ra EAC tan\u00fas\u00edtv\u00e1nnyal is rendelkez\u00fcnk. Ha speci\u00e1lis tan\u00fas\u00edt\u00e1si k\u00f6vetelm\u00e9nyei vannak, seg\u00edt\u00fcnk \u00d6nnek a harmadik f\u00e9lt\u0151l sz\u00e1rmaz\u00f3 tan\u00fas\u00edtv\u00e1nyok megszerz\u00e9s\u00e9ben.<\/p>\n<p><strong>7. Milyen m\u00e1rk\u00e1kat gy\u00e1rtanak?<\/strong><br \/>Saj\u00e1t tulajdon\u00fa m\u00e1rk\u00e1ink k\u00f6z\u00e9 tartozik a BB Kitty, az LJ \u00e9s a Beili, amelyek k\u00fcl\u00f6nb\u00f6z\u0151 piaci szegmenseket szolg\u00e1lnak ki. Emellett OEM szolg\u00e1ltat\u00e1sokat ny\u00fajtunk t\u00f6bb szupermarket \u00e9s ismert m\u00e1rka sz\u00e1m\u00e1ra. Ha speci\u00e1lis piaci ig\u00e9nyei vannak, megfelel\u0151 term\u00e9keket tudunk aj\u00e1nlani.<\/p>\n<p><strong>8. Mennyi a MOQ (minim\u00e1lis rendel\u00e9si mennyis\u00e9g)?<\/strong><br \/>A MOQ a term\u00e9kkateg\u00f3ri\u00e1t\u00f3l f\u00fcgg\u0151en v\u00e1ltozik. K\u00e9rj\u00fck, ossza meg vel\u00fcnk ig\u00e9nyeit, \u00e9s r\u00e9szletes t\u00e1j\u00e9koztat\u00e1st ny\u00fajtunk.<\/p>\n<p><strong>9. Elfogadja a testreszab\u00e1st?<\/strong><br \/>Igen, t\u00f6bb mint egy \u00e9vtizedes OEM-tapasztalattal rendelkez\u00fcnk, \u00e9s egyablakos testreszab\u00e1si szolg\u00e1ltat\u00e1sokat k\u00edn\u00e1lunk. K\u00e9rj\u00fck, ossza meg vel\u00fcnk ig\u00e9nyeit, \u00e9s mi szem\u00e9lyre szabott megold\u00e1st k\u00edn\u00e1lunk \u00d6nnek.<\/p>\n<p><strong>10. Tervez\u00e9si szolg\u00e1ltat\u00e1sokat ny\u00fajtanak?<\/strong><br \/>Az \u00d6n ig\u00e9nyei szerint tervezhet\u00fcnk, vagy referenciak\u00e9nt m\u00e1r megl\u00e9v\u0151 terveket is biztos\u00edthatunk.<\/p>\n<p><strong>11. Mennyi a sz\u00e1ll\u00edt\u00e1si id\u0151?<\/strong><br \/>A sz\u00e1ll\u00edt\u00e1si id\u0151 a term\u00e9kkateg\u00f3ri\u00e1t\u00f3l f\u00fcgg. Az els\u0151 rendel\u00e9s \u00e1ltal\u00e1ban 45 napot vesz ig\u00e9nybe, a tov\u00e1bbi rendel\u00e9sek pedig 30 napot.<\/p>\n<p><strong>12. Mik a fizet\u00e9si felt\u00e9telei?<\/strong><br \/>Fizet\u00e9si felt\u00e9teleink: 30% let\u00e9t + 70% egyenleg (sz\u00e1ll\u00edt\u00e1s el\u0151tt fizetve).<\/p>\n<p><strong>13. Hogyan v\u00e1lhatok az \u00d6n forgalmaz\u00f3j\u00e1v\u00e1?<\/strong><br \/>A forgalmaz\u00f3v\u00e1 v\u00e1l\u00e1s egyszer\u0171. A term\u00e9kek \u00e9s az \u00e1rak meger\u0151s\u00edt\u00e9se ut\u00e1n egy magas kont\u00e9nerrel kezdhet. Mi forgalmaz\u00f3i t\u00e1mogat\u00e1si politik\u00e1t biztos\u00edtunk, hogy seg\u00edts\u00fck a gyors piacra l\u00e9p\u00e9st.<\/p>\n<p><strong>14. Melyek a forgalmaz\u00f3i szerz\u0151d\u00e9s legfontosabb felt\u00e9telei?<\/strong><\/p>\n<ul>\n<li>\n<p>\u00c1ltal\u00e1ban v\u00e1rosi szint\u0171 kiz\u00e1r\u00f3lagos forgalmaz\u00f3i szerz\u0151d\u00e9seket k\u00f6t\u00fcnk, amelyek minim\u00e1lis havi rendel\u00e9si ig\u00e9nye 4*40 HQ.<\/p>\n<\/li>\n<li>\n<p>A m\u00e1rkaenged\u00e9lyez\u00e9si d\u00edjak fixek.<\/p>\n<\/li>\n<li>\n<p>A tisztess\u00e9ges versenyk\u00f6rnyezet biztos\u00edt\u00e1sa \u00e9rdek\u00e9ben minimum\u00e1r-ellen\u0151rz\u00e9seket hajtunk v\u00e9gre a helyi nagykereskedelmi, kiskereskedelmi \u00e9s online \u00e9rt\u00e9kes\u00edt\u00e9sre vonatkoz\u00f3an.<\/p>\n<\/li>\n<\/ul>\n<p><strong>15. Milyen el\u0151ny\u00f6kkel j\u00e1r a forgalmaz\u00f3v\u00e1 v\u00e1l\u00e1s?<\/strong><\/p>\n<ul>\n<li>\n<p><strong>Nyeres\u00e9gbiztos\u00edt\u00e1s<\/strong>: A forgalmaz\u00f3k magasabb profitot \u00e9rnek el, mint mi, \u00e9s mi stabilan tartjuk az \u00e1rakat m\u00e9g akkor is, ha a nyersanyagk\u00f6lts\u00e9gek emelkednek.<\/p>\n<\/li>\n<li>\n<p><strong>Min\u0151s\u00e9gbiztos\u00edt\u00e1s<\/strong>: Biztos\u00edtjuk a term\u00e9kek egyenletes min\u0151s\u00e9g\u00e9t, garant\u00e1lva a forgalmaz\u00f3k hossz\u00fa t\u00e1v\u00fa j\u00f6vedelmez\u0151s\u00e9g\u00e9t.<\/p>\n<\/li>\n<li>\n<p><strong>\u00c9rt\u00e9kes\u00edt\u00e9si t\u00e1mogat\u00e1s<\/strong>: \u00c9rt\u00e9kes\u00edt\u00e9si \u00f6szt\u00f6nz\u0151ket \u00e9s marketing t\u00e1mogat\u00e1st k\u00edn\u00e1lunk, online \u00e9s offline egyar\u00e1nt.<\/p>\n<\/li>\n<li>\n<p><strong>K\u00f6lcs\u00f6n\u00f6s n\u00f6veked\u00e9s<\/strong>: Egy\u00fcttm\u0171k\u00f6d\u00fcnk a forgalmaz\u00f3kkal a piaci ig\u00e9nyek felt\u00e1r\u00e1sa, a term\u00e9kcsal\u00e1dok b\u0151v\u00edt\u00e9se \u00e9s a win-win eredm\u00e9nyek el\u00e9r\u00e9se \u00e9rdek\u00e9ben.<\/p>\n<\/li>\n<\/ul>\n<p><strong>16. Milyen t\u00e1mogat\u00e1st ny\u00fajtanak?<\/strong><br \/>\u00c1tfog\u00f3 forgalmaz\u00f3i t\u00e1mogat\u00e1st ny\u00fajtunk, bele\u00e9rtve a marketinget, az \u00e9rt\u00e9kes\u00edt\u00e9si \u00f6szt\u00f6nz\u0151ket \u00e9s a term\u00e9kk\u00e9pz\u00e9st. K\u00e9rj\u00fck, ossza meg vel\u00fcnk egyedi ig\u00e9nyeit, \u00e9s mi szem\u00e9lyre szabott t\u00e1mogat\u00e1si tervet k\u00e9sz\u00edt\u00fcnk az \u00d6n sz\u00e1m\u00e1ra.<\/p>\n<p><strong>17. Milyen term\u00e9keket k\u00edn\u00e1lnak?<\/strong><br \/>Term\u00e9kk\u00edn\u00e1latunkban megtal\u00e1lhat\u00f3 a baba sorozat, a feln\u0151tt sorozat, a n\u0151i \u00e1pol\u00e1si sorozat \u00e9s a kis\u00e1llat sorozat. K\u00e9rj\u00fck, ossza meg vel\u00fcnk egyedi ig\u00e9nyeit, \u00e9s mi aj\u00e1nljuk a megfelel\u0151 term\u00e9keket.<\/p>\n<p><strong>18. Hogyan juthatok mint\u00e1khoz?<\/strong><br \/>Ingyenes mint\u00e1kat tudunk biztos\u00edtani (korl\u00e1tozott mennyis\u00e9gben), de a sz\u00e1ll\u00edt\u00e1si k\u00f6lts\u00e9geket az \u00fcgyf\u00e9l viseli. K\u00e9rj\u00fck, t\u00e1j\u00e9koztasson minket a konkr\u00e9t ig\u00e9nyeir\u0151l.<\/p>\n<p><strong>19. Milyen m\u00e9retekben kaphat\u00f3k a term\u00e9kei?<\/strong><br \/>A m\u00e9retek term\u00e9kkateg\u00f3ri\u00e1nk\u00e9nt v\u00e1ltoznak. K\u00e9rj\u00fck, adja meg nek\u00fcnk az \u00d6nt \u00e9rdekl\u0151 term\u00e9ket, \u00e9s r\u00e9szletes m\u00e9rett\u00e1bl\u00e1zatot k\u00fcld\u00fcnk.<\/p>\n<p><strong>20. Kaphatok term\u00e9kkatal\u00f3gust?<\/strong><br \/>Term\u00e9szetesen. Term\u00e9kv\u00e1laszt\u00e9kunk sz\u00e9lesk\u00f6r\u0171. K\u00e9rj\u00fck, ossza meg vel\u00fcnk konkr\u00e9t ig\u00e9nyeit, \u00e9s mi c\u00e9lzott katal\u00f3gust k\u00e9sz\u00edt\u00fcnk \u00d6nnek.<\/p>\n<p><strong>21. Milyen anyagokat haszn\u00e1lnak a gy\u00e1rt\u00e1shoz?<\/strong><br \/>A gy\u00e1rt\u00e1shoz kiv\u00e1l\u00f3 min\u0151s\u00e9g\u0171 anyagokat haszn\u00e1lunk, amelyek term\u00e9kkateg\u00f3ri\u00e1nk\u00e9nt v\u00e1ltoznak. K\u00e9rj\u00fck, ossza meg vel\u00fcnk ig\u00e9nyeit, \u00e9s mi r\u00e9szletes t\u00e1j\u00e9koztat\u00e1st adunk.<\/p>\n<p><strong>22. Mi a k\u00fcl\u00f6nbs\u00e9g a pelenk\u00e1k, a tr\u00e9ningnadr\u00e1gok \u00e9s a minden egyben nadr\u00e1gok k\u00f6z\u00f6tt?<\/strong><br \/>R\u00e9szletes \u00f6sszehasonl\u00edt\u00f3 k\u00e9peket \u00e9s vide\u00f3kat biztos\u00edtunk, hogy seg\u00edts\u00fcnk meg\u00e9rteni a k\u00fcl\u00f6nb\u00f6z\u0151 term\u00e9kek jellemz\u0151it \u00e9s alkalmaz\u00e1si ter\u00fcleteit.<\/p>\n<p><strong>23. Visszak\u00fcldhetem a term\u00e9keket, ha min\u0151s\u00e9gi probl\u00e9m\u00e1k mer\u00fclnek fel?<\/strong><br \/>Szigor\u00fa min\u0151s\u00e9gellen\u0151rz\u00e9si rendszerrel rendelkez\u00fcnk, t\u00f6bbsz\u00f6r\u00f6s ellen\u0151rz\u00e9ssel a nyersanyagokt\u00f3l a k\u00e9szterm\u00e9kekig. Ha b\u00e1rmilyen min\u0151s\u00e9gi probl\u00e9m\u00e1val tal\u00e1lkozik, k\u00e9rj\u00fck, l\u00e9pjen kapcsolatba vel\u00fcnk, \u00e9s mi megfelel\u0151 megold\u00e1sokat k\u00edn\u00e1lunk.<\/p>\n<p><strong>24. Hogyan biztos\u00edtja az \u00e9rt\u00e9kes\u00edt\u00e9s ut\u00e1ni szolg\u00e1ltat\u00e1st?<\/strong><br \/>Professzion\u00e1lis \u00e9rt\u00e9kes\u00edt\u00e9s ut\u00e1ni csapatunk k\u00e9szen \u00e1ll arra, hogy seg\u00edtse az \u00fcgyfeleket \u00e9s biztos\u00edtsa az el\u00e9gedetts\u00e9get.<\/p>\n<p><strong>25. Mi az OEM gy\u00e1rt\u00e1si folyamat?<\/strong><br \/>Az OEM-folyamat a k\u00f6vetkez\u0151ket foglalja mag\u00e1ban: tervez\u00e9si tervezet \u2192 lemezk\u00e9sz\u00edt\u00e9s \u2192 mintav\u00e9tel \u2192 meger\u0151s\u00edt\u00e9s \u2192 gy\u00e1rt\u00e1s. Az id\u0151ciklus a term\u00e9kkateg\u00f3ri\u00e1t\u00f3l f\u00fcgg.<\/p>\n<p><strong>26. Hogyan sz\u00e1m\u00edtj\u00e1k ki az OEM-k\u00f6lts\u00e9geket?<\/strong><br \/>Az OEM k\u00f6lts\u00e9gek magukban foglalj\u00e1k a tervez\u00e9si tervezeteket (ingyenes), a t\u00e1skalemez d\u00edjakat + kauci\u00f3t, az anyaglemez d\u00edjakat + kauci\u00f3t, \u00e9s az 100% OEM gy\u00e1rt\u00e1si k\u00f6lts\u00e9geket.<\/p>\n<p><strong>28. Mi a v\u00e1llalatuk j\u00f6v\u0151beni ir\u00e1nya?<\/strong><br \/>Elk\u00f6telezettek vagyunk amellett, hogy magas min\u0151s\u00e9g\u0171, k\u00f6lts\u00e9ghat\u00e9kony term\u00e9keket k\u00edn\u00e1ljunk az anya- \u00e9s gyermekgondoz\u00e1si \u00e1gazatban, \u00e9s az \u00fcgyfelekkel egy\u00fcttm\u0171k\u00f6dve nagyobb piaci r\u00e9szesed\u00e9st \u00e9rj\u00fcnk el.<\/p>\n<p><strong>29. Nagyobb megrendel\u00e9sek eset\u00e9n adnak kedvezm\u00e9nyeket?<\/strong><br \/>A megrendelt mennyis\u00e9g alapj\u00e1n kedvezm\u00e9nyeket biztos\u00edtunk. K\u00e9rj\u00fck, ossza meg vel\u00fcnk konkr\u00e9t ig\u00e9nyeit, \u00e9s mi aj\u00e1nd\u00e9kokat vagy pr\u00f3bacsomagokat alkalmazunk az \u00d6n sz\u00e1m\u00e1ra.<\/p>\n<p><strong>30. Kezd\u0151 vagyok. Hogyan adhatok le rendel\u00e9st?<\/strong><br \/>K\u00e9rj\u00fck, ossza meg vel\u00fcnk term\u00e9kig\u00e9ny\u00e9t, piaci helyzet\u00e9t \u00e9s \u00e9rt\u00e9kes\u00edt\u00e9si csatorn\u00e1it, \u00e9s mi v\u00e9gigvezetj\u00fck \u00d6nt a rendel\u00e9si folyamaton. Import\u00fcgyekben seg\u00edt\u00fcnk \u00d6nnek a szakmai \u00fcgyn\u00f6ks\u00e9gekkel val\u00f3 kapcsolatfelv\u00e9telben.<\/p>\n<p><strong>31. Mi\u00e9rt ingadoznak az \u00e1rai?<\/strong><br \/>Olyan t\u00e9nyez\u0151k miatt, mint az \u00e1rfolyamok \u00e9s a nyersanyag\u00e1rak ingadoz\u00e1sa, az \u00e1rakat negyed\u00e9vente m\u00f3dos\u00edtjuk. A v\u00e1s\u00e1rl\u00f3i \u00e9rdekek v\u00e9delme \u00e9rdek\u00e9ben t\u00f6reksz\u00fcnk az \u00e1rstabilit\u00e1s fenntart\u00e1s\u00e1ra.<\/p>\n<p><strong>32. Mi a k\u00fcl\u00f6nbs\u00e9g BB Kitty \u00e9s Little Journey k\u00f6z\u00f6tt?<\/strong><br \/>A k\u00e9t m\u00e1rka elt\u00e9r\u0151 poz\u00edcion\u00e1l\u00e1ssal \u00e9s term\u00e9kkonfigur\u00e1ci\u00f3val rendelkezik. K\u00e9rj\u00fck, ossza meg vel\u00fcnk az \u00d6n piac\u00e1t \u00e9s k\u00f6lts\u00e9gvet\u00e9s\u00e9t, \u00e9s mi aj\u00e1nlunk \u00d6nnek megfelel\u0151 term\u00e9keket.<\/p>\n<p><strong>33. Kezdhetem egy kis megrendel\u00e9ssel?<\/strong><br \/>Kezdetben kis mennyis\u00e9gben v\u00e1s\u00e1rolhat saj\u00e1t m\u00e1rk\u00e1s term\u00e9keinkb\u0151l, hogy tesztelje a piacot \u00e9s minimaliz\u00e1lja a kock\u00e1zatot.<\/p>\n<p><strong>34. M\u00f3dos\u00edthatom a megl\u00e9v\u0151 csomagol\u00e1st?<\/strong><br \/>A saj\u00e1t tulajdon\u00fa m\u00e1rk\u00e1k csomagol\u00e1sa nem m\u00f3dos\u00edthat\u00f3. Ha egyedi csomagol\u00e1sra van sz\u00fcks\u00e9ge, azt az \u00d6n tervei szerint is elk\u00e9sz\u00edthetj\u00fck, felt\u00e9ve, hogy az nem s\u00e9rti a m\u00e1rkajogainkat.<\/p>\n<p><strong>35. Hogyan v\u00e1lhatok kiz\u00e1r\u00f3lagos forgalmaz\u00f3v\u00e1?<\/strong><br \/>A forgalmaz\u00e1si r\u00e9gi\u00f3kat a piaci kereslet \u00e9s a forgalmaz\u00f3i k\u00e9pess\u00e9gek alapj\u00e1n osztjuk ki. Ha \u00d6n kiz\u00e1r\u00f3lagos forgalmaz\u00f3 szeretne lenni, k\u00e9rj\u00fck, besz\u00e9lje meg vel\u00fcnk r\u00e9szletesen.<\/p>\n<p><strong>36. Mi\u00e9rt k\u00fcl\u00f6nb\u00f6zik a c\u00e9g c\u00edme a tan\u00fas\u00edtv\u00e1ny c\u00edm\u00e9t\u0151l?<\/strong><br \/>Integr\u00e1lt gy\u00e1rt\u00f3 \u00e9s kereskedelmi v\u00e1llalkoz\u00e1s vagyunk. A tan\u00fas\u00edtv\u00e1ny c\u00edme a gy\u00e1r c\u00edme, m\u00edg a c\u00e9g c\u00edme az iroda c\u00edme.<\/p>\n<p><strong>37. Vannak olcs\u00f3bb pelenk\u00e1k?<\/strong><br \/>Az \u00d6n k\u00f6lts\u00e9gvet\u00e9se alapj\u00e1n megfelel\u0151 term\u00e9kkonfigur\u00e1ci\u00f3kat tudunk aj\u00e1nlani. K\u00e9rj\u00fck, ossza meg vel\u00fcnk ig\u00e9nyeit, \u00e9s mi a legjobb megold\u00e1st k\u00edn\u00e1ljuk.<\/p>\n<p><strong>39. Korl\u00e1tozott a term\u00e9kk\u00edn\u00e1lat?<\/strong><br \/>Fokozatosan b\u0151v\u00edtj\u00fck term\u00e9kcsal\u00e1dunkat, t\u00f6bb term\u00e9ket fejleszt\u00fcnk ki az anya- \u00e9s gyermekgondoz\u00e1si piacra. K\u00f6sz\u00f6nj\u00fck t\u00fcrelm\u00e9t.<\/p>\n<p><strong>42. Mik a sz\u00e1ll\u00edt\u00e1si hat\u00e1rid\u0151k \u00e9s a fizet\u00e9si felt\u00e9telek?<\/strong><br \/>A sz\u00e1ll\u00edt\u00e1si hat\u00e1rid\u0151k term\u00e9kkateg\u00f3ri\u00e1nk\u00e9nt v\u00e1ltoznak, a fizet\u00e9si felt\u00e9telek: 30% el\u0151leg + 70% egyenleg (sz\u00e1ll\u00edt\u00e1s el\u0151tt fizetend\u0151). Seg\u00edts\u00e9get tudunk ny\u00fajtani a sz\u00e1ll\u00edtm\u00e1nyoz\u00f3kkal val\u00f3 kapcsolatfelv\u00e9telben.<\/p>\n<p><strong>43. Mi\u00e9rt magas a MOQ?<\/strong><br \/>A MOQ megfelel az ipari szabv\u00e1nyoknak. Ha rakt\u00e1rk\u00e9szleten l\u00e9v\u0151 term\u00e9keket v\u00e1s\u00e1rol, nincs MOQ k\u00f6vetelm\u00e9ny.<\/p>\n<p><strong>44. Mi\u00e9rt magasabb az EXW \u00e1r, mint a FOB \u00e1r?<\/strong><br \/>FOB-\u00e1rakat k\u00edn\u00e1lunk a nemzeti exportpolitik\u00e1k alapj\u00e1n, lehet\u0151v\u00e9 t\u00e9ve az \u00fcgyfelek sz\u00e1m\u00e1ra az ad\u00f3kedvezm\u00e9nyek ig\u00e9nybev\u00e9tel\u00e9t.<\/p>\n<p><strong>45. Korl\u00e1tozott p\u00e9nzeszk\u00f6z\u00f6kkel rendelkezem, de szeretn\u00e9m testre szabni a m\u00e1rk\u00e1mat. B\u00e1rmilyen javaslat?<\/strong><br \/>Javasoljuk, hogy a saj\u00e1t tulajdon\u00fa m\u00e1rk\u00e1kkal kezdje a piac tesztel\u00e9s\u00e9t. Amint az \u00e9rt\u00e9kes\u00edt\u00e9si csatorn\u00e1k kialakultak, megfontolhatja a m\u00e1rka testreszab\u00e1s\u00e1t.<\/p>\n<p><strong>46. Mi\u00e9rt magasak a pen\u00e9szd\u00edjak?<\/strong><br \/>A precizit\u00e1st \u00e9s a nyomtat\u00e1si min\u0151s\u00e9get helyezz\u00fck el\u0151t\u00e9rbe, biztos\u00edtva, hogy a term\u00e9kek megfeleljenek az \u00fcgyfelek tervez\u00e9si szabv\u00e1nyainak.<\/p>\n<p><strong>47. Mi a mintav\u00e9teli elj\u00e1r\u00e1s \u00e9s annak k\u00f6lts\u00e9ge?<\/strong><br \/>A mintav\u00e9tel \u00e1ra 5000 RMB, a MOQ 200 darab (egysz\u00edn\u0171 feh\u00e9r, egy m\u00e9ret).<\/p>\n<p><strong>48. Mi a k\u00fcl\u00f6nbs\u00e9g a kartoncsomagol\u00e1s \u00e9s az \u00e1tl\u00e1tsz\u00f3 zacsk\u00f3s csomagol\u00e1s k\u00f6z\u00f6tt?<\/strong><br \/>A kartoncsomagol\u00e1s helyet takar\u00edt meg, cs\u00f6kkentve a sz\u00e1ll\u00edt\u00e1si k\u00f6lts\u00e9geket.<\/p>\n<p><strong>49. Adnak-e rekl\u00e1mt\u00e1mogat\u00e1st?<\/strong><br \/>Online \u00e9s offline rekl\u00e1mt\u00e1mogat\u00e1st k\u00edn\u00e1lunk, bele\u00e9rtve a f\u00fcggetlen honlapok prom\u00f3ci\u00f3it \u00e9s a forgalmaz\u00f3i rendezv\u00e9nyeket.<\/p>\n<p><strong>50. Mikor kezdhetek el profitot termelni forgalmaz\u00f3k\u00e9nt?<\/strong><br \/>M\u00e1r az els\u0151 megrendel\u00e9st\u0151l kezdve profitot kereshet. Az \u00e9rt\u00e9kes\u00edt\u00e9si teljes\u00edtm\u00e9ny alapj\u00e1n hirdet\u00e9si t\u00e1mogat\u00e1st biztos\u00edtunk.<\/p>\n<p><strong>51. Visszavihetem a term\u00e9keket, ha nem fogynak?<\/strong><br \/>Nem fogadunk vissza, de seg\u00edthet\u00fcnk \u00d6nnek abban, hogy kapcsolatba l\u00e9pjen m\u00e1s \u00fcgyfelekkel a term\u00e9kek tov\u00e1bb\u00e9rt\u00e9kes\u00edt\u00e9se \u00e9rdek\u00e9ben.<\/p>\n<p><strong>52. K\u00edn\u00e1lnak jutal\u00e9kot az \u00fcgyfeleket aj\u00e1nl\u00f3 \u00fcgyfeleknek?<\/strong><br \/>Igen, az els\u0151 megrendel\u00e9s ut\u00e1n 1% jutal\u00e9kot kaphat, amelyet \u00e1ltal\u00e1ban a k\u00e9s\u0151bbi megrendel\u00e9sekn\u00e9l kedvezm\u00e9nyk\u00e9nt \u00edrnak j\u00f3v\u00e1.<\/p>\n<p><strong>53. Kaphatok hitelfelt\u00e9teleket?<\/strong><br \/>Fizet\u00e9si felt\u00e9teleink 30% foglal\u00f3 + 70% egyenleg, amelyet minden \u00fcgyf\u00e9lre egyform\u00e1n alkalmazunk.<\/p>\n<p><strong>54. Mikor ker\u00fclnek piacra \u00faj term\u00e9kek?<\/strong><br \/>\u00daj term\u00e9keket fejleszt\u00fcnk ki a piaci kereslet alapj\u00e1n. K\u00e9rj\u00fck, ossza meg vel\u00fcnk ig\u00e9nyeit, \u00e9s mi a lehet\u0151 leghamarabb term\u00e9kinform\u00e1ci\u00f3kkal szolg\u00e1lunk.<\/p>\n<p><strong>57. Mik a term\u00e9keinek \u00e9rt\u00e9kes\u00edt\u00e9si pontjai?<\/strong><\/p>\n<ul>\n<li>\n<p>BB Kitty: Nagy nedvsz\u00edv\u00f3 k\u00e9pess\u00e9g.<\/p>\n<\/li>\n<li>\n<p>Kis utaz\u00e1s: Ultra-v\u00e9kony \u00e9s ultra-puha.<\/p>\n<\/li>\n<li>\n<p>Egy\u00e9b piaci aj\u00e1nl\u00e1sok\u00e9rt k\u00e9rj\u00fck, forduljon hozz\u00e1nk.<\/p>\n<\/li>\n<\/ul>\n<p>Ha b\u00e1rmilyen m\u00e1s k\u00e9rd\u00e9se van, forduljon hozz\u00e1nk bizalommal!<\/p>\t\t\t\t\t\t\t\t<\/div>\n\t\t\t\t\t<\/div>\n\t\t\t\t<\/div>\n\t\t\t\t<\/div>","protected":false},"excerpt":{"rendered":"<p>FAQ 1. Are you a factory? We are an integrated manufacturing and trading enterprise with 12 years of production experience [&hellip;]<\/p>","protected":false},"author":3,"featured_media":93792,"parent":0,"menu_order":0,"comment_status":"closed","ping_status":"closed","template":"","meta":{"site-sidebar-layout":"default","site-content-layout":"","ast-site-content-layout":"","site-content-style":"default","site-sidebar-style":"default","ast-global-header-display":"","ast-banner-title-visibility":"","ast-main-header-display":"","ast-hfb-above-header-display":"","ast-hfb-below-header-display":"","ast-hfb-mobile-header-display":"","site-post-title":"","ast-breadcrumbs-content":"","ast-featured-img":"","footer-sml-layout":"","theme-transparent-header-meta":"","adv-header-id-meta":"","stick-header-meta":"","header-above-stick-meta":"","header-main-stick-meta":"","header-below-stick-meta":"","astra-migrate-meta-layouts":"default","ast-page-background-enabled":"default","ast-page-background-meta":{"desktop":{"background-color":"var(--ast-global-color-4)","background-image":"","background-repeat":"repeat","background-position":"center center","background-size":"auto","background-attachment":"scroll","background-type":"","background-media":"","overlay-type":"","overlay-color":"","overlay-opacity":"","overlay-gradient":""},"tablet":{"background-color":"","background-image":"","background-repeat":"repeat","background-position":"center center","background-size":"auto","background-attachment":"scroll","background-type":"","background-media":"","overlay-type":"","overlay-color":"","overlay-opacity":"","overlay-gradient":""},"mobile":{"background-color":"","background-image":"","background-repeat":"repeat","background-position":"center center","background-size":"auto","background-attachment":"scroll","background-type":"","background-media":"","overlay-type":"","overlay-color":"","overlay-opacity":"","overlay-gradient":""}},"ast-content-background-meta":{"desktop":{"background-color":"var(--ast-global-color-5)","background-image":"","background-repeat":"repeat","background-position":"center center","background-size":"auto","background-attachment":"scroll","background-type":"","background-media":"","overlay-type":"","overlay-color":"","overlay-opacity":"","overlay-gradient":""},"tablet":{"background-color":"var(--ast-global-color-5)","background-image":"","background-repeat":"repeat","background-position":"center center","background-size":"auto","background-attachment":"scroll","background-type":"","background-media":"","overlay-type":"","overlay-color":"","overlay-opacity":"","overlay-gradient":""},"mobile":{"background-color":"var(--ast-global-color-5)","background-image":"","background-repeat":"repeat","background-position":"center center","background-size":"auto","background-attachment":"scroll","background-type":"","background-media":"","overlay-type":"","overlay-color":"","overlay-opacity":"","overlay-gradient":""}},"footnotes":""},"class_list":["post-95896","page","type-page","status-publish","has-post-thumbnail","hentry"],"_links":{"self":[{"href":"https:\/\/bbkitty.com\/hu\/wp-json\/wp\/v2\/pages\/95896","targetHints":{"allow":["GET"]}}],"collection":[{"href":"https:\/\/bbkitty.com\/hu\/wp-json\/wp\/v2\/pages"}],"about":[{"href":"https:\/\/bbkitty.com\/hu\/wp-json\/wp\/v2\/types\/page"}],"author":[{"embeddable":true,"href":"https:\/\/bbkitty.com\/hu\/wp-json\/wp\/v2\/users\/3"}],"replies":[{"embeddable":true,"href":"https:\/\/bbkitty.com\/hu\/wp-json\/wp\/v2\/comments?post=95896"}],"version-history":[{"count":0,"href":"https:\/\/bbkitty.com\/hu\/wp-json\/wp\/v2\/pages\/95896\/revisions"}],"wp:featuredmedia":[{"embeddable":true,"href":"https:\/\/bbkitty.com\/hu\/wp-json\/wp\/v2\/media\/93792"}],"wp:attachment":[{"href":"https:\/\/bbkitty.com\/hu\/wp-json\/wp\/v2\/media?parent=95896"}],"curies":[{"name":"wp","href":"https:\/\/api.w.org\/{rel}","templated":true}]}}