{"id":90634,"date":"2024-01-22T02:02:16","date_gmt":"2024-01-22T02:02:16","guid":{"rendered":"https:\/\/bbkittyshop.com\/?page_id=90634"},"modified":"2025-01-02T01:50:04","modified_gmt":"2025-01-02T01:50:04","slug":"senstive-series","status":"publish","type":"page","link":"https:\/\/bbkitty.com\/fi\/senstive-series\/","title":{"rendered":"Senstive-sarja"},"content":{"rendered":"<div data-elementor-type=\"wp-page\" data-elementor-id=\"90634\" class=\"elementor elementor-90634\" data-elementor-post-type=\"page\">\n\t\t\t\t<div class=\"elementor-element elementor-element-c00cafa e-con-full e-flex e-con e-parent\" data-id=\"c00cafa\" data-element_type=\"container\">\n\t\t<div class=\"elementor-element elementor-element-f5aaaf3 e-flex e-con-boxed e-con e-child\" data-id=\"f5aaaf3\" data-element_type=\"container\">\n\t\t\t\t\t<div class=\"e-con-inner\">\n\t\t\t\t<div class=\"elementor-element elementor-element-482089f elementor-widget__width-inherit elementor-widget elementor-widget-shortcode\" data-id=\"482089f\" data-element_type=\"widget\" data-widget_type=\"shortcode.default\">\n\t\t\t\t\t\t\t<div class=\"elementor-shortcode\">\n\t\t\t<!-- START BB Kitty Classic REVOLUTION SLIDER 6.7.34 --><p class=\"rs-p-wp-fix\"><\/p>\n\t\t\t<rs-module-wrap id=\"rev_slider_5_1_wrapper\" data-source=\"gallery\" style=\"visibility:hidden;background:#000000;padding:0;\">\n\t\t\t\t<rs-module id=\"rev_slider_5_1\" class=\"rs-respect-topbar\" style=\"\" data-version=\"6.7.34\">\n\t\t\t\t\t<rs-slides style=\"overflow: hidden; position: absolute;\">\n\t\t\t\t\t\t<rs-slide style=\"position: absolute;\" data-key=\"rs-12\" data-title=\"BB Kitty\" data-thumb=\"\/\/bbkitty.com\/wp-content\/uploads\/2023\/12\/1-1-140x140.jpg\" data-in=\"o:0;\" data-out=\"a:false;\" data-p1=\"True Strength\" data-iratio=\"1.49945\">\n\t\t\t\t\t\t\t<img fetchpriority=\"high\" decoding=\"async\" src=\"\/\/bbkitty.com\/wp-content\/plugins\/revslider\/sr6\/assets\/assets\/dummy.png\" alt=\"\" title=\"1-1\" width=\"1366\" height=\"911\" class=\"rev-slidebg tp-rs-img rs-lazyload\" data-lazyload=\"\/\/bbkitty.com\/wp-content\/uploads\/2023\/12\/1-1.jpg\" data-parallax=\"off\" data-no-retina>\n<!--\n\t\t\t\t\t\t\t--><rs-group\n\t\t\t\t\t\t\t\tid=\"slider-5-slide-12-layer-8\" \n\t\t\t\t\t\t\t\tclass=\"rs-noevents rs-pxl-4 rs-on-car\"\n\t\t\t\t\t\t\t\tdata-type=\"group\"\n\t\t\t\t\t\t\t\tdata-rsp_ch=\"on\"\n\t\t\t\t\t\t\t\tdata-xy=\"x:c;y:m;\"\n\t\t\t\t\t\t\t\tdata-text=\"w:normal;s:20,20,17,17;l:0,0,21,21;\"\n\t\t\t\t\t\t\t\tdata-dim=\"w:880px,80%,80%,90%;\"\n\t\t\t\t\t\t\t\tdata-frame_0=\"x:50,50,43,43;\"\n\t\t\t\t\t\t\t\tdata-frame_1=\"e:power2.inOut;sp:1000;\"\n\t\t\t\t\t\t\t\tdata-frame_999=\"o:0;st:w;sR:8000;sA:9000;\"\n\t\t\t\t\t\t\t\tstyle=\"z-index:7;\"\n\t\t\t\t\t\t\t><!--\n\t\t\t\t\t\t\t\t--><h2\n\t\t\t\t\t\t\t\t\tid=\"slider-5-slide-12-layer-3\" \n\t\t\t\t\t\t\t\t\tclass=\"rs-layer rs-noevents rs-on-car\"\n\t\t\t\t\t\t\t\t\tdata-type=\"text\"\n\t\t\t\t\t\t\t\t\tdata-color=\"#063a5e\"\n\t\t\t\t\t\t\t\t\tdata-rsp_ch=\"on\"\n\t\t\t\t\t\t\t\t\tdata-xy=\"yo:262px,262px,229px,229px;\"\n\t\t\t\t\t\t\t\t\tdata-pos=\"r\"\n\t\t\t\t\t\t\t\t\tdata-text=\"w:normal;s:100,100,90,60;l:80,80,69,50;fw:800;\"\n\t\t\t\t\t\t\t\t\tdata-dim=\"w:100%;\"\n\t\t\t\t\t\t\t\t\tdata-frame_0=\"o:1;\"\n\t\t\t\t\t\t\t\t\tdata-frame_999=\"o:0;st:w;sR:8700;\"\n\t\t\t\t\t\t\t\t\tstyle=\"z-index:8;font-family:'Inter Tight';\"\n\t\t\t\t\t\t\t\t>BB Kitty Classic \n\t\t\t\t\t\t\t\t<\/h2><!--\n\n\t\t\t\t\t\t\t\t--><p\n\t\t\t\t\t\t\t\t\tid=\"slider-5-slide-12-layer-1\" \n\t\t\t\t\t\t\t\t\tclass=\"rs-layer rs-noevents rs-on-car\"\n\t\t\t\t\t\t\t\t\tdata-type=\"text\"\n\t\t\t\t\t\t\t\t\tdata-color=\"#6b6d75\"\n\t\t\t\t\t\t\t\t\tdata-rsp_ch=\"on\"\n\t\t\t\t\t\t\t\t\tdata-xy=\"y:m;\"\n\t\t\t\t\t\t\t\t\tdata-pos=\"r\"\n\t\t\t\t\t\t\t\t\tdata-text=\"w:normal;s:20,20,17,17;l:30,30,26,22;fw:300;\"\n\t\t\t\t\t\t\t\t\tdata-dim=\"w:582px,582px,65%,65%;\"\n\t\t\t\t\t\t\t\t\tdata-margin=\"t:30;\"\n\t\t\t\t\t\t\t\t\tdata-frame_0=\"o:1;\"\n\t\t\t\t\t\t\t\t\tdata-frame_999=\"o:0;st:w;sR:8700;\"\n\t\t\t\t\t\t\t\t\tstyle=\"z-index:7;font-family:'Inter Tight';\"\n\t\t\t\t\t\t\t\t>\"Eritt\u00e4in pehme\u00e4, tiivis ja suunniteltu mukavuutta varten. Vauvavaippamme tarjoavat koko p\u00e4iv\u00e4n kuivuutta ja suojaa, mik\u00e4 takaa onnelliset vauvat ja rauhalliset hetket.  \n\t\t\t\t\t\t\t\t<\/p><!--\n\n\t\t\t\t\t\t\t\t--><rs-layer\n\t\t\t\t\t\t\t\t\tid=\"slider-5-slide-12-layer-11\" \n\t\t\t\t\t\t\t\t\tclass=\"rev-btn rs-on-car\"\n\t\t\t\t\t\t\t\t\tdata-type=\"button\"\n\t\t\t\t\t\t\t\t\tdata-rsp_ch=\"on\"\n\t\t\t\t\t\t\t\t\tdata-xy=\"xo:50px,50px,43px,43px;yo:50px,50px,43px,43px;\"\n\t\t\t\t\t\t\t\t\tdata-pos=\"r\"\n\t\t\t\t\t\t\t\t\tdata-text=\"w:normal;s:18,18,15,15;l:30,30,26,26;fw:700;\"\n\t\t\t\t\t\t\t\t\tdata-dim=\"minh:0px,none,none,none;\"\n\t\t\t\t\t\t\t\t\tdata-actions='o:click;a:jumptoslide;slide:next;'\n\t\t\t\t\t\t\t\t\tdata-disp=\"inline-block\"\n\t\t\t\t\t\t\t\t\tdata-margin=\"t:50,50,50,40;\"\n\t\t\t\t\t\t\t\t\tdata-padding=\"t:15,15,10,10;r:50,50,40,40;b:15,15,10,10;l:50,50,40,40;\"\n\t\t\t\t\t\t\t\t\tdata-border=\"bor:4px,4px,4px,4px;\"\n\t\t\t\t\t\t\t\t\tdata-frame_0=\"o:1;\"\n\t\t\t\t\t\t\t\t\tdata-frame_1=\"x:-1px,-1px,0px,0px;y:-1px,-1px,0px,0px;\"\n\t\t\t\t\t\t\t\t\tdata-frame_999=\"o:0;st:w;sR:8700;\"\n\t\t\t\t\t\t\t\t\tdata-frame_hover=\"sX:1.05;sY:1.05;c:#000;bgc:#fff;bor:0px,0px,0px,0px;e:sine.inOut;\"\n\t\t\t\t\t\t\t\t\tstyle=\"z-index:6;background-color:#003c54;font-family:'Inter Tight';display:inline-block;\"\n\t\t\t\t\t\t\t\t>Syntynyt vauvaa varten \n\t\t\t\t\t\t\t\t<\/rs-layer><!--\n\t\t\t\t\t\t\t--><\/rs-group><!--\n\n\t\t\t\t\t\t\t--><rs-layer\n\t\t\t\t\t\t\t\tid=\"slider-5-slide-12-layer-0\" \n\t\t\t\t\t\t\t\tclass=\"tp-shape tp-shapewrapper tp-thecluster rs-noevents\"\n\t\t\t\t\t\t\t\tdata-type=\"shape\"\n\t\t\t\t\t\t\t\tdata-rsp_ch=\"on\"\n\t\t\t\t\t\t\t\tdata-text=\"w:normal;s:20,20,17,17;l:0,0,21,21;\"\n\t\t\t\t\t\t\t\tdata-dim=\"w:100%;h:100%;\"\n\t\t\t\t\t\t\t\tdata-frame_999=\"o:0;st:w;sR:8700;\"\n\t\t\t\t\t\t\t\t data-clusterdata='ms:3%;mi:10;ma:500;sf:random3D;mc:random;mn:1;mf:282;sz:15;mm:100;mm2:100;mm3:100;g1X:-10;g2X:0;g3X:10;sIX:0;sIY:0;sVX:0;sVY:16;sVZ:20;pc:linear-gradient(170deg, rgba(0,0,0,1) 0%, rgba(226,0,0,1) 50%, rgba(232,170,0,1) 100%);pin:25%;pax:100%;cim:1%;aniX:-6;aniY:9;aniZ:7;mps:lifetime;ld:2;mg:1;mp1:xy;mp2:xy;mp3:xy;msp:;msv:1;ifm:indivRota;ifr:5;vbr:;vmi:3;vma:9;'\n\t\t\t\t\t\t\t\tstyle=\"z-index:6;background-color:rgba(0,0,0,0.0);\"\n\t\t\t\t\t\t\t><rs-bg-elem style=\"background: url('\/\/xiaomiaustralia.com.au\/wp-content\/uploads\/2023\/12\/young-mom-gentle-putting-diaper-one-years-old-little-son-with-her-tender-hands-before-going-out-walk-park-with-her-husband-spending-special-time-with-family-family-concept-scaled.jpg') no-repeat center center; background-size: cover;\"><\/rs-bg-elem>\n \n\t\t\t\t\t\t\t<\/rs-layer><!--\n-->\t\t\t\t\t<\/rs-slide>\n\t\t\t\t\t\t<rs-slide style=\"position: absolute;\" data-key=\"rs-13\" data-title=\"Sensitive\" data-thumb=\"\/\/bbkitty.com\/wp-content\/uploads\/2023\/12\/3-140x140.jpg\" data-in=\"o:0;\" data-out=\"a:false;\" data-p1=\"Challenge Yourself\" data-iratio=\"1.49945\">\n\t\t\t\t\t\t\t<img decoding=\"async\" src=\"\/\/bbkitty.com\/wp-content\/plugins\/revslider\/sr6\/assets\/assets\/dummy.png\" alt=\"\" title=\"3\" width=\"1366\" height=\"911\" class=\"rev-slidebg tp-rs-img rs-lazyload\" data-lazyload=\"\/\/bbkitty.com\/wp-content\/uploads\/2023\/12\/3.jpg\" data-parallax=\"off\" data-no-retina>\n<!--\n\t\t\t\t\t\t\t--><rs-group\n\t\t\t\t\t\t\t\tid=\"slider-5-slide-13-layer-7\" \n\t\t\t\t\t\t\t\tclass=\"rs-noevents rs-pxl-4 rs-on-car\"\n\t\t\t\t\t\t\t\tdata-type=\"group\"\n\t\t\t\t\t\t\t\tdata-rsp_ch=\"on\"\n\t\t\t\t\t\t\t\tdata-xy=\"x:c;y:m;\"\n\t\t\t\t\t\t\t\tdata-text=\"w:normal;s:20,20,17,17;l:0,0,21,21;\"\n\t\t\t\t\t\t\t\tdata-dim=\"w:880px,80%,80%,90%;\"\n\t\t\t\t\t\t\t\tdata-frame_0=\"x:50,50,43,43;\"\n\t\t\t\t\t\t\t\tdata-frame_1=\"e:power2.inOut;sp:1000;\"\n\t\t\t\t\t\t\t\tdata-frame_999=\"o:0;st:w;sR:8000;sA:9000;\"\n\t\t\t\t\t\t\t\tstyle=\"z-index:7;\"\n\t\t\t\t\t\t\t><!--\n\t\t\t\t\t\t\t\t--><h2\n\t\t\t\t\t\t\t\t\tid=\"slider-5-slide-13-layer-10\" \n\t\t\t\t\t\t\t\t\tclass=\"rs-layer rs-noevents rs-on-car\"\n\t\t\t\t\t\t\t\t\tdata-type=\"text\"\n\t\t\t\t\t\t\t\t\tdata-rsp_ch=\"on\"\n\t\t\t\t\t\t\t\t\tdata-xy=\"yo:262px,262px,229px,229px;\"\n\t\t\t\t\t\t\t\t\tdata-pos=\"r\"\n\t\t\t\t\t\t\t\t\tdata-text=\"w:normal;s:100,100,90,60;l:80,80,69,50;fw:800;\"\n\t\t\t\t\t\t\t\t\tdata-dim=\"w:100%;\"\n\t\t\t\t\t\t\t\t\tdata-frame_0=\"o:1;\"\n\t\t\t\t\t\t\t\t\tdata-frame_999=\"o:0;st:w;sR:8700;\"\n\t\t\t\t\t\t\t\t\tstyle=\"z-index:8;font-family:'Inter Tight';\"\n\t\t\t\t\t\t\t\t>BB Kitty Sensitive \n\t\t\t\t\t\t\t\t<\/h2><!--\n\n\t\t\t\t\t\t\t\t--><p\n\t\t\t\t\t\t\t\t\tid=\"slider-5-slide-13-layer-9\" \n\t\t\t\t\t\t\t\t\tclass=\"rs-layer rs-noevents rs-on-car\"\n\t\t\t\t\t\t\t\t\tdata-type=\"text\"\n\t\t\t\t\t\t\t\t\tdata-rsp_ch=\"on\"\n\t\t\t\t\t\t\t\t\tdata-xy=\"y:m;\"\n\t\t\t\t\t\t\t\t\tdata-pos=\"r\"\n\t\t\t\t\t\t\t\t\tdata-text=\"w:normal;s:20,20,17,17;l:30,30,26,22;fw:300;\"\n\t\t\t\t\t\t\t\t\tdata-dim=\"w:50%,50%,65%,65%;\"\n\t\t\t\t\t\t\t\t\tdata-margin=\"t:30;\"\n\t\t\t\t\t\t\t\t\tdata-frame_0=\"o:1;\"\n\t\t\t\t\t\t\t\t\tdata-frame_999=\"o:0;st:w;sR:8700;\"\n\t\t\t\t\t\t\t\t\tstyle=\"z-index:7;font-family:'Inter Tight';\"\n\t\t\t\t\t\t\t\t>Kasvaakseen ihmisen on oltava valmis astumaan ulos mukavuusalueeltaan ja kohtaamaan haasteet suoraan. \n\t\t\t\t\t\t\t\t<\/p><!--\n\n\t\t\t\t\t\t\t\t--><rs-layer\n\t\t\t\t\t\t\t\t\tid=\"slider-5-slide-13-layer-12\" \n\t\t\t\t\t\t\t\t\tclass=\"rev-btn rs-on-car\"\n\t\t\t\t\t\t\t\t\tdata-type=\"button\"\n\t\t\t\t\t\t\t\t\tdata-rsp_ch=\"on\"\n\t\t\t\t\t\t\t\t\tdata-xy=\"xo:50px,50px,43px,43px;yo:50px,50px,43px,43px;\"\n\t\t\t\t\t\t\t\t\tdata-pos=\"r\"\n\t\t\t\t\t\t\t\t\tdata-text=\"w:normal;s:18,18,15,15;l:30,30,26,26;fw:700;\"\n\t\t\t\t\t\t\t\t\tdata-dim=\"minh:0px,none,none,none;\"\n\t\t\t\t\t\t\t\t\tdata-actions='o:click;a:jumptoslide;slide:next;'\n\t\t\t\t\t\t\t\t\tdata-disp=\"inline-block\"\n\t\t\t\t\t\t\t\t\tdata-margin=\"t:50,50,50,40;\"\n\t\t\t\t\t\t\t\t\tdata-padding=\"t:15,15,10,10;r:50,50,40,40;b:15,15,10,10;l:50,50,40,40;\"\n\t\t\t\t\t\t\t\t\tdata-border=\"bor:4px,4px,4px,4px;\"\n\t\t\t\t\t\t\t\t\tdata-frame_0=\"o:1;\"\n\t\t\t\t\t\t\t\t\tdata-frame_1=\"x:-1px,-1px,0px,0px;y:-1px,-1px,0px,0px;\"\n\t\t\t\t\t\t\t\t\tdata-frame_999=\"o:0;st:w;sR:8700;\"\n\t\t\t\t\t\t\t\t\tdata-frame_hover=\"sX:1.05;sY:1.05;c:#000;bgc:#fff;bor:0px,0px,0px,0px;e:sine.inOut;\"\n\t\t\t\t\t\t\t\t\tstyle=\"z-index:6;background-color:#003c54;font-family:'Inter Tight';display:inline-block;\"\n\t\t\t\t\t\t\t\t>MUOTOILTU MUKAVUUTTA VARTEN \n\t\t\t\t\t\t\t\t<\/rs-layer><!--\n\t\t\t\t\t\t\t--><\/rs-group><!--\n\n\t\t\t\t\t\t\t--><rs-layer\n\t\t\t\t\t\t\t\tid=\"slider-5-slide-13-layer-6\" \n\t\t\t\t\t\t\t\tclass=\"tp-shape tp-shapewrapper tp-thecluster rs-noevents\"\n\t\t\t\t\t\t\t\tdata-type=\"shape\"\n\t\t\t\t\t\t\t\tdata-rsp_ch=\"on\"\n\t\t\t\t\t\t\t\tdata-text=\"w:normal;s:20,20,17,17;l:0,0,21,21;\"\n\t\t\t\t\t\t\t\tdata-dim=\"w:100%;h:100%;\"\n\t\t\t\t\t\t\t\tdata-frame_1=\"st:500;sR:500;\"\n\t\t\t\t\t\t\t\tdata-frame_999=\"o:0;st:w;sR:8200;\"\n\t\t\t\t\t\t\t\t data-clusterdata='ms:3%;mi:10;ma:500;sf:random3D;mc:random;mn:1;mf:282;sz:15;mm:100;mm2:100;mm3:100;g1X:-10;g2X:0;g3X:10;sIX:0;sIY:0;sVX:0;sVY:16;sVZ:20;pc:linear-gradient(170deg, rgba(0,0,0,1) 0%, rgba(226,0,0,1) 50%, rgba(232,170,0,1) 100%);pin:25%;pax:100%;cim:1%;aniX:-6;aniY:9;aniZ:7;mps:lifetime;ld:2;mg:1;mp1:xy;mp2:xy;mp3:xy;msp:;msv:1;ifm:indivRota;ifr:5;vbr:;vmi:3;vma:9;'\n\t\t\t\t\t\t\t\tstyle=\"z-index:6;background-color:rgba(0,0,0,0.0);\"\n\t\t\t\t\t\t\t><rs-bg-elem style=\"background: url('\/\/bbkitty.com\/wp-content\/uploads\/2023\/12\/3.jpg') no-repeat center center; background-size: cover;\"><\/rs-bg-elem>\n \n\t\t\t\t\t\t\t<\/rs-layer><!--\n-->\t\t\t\t\t<\/rs-slide>\n\t\t\t\t\t\t<rs-slide style=\"position: absolute;\" data-key=\"rs-230\" data-title=\"BB Kitty\" data-thumb=\"\/\/bbkitty.com\/wp-content\/uploads\/2024\/01\/1590-1120-3-140x140.jpg\" data-in=\"o:0;\" data-out=\"a:false;\" data-p1=\"True Strength\" data-iratio=\"1.42045\">\n\t\t\t\t\t\t\t<img decoding=\"async\" src=\"\/\/bbkitty.com\/wp-content\/plugins\/revslider\/sr6\/assets\/assets\/dummy.png\" alt=\"\" title=\"1590-1120-3\" width=\"500\" height=\"352\" class=\"rev-slidebg tp-rs-img rs-lazyload\" data-lazyload=\"\/\/bbkitty.com\/wp-content\/uploads\/2024\/01\/1590-1120-3.jpg\" data-parallax=\"off\" data-no-retina>\n<!--\n\t\t\t\t\t\t\t--><rs-group\n\t\t\t\t\t\t\t\tid=\"slider-5-slide-230-layer-8\" \n\t\t\t\t\t\t\t\tclass=\"rs-noevents rs-pxl-4 rs-on-car\"\n\t\t\t\t\t\t\t\tdata-type=\"group\"\n\t\t\t\t\t\t\t\tdata-rsp_ch=\"on\"\n\t\t\t\t\t\t\t\tdata-xy=\"x:c;xo:-62px,-62px,-54px,-54px;y:m;yo:-165px,-165px,-144px,-144px;\"\n\t\t\t\t\t\t\t\tdata-text=\"w:normal;s:20,20,17,17;l:0,0,21,21;\"\n\t\t\t\t\t\t\t\tdata-dim=\"w:880px,80%,80%,90%;\"\n\t\t\t\t\t\t\t\tdata-frame_0=\"x:50,50,43,43;\"\n\t\t\t\t\t\t\t\tdata-frame_1=\"e:power2.inOut;sp:1000;\"\n\t\t\t\t\t\t\t\tdata-frame_999=\"o:0;st:w;sR:8000;sA:9000;\"\n\t\t\t\t\t\t\t\tstyle=\"z-index:7;\"\n\t\t\t\t\t\t\t><!--\n\t\t\t\t\t\t\t\t--><h2\n\t\t\t\t\t\t\t\t\tid=\"slider-5-slide-230-layer-3\" \n\t\t\t\t\t\t\t\t\tclass=\"rs-layer rs-noevents rs-on-car\"\n\t\t\t\t\t\t\t\t\tdata-type=\"text\"\n\t\t\t\t\t\t\t\t\tdata-rsp_ch=\"on\"\n\t\t\t\t\t\t\t\t\tdata-xy=\"yo:262px,262px,229px,229px;\"\n\t\t\t\t\t\t\t\t\tdata-pos=\"r\"\n\t\t\t\t\t\t\t\t\tdata-text=\"w:normal;s:100,100,90,60;l:80,80,70,50;fw:800;\"\n\t\t\t\t\t\t\t\t\tdata-dim=\"w:100%;\"\n\t\t\t\t\t\t\t\t\tdata-frame_0=\"o:1;\"\n\t\t\t\t\t\t\t\t\tdata-frame_999=\"o:0;st:w;sR:8700;\"\n\t\t\t\t\t\t\t\t\tstyle=\"z-index:8;font-family:'Inter Tight';\"\n\t\t\t\t\t\t\t\t>Takapuoli ei ole \"tukkoinen\" \n\t\t\t\t\t\t\t\t<\/h2><!--\n\n\t\t\t\t\t\t\t\t--><p\n\t\t\t\t\t\t\t\t\tid=\"slider-5-slide-230-layer-1\" \n\t\t\t\t\t\t\t\t\tclass=\"rs-layer rs-noevents rs-on-car\"\n\t\t\t\t\t\t\t\t\tdata-type=\"text\"\n\t\t\t\t\t\t\t\t\tdata-rsp_ch=\"on\"\n\t\t\t\t\t\t\t\t\tdata-xy=\"y:m;\"\n\t\t\t\t\t\t\t\t\tdata-pos=\"r\"\n\t\t\t\t\t\t\t\t\tdata-text=\"w:normal;s:20,20,17,17;l:30,30,26,22;fw:300;\"\n\t\t\t\t\t\t\t\t\tdata-dim=\"w:582px,582px,65%,65%;\"\n\t\t\t\t\t\t\t\t\tdata-margin=\"t:30;\"\n\t\t\t\t\t\t\t\t\tdata-frame_0=\"o:1;\"\n\t\t\t\t\t\t\t\t\tdata-frame_999=\"o:0;st:w;sR:8700;\"\n\t\t\t\t\t\t\t\t\tstyle=\"z-index:7;font-family:'Inter Tight';\"\n\t\t\t\t\t\t\t\t>BB Kitty Baby Pants JUNIOR Syntynyt todellisen \u00e4idin huolenpidolla ja rakkaudella, korkealaatuinen BB Kitty Baby Pants JUNIOR \n\t\t\t\t\t\t\t\t<\/p><!--\n\n\t\t\t\t\t\t\t\t--><rs-layer\n\t\t\t\t\t\t\t\t\tid=\"slider-5-slide-230-layer-11\" \n\t\t\t\t\t\t\t\t\tclass=\"rev-btn rs-on-car\"\n\t\t\t\t\t\t\t\t\tdata-type=\"button\"\n\t\t\t\t\t\t\t\t\tdata-rsp_ch=\"on\"\n\t\t\t\t\t\t\t\t\tdata-xy=\"xo:50px,50px,43px,43px;yo:50px,50px,43px,43px;\"\n\t\t\t\t\t\t\t\t\tdata-pos=\"r\"\n\t\t\t\t\t\t\t\t\tdata-text=\"w:normal;s:18,18,15,15;l:30,30,26,26;fw:700;\"\n\t\t\t\t\t\t\t\t\tdata-dim=\"minh:0px,none,none,none;\"\n\t\t\t\t\t\t\t\t\tdata-actions='o:click;a:jumptoslide;slide:next;'\n\t\t\t\t\t\t\t\t\tdata-disp=\"inline-block\"\n\t\t\t\t\t\t\t\t\tdata-margin=\"t:50,50,50,40;\"\n\t\t\t\t\t\t\t\t\tdata-padding=\"t:15,15,10,10;r:50,50,40,40;b:15,15,10,10;l:50,50,40,40;\"\n\t\t\t\t\t\t\t\t\tdata-border=\"bor:4px,4px,4px,4px;\"\n\t\t\t\t\t\t\t\t\tdata-frame_0=\"o:1;\"\n\t\t\t\t\t\t\t\t\tdata-frame_1=\"x:-1px,-1px,0px,0px;y:-1px,-1px,0px,0px;\"\n\t\t\t\t\t\t\t\t\tdata-frame_999=\"o:0;st:w;sR:8700;\"\n\t\t\t\t\t\t\t\t\tdata-frame_hover=\"sX:1.05;sY:1.05;c:#000;bgc:#fff;bor:0px,0px,0px,0px;e:sine.inOut;\"\n\t\t\t\t\t\t\t\t\tstyle=\"z-index:6;background-color:#003c54;font-family:'Inter Tight';display:inline-block;\"\n\t\t\t\t\t\t\t\t>Syntynyt vauvaa varten \n\t\t\t\t\t\t\t\t<\/rs-layer><!--\n\t\t\t\t\t\t\t--><\/rs-group><!--\n\n\t\t\t\t\t\t\t--><rs-layer\n\t\t\t\t\t\t\t\tid=\"slider-5-slide-230-layer-0\" \n\t\t\t\t\t\t\t\tclass=\"tp-shape tp-shapewrapper tp-thecluster rs-noevents\"\n\t\t\t\t\t\t\t\tdata-type=\"shape\"\n\t\t\t\t\t\t\t\tdata-rsp_ch=\"on\"\n\t\t\t\t\t\t\t\tdata-text=\"w:normal;s:20,20,17,17;l:0,0,21,21;\"\n\t\t\t\t\t\t\t\tdata-dim=\"w:100%;h:100%;\"\n\t\t\t\t\t\t\t\tdata-frame_999=\"o:0;st:w;sR:8700;\"\n\t\t\t\t\t\t\t\t data-clusterdata='ms:3%;mi:10;ma:500;sf:random3D;mc:random;mn:1;mf:282;sz:15;mm:100;mm2:100;mm3:100;g1X:-10;g2X:0;g3X:10;sIX:0;sIY:0;sVX:0;sVY:16;sVZ:20;pc:linear-gradient(170deg, rgba(0,0,0,1) 0%, rgba(226,0,0,1) 50%, rgba(232,170,0,1) 100%);pin:25%;pax:100%;cim:1%;aniX:-6;aniY:9;aniZ:7;mps:lifetime;ld:2;mg:1;mp1:xy;mp2:xy;mp3:xy;msp:;msv:1;ifm:indivRota;ifr:5;vbr:;vmi:3;vma:9;'\n\t\t\t\t\t\t\t\tstyle=\"z-index:6;background-color:rgba(0,0,0,0.0);\"\n\t\t\t\t\t\t\t><rs-bg-elem style=\"background: url('\/\/xiaomiaustralia.com.au\/wp-content\/uploads\/2023\/12\/young-mom-gentle-putting-diaper-one-years-old-little-son-with-her-tender-hands-before-going-out-walk-park-with-her-husband-spending-special-time-with-family-family-concept-scaled.jpg') no-repeat center center; background-size: cover;\"><\/rs-bg-elem>\n \n\t\t\t\t\t\t\t<\/rs-layer><!--\n-->\t\t\t\t\t<\/rs-slide>\n\t\t\t\t\t<\/rs-slides>\n\t\t\t\t\t<rs-static-layers><!--\n\t\t\t\t\t--><\/rs-static-layers>\n\t\t\t\t<\/rs-module>\n\t\t\t\t<script>\n\t\t\t\t\tsetREVStartSize({c: 'rev_slider_5_1',rl:[1240,1024,778,480],el:[800,800,700,320],gw:[1240,1024,778,480],gh:[800,800,700,700],type:'carousel',justify:'true',layout:'fullscreen',offsetContainer:'#masthead',offset:'',mh:\"0\"});if (window.RS_MODULES!==undefined && window.RS_MODULES.modules!==undefined && window.RS_MODULES.modules[\"revslider51\"]!==undefined) {window.RS_MODULES.modules[\"revslider51\"].once = false;window.revapi5 = undefined;if (window.RS_MODULES.checkMinimal!==undefined) window.RS_MODULES.checkMinimal()}\n\t\t\t\t<\/script>\n\t\t\t<\/rs-module-wrap>\n\t\t\t<!-- END REVOLUTION SLIDER -->\n<\/div>\n\t\t\t\t\t\t<\/div>\n\t\t\t\t\t<\/div>\n\t\t\t\t<\/div>\n\t\t\t\t<div class=\"elementor-element elementor-element-1bc466b elementor-widget elementor-widget-video\" data-id=\"1bc466b\" data-element_type=\"widget\" data-settings=\"{&quot;video_type&quot;:&quot;hosted&quot;,&quot;autoplay&quot;:&quot;yes&quot;,&quot;play_on_mobile&quot;:&quot;yes&quot;,&quot;mute&quot;:&quot;yes&quot;,&quot;loop&quot;:&quot;yes&quot;,&quot;controls&quot;:&quot;yes&quot;}\" data-widget_type=\"video.default\">\n\t\t\t\t\t\t\t<div class=\"e-hosted-video elementor-wrapper elementor-open-inline\">\n\t\t\t\t\t<video class=\"elementor-video\" src=\"https:\/\/bbkitty.com\/wp-content\/uploads\/2024\/03\/\u5584\u4e50\u7eb8\u5c3f\u88e4-\u4ea7\u54c1\u8bbe\u8ba1-\u65e0\u5b57\u5e55\u7248.m4v\" autoplay=\"\" loop=\"\" controls=\"\" muted=\"muted\" playsinline=\"\" controlslist=\"nodownload\"><\/video>\n\t\t\t\t<\/div>\n\t\t\t\t\t\t<\/div>\n\t\t\t\t<\/div>\n\t\t<div class=\"elementor-element elementor-element-9bf0402 e-flex e-con-boxed e-con e-parent\" data-id=\"9bf0402\" data-element_type=\"container\">\n\t\t\t\t\t<div class=\"e-con-inner\">\n\t\t\t\t<div class=\"elementor-element elementor-element-ff15b41 elementor-widget elementor-widget-spacer\" data-id=\"ff15b41\" data-element_type=\"widget\" data-widget_type=\"spacer.default\">\n\t\t\t\t\t\t\t<div class=\"elementor-spacer\">\n\t\t\t<div class=\"elementor-spacer-inner\"><\/div>\n\t\t<\/div>\n\t\t\t\t\t\t<\/div>\n\t\t\t\t\t<\/div>\n\t\t\t\t<\/div>\n\t\t<div class=\"elementor-element elementor-element-3d282e4 e-con-full e-flex e-con e-parent\" data-id=\"3d282e4\" data-element_type=\"container\">\n\t\t\t\t<div class=\"elementor-element elementor-element-5b28925 elementor-widget elementor-widget-image\" data-id=\"5b28925\" data-element_type=\"widget\" data-widget_type=\"image.default\">\n\t\t\t\t\t\t\t\t\t\t\t\t\t\t\t<img loading=\"lazy\" decoding=\"async\" width=\"1920\" height=\"1074\" src=\"https:\/\/bbkitty.com\/wp-content\/uploads\/2024\/03\/senstive002.webp\" class=\"attachment-2048x2048 size-2048x2048 wp-image-93699\" alt=\"\" \/>\t\t\t\t\t\t\t\t\t\t\t\t\t\t\t<\/div>\n\t\t\t\t<\/div>\n\t\t<div class=\"elementor-element elementor-element-4800b4c e-flex e-con-boxed e-con e-parent\" data-id=\"4800b4c\" data-element_type=\"container\">\n\t\t\t\t\t<div class=\"e-con-inner\">\n\t\t\t\t<div class=\"elementor-element elementor-element-2b26d2b elementor-widget elementor-widget-spacer\" data-id=\"2b26d2b\" data-element_type=\"widget\" data-widget_type=\"spacer.default\">\n\t\t\t\t\t\t\t<div class=\"elementor-spacer\">\n\t\t\t<div class=\"elementor-spacer-inner\"><\/div>\n\t\t<\/div>\n\t\t\t\t\t\t<\/div>\n\t\t\t\t\t<\/div>\n\t\t\t\t<\/div>\n\t\t<div class=\"elementor-element elementor-element-fda0192 e-con-full e-flex e-con e-parent\" data-id=\"fda0192\" data-element_type=\"container\">\n\t\t\t\t<div class=\"elementor-element elementor-element-153fb06 elementor-widget elementor-widget-image\" data-id=\"153fb06\" data-element_type=\"widget\" data-widget_type=\"image.default\">\n\t\t\t\t\t\t\t\t\t\t\t\t\t\t\t<img loading=\"lazy\" decoding=\"async\" width=\"1001\" height=\"1001\" src=\"https:\/\/bbkitty.com\/wp-content\/uploads\/2024\/03\/senstive03-e1721116624872.webp\" class=\"attachment-2048x2048 size-2048x2048 wp-image-93721\" alt=\"\" \/>\t\t\t\t\t\t\t\t\t\t\t\t\t\t\t<\/div>\n\t\t\t\t<\/div>\n\t\t\t\t<\/div>","protected":false},"excerpt":{"rendered":"<p>https:\/\/bbkitty.com\/wp-content\/uploads\/2024\/03\/\u5584\u4e50\u7eb8\u5c3f\u88e4-\u4ea7\u54c1\u8bbe\u8ba1-\u65e0\u5b57\u5e55\u7248.m4v<\/p>","protected":false},"author":3,"featured_media":0,"parent":0,"menu_order":0,"comment_status":"closed","ping_status":"closed","template":"elementor_header_footer","meta":{"site-sidebar-layout":"no-sidebar","site-content-layout":"","ast-site-content-layout":"full-width-container","site-content-style":"default","site-sidebar-style":"default","ast-global-header-display":"","ast-banner-title-visibility":"","ast-main-header-display":"","ast-hfb-above-header-display":"","ast-hfb-below-header-display":"","ast-hfb-mobile-header-display":"","site-post-title":"","ast-breadcrumbs-content":"","ast-featured-img":"disabled","footer-sml-layout":"","theme-transparent-header-meta":"","adv-header-id-meta":"","stick-header-meta":"","header-above-stick-meta":"","header-main-stick-meta":"","header-below-stick-meta":"","astra-migrate-meta-layouts":"default","ast-page-background-enabled":"default","ast-page-background-meta":{"desktop":{"background-color":"var(--ast-global-color-4)","background-image":"","background-repeat":"repeat","background-position":"center center","background-size":"auto","background-attachment":"scroll","background-type":"","background-media":"","overlay-type":"","overlay-color":"","overlay-opacity":"","overlay-gradient":""},"tablet":{"background-color":"","background-image":"","background-repeat":"repeat","background-position":"center center","background-size":"auto","background-attachment":"scroll","background-type":"","background-media":"","overlay-type":"","overlay-color":"","overlay-opacity":"","overlay-gradient":""},"mobile":{"background-color":"","background-image":"","background-repeat":"repeat","background-position":"center center","background-size":"auto","background-attachment":"scroll","background-type":"","background-media":"","overlay-type":"","overlay-color":"","overlay-opacity":"","overlay-gradient":""}},"ast-content-background-meta":{"desktop":{"background-color":"var(--ast-global-color-5)","background-image":"","background-repeat":"repeat","background-position":"center center","background-size":"auto","background-attachment":"scroll","background-type":"","background-media":"","overlay-type":"","overlay-color":"","overlay-opacity":"","overlay-gradient":""},"tablet":{"background-color":"var(--ast-global-color-5)","background-image":"","background-repeat":"repeat","background-position":"center center","background-size":"auto","background-attachment":"scroll","background-type":"","background-media":"","overlay-type":"","overlay-color":"","overlay-opacity":"","overlay-gradient":""},"mobile":{"background-color":"var(--ast-global-color-5)","background-image":"","background-repeat":"repeat","background-position":"center center","background-size":"auto","background-attachment":"scroll","background-type":"","background-media":"","overlay-type":"","overlay-color":"","overlay-opacity":"","overlay-gradient":""}},"footnotes":""},"class_list":["post-90634","page","type-page","status-publish","hentry"],"_links":{"self":[{"href":"https:\/\/bbkitty.com\/fi\/wp-json\/wp\/v2\/pages\/90634","targetHints":{"allow":["GET"]}}],"collection":[{"href":"https:\/\/bbkitty.com\/fi\/wp-json\/wp\/v2\/pages"}],"about":[{"href":"https:\/\/bbkitty.com\/fi\/wp-json\/wp\/v2\/types\/page"}],"author":[{"embeddable":true,"href":"https:\/\/bbkitty.com\/fi\/wp-json\/wp\/v2\/users\/3"}],"replies":[{"embeddable":true,"href":"https:\/\/bbkitty.com\/fi\/wp-json\/wp\/v2\/comments?post=90634"}],"version-history":[{"count":0,"href":"https:\/\/bbkitty.com\/fi\/wp-json\/wp\/v2\/pages\/90634\/revisions"}],"wp:attachment":[{"href":"https:\/\/bbkitty.com\/fi\/wp-json\/wp\/v2\/media?parent=90634"}],"curies":[{"name":"wp","href":"https:\/\/api.w.org\/{rel}","templated":true}]}}