{"id":95896,"date":"2025-01-10T09:28:41","date_gmt":"2025-01-10T09:28:41","guid":{"rendered":"https:\/\/bbkitty.com\/?page_id=95896"},"modified":"2025-01-10T09:34:20","modified_gmt":"2025-01-10T09:34:20","slug":"faq","status":"publish","type":"page","link":"https:\/\/bbkitty.com\/es\/faq\/","title":{"rendered":"Preguntas frecuentes"},"content":{"rendered":"<div data-elementor-type=\"wp-page\" data-elementor-id=\"95896\" class=\"elementor elementor-95896\" data-elementor-post-type=\"page\">\n\t\t\t\t<div class=\"elementor-element elementor-element-bf45c02 e-flex e-con-boxed e-con e-parent\" data-id=\"bf45c02\" data-element_type=\"container\">\n\t\t\t\t\t<div class=\"e-con-inner\">\n\t\t\t\t<div class=\"elementor-element elementor-element-5a9e6ba elementor-widget elementor-widget-heading\" data-id=\"5a9e6ba\" data-element_type=\"widget\" data-widget_type=\"heading.default\">\n\t\t\t\t\t<h1 class=\"elementor-heading-title elementor-size-default\">Preguntas frecuentes<\/h1>\t\t\t\t<\/div>\n\t\t\t\t<div class=\"elementor-element elementor-element-dfc41ce elementor-widget elementor-widget-image\" data-id=\"dfc41ce\" data-element_type=\"widget\" data-widget_type=\"image.default\">\n\t\t\t\t\t\t\t\t\t\t\t\t\t\t\t<img fetchpriority=\"high\" decoding=\"async\" width=\"750\" height=\"119\" src=\"https:\/\/bbkitty.com\/wp-content\/uploads\/2024\/03\/BBKitty_05.webp\" class=\"attachment-large size-large wp-image-93792\" alt=\"\" \/>\t\t\t\t\t\t\t\t\t\t\t\t\t\t\t<\/div>\n\t\t\t\t<div class=\"elementor-element elementor-element-b3b19bf elementor-widget elementor-widget-text-editor\" data-id=\"b3b19bf\" data-element_type=\"widget\" data-widget_type=\"text-editor.default\">\n\t\t\t\t\t\t\t\t\t<h3><strong style=\"font-size: 17px; font-style: inherit; text-align: var(--text-align); background-color: var(--ast-global-color-5); color: var(--ast-global-color-3); font-family: 'Noto Sans', sans-serif;\">1. \u00bfEres una f\u00e1brica?<\/strong><\/h3>\n<p>Somos una empresa integrada de fabricaci\u00f3n y comercializaci\u00f3n con 12 a\u00f1os de experiencia en producci\u00f3n y m\u00e1s de una d\u00e9cada de experiencia en la industria. Contamos con m\u00faltiples marcas propias que son populares en muchos pa\u00edses. Nos comprometemos a trabajar con distribuidores para lograr un crecimiento y un \u00e9xito mutuos. Tambi\u00e9n brindamos servicios OEM\/ODM y soporte operativo de marca.<\/p>\n<p><strong>2. \u00bfD\u00f3nde est\u00e1 ubicada su f\u00e1brica?<\/strong><br \/>Nuestra f\u00e1brica est\u00e1 ubicada en Quanzhou, China, que es un centro de productos de higiene como pa\u00f1ales, calzoncillos de entrenamiento, pa\u00f1ales para adultos y toallas sanitarias. Le invitamos a visitar nuestra f\u00e1brica en cualquier momento.<\/p>\n<p><strong>3. \u00bfPuedo visitar su f\u00e1brica?<\/strong><br \/>\u00a1Por supuesto! Para garantizar una mejor experiencia, inf\u00f3rmenos con antelaci\u00f3n la hora de su visita y el n\u00famero de asistentes. Pondremos a su disposici\u00f3n personal profesional para que le gu\u00ede y planifique la ruta de la visita. Si no puede visitar China en este momento, tambi\u00e9n podemos ofrecerle una visita virtual a la f\u00e1brica mediante videoconferencia.<\/p>\n<p><strong>4. \u00bfCu\u00e1ntas l\u00edneas de producci\u00f3n tienes?<\/strong><br \/>Disponemos de m\u00faltiples l\u00edneas de producci\u00f3n de alta velocidad, entre ellas:<\/p>\n<ul>\n<li>\n<p>4 m\u00e1quinas de cinturillas grandes (500 piezas\/minuto)<\/p>\n<\/li>\n<li>\n<p>2 m\u00e1quinas de pantalones todo en uno (400 piezas\/minuto)<\/p>\n<\/li>\n<li>\n<p>2 m\u00e1quinas para hacer pantalones de entrenamiento de tres piezas (450 piezas\/minuto)<\/p>\n<\/li>\n<li>\n<p>1 m\u00e1quina para fabricar bragas de entrenamiento para adultos y 1 m\u00e1quina para fabricar pa\u00f1ales para adultos (300 piezas\/minuto)<\/p>\n<\/li>\n<\/ul>\n<p>Todos los equipos est\u00e1n equipados con funciones automatizadas de envasado e inspecci\u00f3n de calidad para garantizar la calidad del producto.<\/p>\n<p><strong>5. \u00bfCu\u00e1les son sus principales mercados?<\/strong><br \/>Nuestros mercados principales incluyen Asia Central, el Sudeste Asi\u00e1tico y Rusia, donde existe una fuerte demanda de nuestras marcas propias y productos OEM. Actualmente estamos expandi\u00e9ndonos a nivel mundial y damos la bienvenida a los distribuidores interesados a que se comuniquen con nosotros.<\/p>\n<p><strong>6. \u00bfQu\u00e9 certificaciones tienes?<\/strong><br \/>Contamos con diversas certificaciones industriales, entre ellas ISO, CE, SGS, Demeter y Hala. Para las regiones de habla rusa, tambi\u00e9n contamos con la certificaci\u00f3n EAC. Si tiene requisitos de certificaci\u00f3n espec\u00edficos, podemos ayudarlo a obtener certificaciones de terceros.<\/p>\n<p><strong>7. \u00bfQu\u00e9 marcas produc\u00eds?<\/strong><br \/>Nuestras marcas propias incluyen BB Kitty, LJ y Beili, que atienden a diferentes segmentos del mercado. Adem\u00e1s, brindamos servicios OEM para varios supermercados y marcas reconocidas. Si tiene necesidades de mercado espec\u00edficas, podemos recomendarle productos adecuados.<\/p>\n<p><strong>8. \u00bfCu\u00e1l es su MOQ (cantidad m\u00ednima de pedido)?<\/strong><br \/>El pedido m\u00ednimo var\u00eda seg\u00fan la categor\u00eda del producto. Inf\u00f3rmenos sus requisitos y le proporcionaremos informaci\u00f3n detallada.<\/p>\n<p><strong>9. \u00bfAceptan personalizaci\u00f3n?<\/strong><br \/>S\u00ed, contamos con m\u00e1s de una d\u00e9cada de experiencia en equipos originales y ofrecemos servicios de personalizaci\u00f3n integrales. Comparta sus requisitos y dise\u00f1aremos una soluci\u00f3n a su medida.<\/p>\n<p><strong>10. \u00bfOfrecen servicios de dise\u00f1o?<\/strong><br \/>Podemos dise\u00f1ar seg\u00fan sus necesidades o proporcionarle dise\u00f1os existentes para su referencia.<\/p>\n<p><strong>11. \u00bfCu\u00e1l es su tiempo de entrega?<\/strong><br \/>El tiempo de entrega depende de la categor\u00eda del producto. Normalmente, el primer pedido demora 45 d\u00edas y los pedidos posteriores demoran 30 d\u00edas.<\/p>\n<p><strong>12. \u00bfCuales son sus condiciones de pago?<\/strong><br \/>Nuestras condiciones de pago son: dep\u00f3sito 30% + saldo 70% (pagado antes del env\u00edo).<\/p>\n<p><strong>13. \u00bfC\u00f3mo puedo ser su distribuidor?<\/strong><br \/>Convertirse en nuestro distribuidor es sencillo. Despu\u00e9s de confirmar los productos y los precios, puede comenzar con un contenedor grande. Le brindaremos pol\u00edticas de soporte para distribuidores que lo ayudar\u00e1n a ingresar r\u00e1pidamente al mercado.<\/p>\n<p><strong>14. \u00bfCu\u00e1les son los t\u00e9rminos clave del contrato de distribuci\u00f3n?<\/strong><\/p>\n<ul>\n<li>\n<p>Por lo general, firmamos acuerdos de distribuci\u00f3n exclusiva a nivel de ciudad con un requisito de pedido mensual m\u00ednimo de 4*40HQ.<\/p>\n<\/li>\n<li>\n<p>Las tarifas de autorizaci\u00f3n de marca son fijas.<\/p>\n<\/li>\n<li>\n<p>Implementamos controles de precios m\u00ednimos para las ventas locales mayoristas, minoristas y en l\u00ednea para garantizar un entorno competitivo justo.<\/p>\n<\/li>\n<\/ul>\n<p><strong>15. \u00bfCu\u00e1les son los beneficios de convertirse en distribuidor?<\/strong><\/p>\n<ul>\n<li>\n<p><strong>Garant\u00eda de beneficios<\/strong>:Los distribuidores obtienen mayores ganancias que nosotros y mantenemos precios estables incluso cuando aumentan los costos de las materias primas.<\/p>\n<\/li>\n<li>\n<p><strong>Seguro de calidad<\/strong>:Aseguramos una calidad constante del producto, garantizando rentabilidad a largo plazo para los distribuidores.<\/p>\n<\/li>\n<li>\n<p><strong>Soporte de ventas<\/strong>Ofrecemos incentivos de ventas y apoyo de marketing, tanto online como offline.<\/p>\n<\/li>\n<li>\n<p><strong>Crecimiento mutuo<\/strong>Trabajamos con distribuidores para explorar las demandas del mercado, ampliar las l\u00edneas de productos y lograr resultados beneficiosos para ambas partes.<\/p>\n<\/li>\n<\/ul>\n<p><strong>16. \u00bfQu\u00e9 apoyo prestan?<\/strong><br \/>Ofrecemos un soporte integral para distribuidores, que incluye marketing, incentivos de ventas y capacitaci\u00f3n sobre productos. Inf\u00f3rmenos sobre sus necesidades espec\u00edficas y dise\u00f1aremos un plan de soporte a su medida.<\/p>\n<p><strong>17. \u00bfQu\u00e9 productos ofrece?<\/strong><br \/>Nuestra gama de productos incluye series para beb\u00e9s, series para adultos, series para el cuidado femenino y series para mascotas. Inf\u00f3rmenos sobre sus necesidades espec\u00edficas y le recomendaremos los productos adecuados.<\/p>\n<p><strong>18. \u00bfC\u00f3mo puedo obtener muestras?<\/strong><br \/>Podemos proporcionar muestras gratuitas (cantidad limitada), pero los costos de env\u00edo correr\u00e1n a cargo del cliente. Ind\u00edquenos sus requisitos espec\u00edficos.<\/p>\n<p><strong>19. \u00bfQu\u00e9 tama\u00f1os est\u00e1n disponibles para sus productos?<\/strong><br \/>Los tama\u00f1os var\u00edan seg\u00fan la categor\u00eda del producto. Ind\u00edquenos el producto que le interesa y le proporcionaremos una tabla de tallas detallada.<\/p>\n<p><strong>20. \u00bfPuedo obtener un cat\u00e1logo de productos?<\/strong><br \/>Por supuesto. Nuestra gama de productos es muy amplia. Ind\u00edquenos sus necesidades espec\u00edficas y le facilitaremos un cat\u00e1logo espec\u00edfico.<\/p>\n<p><strong>21. \u00bfQu\u00e9 materiales utilizas para la producci\u00f3n?<\/strong><br \/>Utilizamos materiales de alta calidad para la producci\u00f3n, que var\u00edan seg\u00fan la categor\u00eda del producto. Inf\u00f3rmenos sus requisitos y le brindaremos informaci\u00f3n detallada.<\/p>\n<p><strong>22. \u00bfCu\u00e1l es la diferencia entre pa\u00f1ales, pantalones de entrenamiento y pantalones todo en uno?<\/strong><br \/>Proporcionamos im\u00e1genes y videos comparativos detallados para ayudarlo a comprender las caracter\u00edsticas y aplicaciones de diferentes productos.<\/p>\n<p><strong>23. \u00bfPuedo devolver productos si hay problemas de calidad?<\/strong><br \/>Contamos con un estricto sistema de control de calidad con m\u00faltiples inspecciones desde la materia prima hasta los productos terminados. Si encuentra alg\u00fan problema de calidad, comun\u00edquese con nosotros y le brindaremos las soluciones adecuadas.<\/p>\n<p><strong>24. \u00bfC\u00f3mo se garantiza el servicio postventa?<\/strong><br \/>Contamos con un equipo profesional de posventa listo para ayudar a los clientes y garantizar su satisfacci\u00f3n.<\/p>\n<p><strong>25. \u00bfCu\u00e1l es el proceso de producci\u00f3n OEM?<\/strong><br \/>El proceso OEM incluye: dise\u00f1o preliminar \u2192 fabricaci\u00f3n de placas \u2192 muestreo \u2192 confirmaci\u00f3n \u2192 producci\u00f3n. El tiempo del ciclo depende de la categor\u00eda del producto.<\/p>\n<p><strong>26. \u00bfC\u00f3mo se calculan los costos OEM?<\/strong><br \/>Los costos OEM incluyen borradores de dise\u00f1o (gratis), tarifas de placa de bolsa + dep\u00f3sitos, tarifas de placa de material + dep\u00f3sitos y costos de producci\u00f3n OEM 100%.<\/p>\n<p><strong>28. \u00bfCu\u00e1l es la direcci\u00f3n futura de su empresa?<\/strong><br \/>Nos comprometemos a proporcionar productos rentables y de alta calidad en el sector del cuidado maternoinfantil, trabajando con los clientes para ganar m\u00e1s participaci\u00f3n de mercado.<\/p>\n<p><strong>29. \u00bfOfrecen descuentos para pedidos grandes?<\/strong><br \/>Ofrecemos descuentos seg\u00fan la cantidad del pedido. Inf\u00f3rmenos sus necesidades espec\u00edficas y solicitaremos obsequios o paquetes de prueba para usted.<\/p>\n<p><strong>30. Soy principiante. \u00bfC\u00f3mo puedo realizar un pedido?<\/strong><br \/>Inf\u00f3rmenos sobre sus necesidades de productos, posicionamiento en el mercado y canales de venta y lo guiaremos en el proceso de pedido. Para asuntos de importaci\u00f3n, podemos ayudarlo a ponerse en contacto con agencias profesionales.<\/p>\n<p><strong>31. \u00bfPor qu\u00e9 fluct\u00faan sus precios?<\/strong><br \/>Debido a factores como los tipos de cambio y las fluctuaciones de los precios de las materias primas, ajustamos los precios trimestralmente. Nos esforzamos por mantener la estabilidad de los precios para proteger los intereses de los clientes.<\/p>\n<p><strong>32. \u00bfCu\u00e1l es la diferencia entre BB Kitty y Little Journey?<\/strong><br \/>Las dos marcas tienen diferentes posicionamientos y configuraciones de productos. Inf\u00f3rmenos sobre su mercado y su presupuesto y le recomendaremos los productos adecuados.<\/p>\n<p><strong>33. \u00bfPuedo empezar con un pedido peque\u00f1o?<\/strong><br \/>Puede comenzar comprando peque\u00f1as cantidades de nuestros productos de marca propia para probar el mercado y minimizar el riesgo.<\/p>\n<p><strong>34. \u00bfPuedo modificar su embalaje actual?<\/strong><br \/>Los embalajes de las marcas propias no se pueden modificar. Si necesitas un embalaje personalizado, podemos fabricarlo seg\u00fan tu dise\u00f1o, siempre que no infrinja nuestros derechos de marca.<\/p>\n<p><strong>35. \u00bfC\u00f3mo puedo ser distribuidor exclusivo?<\/strong><br \/>Asignamos regiones de distribuci\u00f3n en funci\u00f3n de la demanda del mercado y las capacidades de los distribuidores. Si est\u00e1 interesado en convertirse en distribuidor exclusivo, converse con nosotros en detalle.<\/p>\n<p><strong>36. \u00bfPor qu\u00e9 la direcci\u00f3n de la empresa es diferente a la direcci\u00f3n del certificado?<\/strong><br \/>Somos una empresa integrada de fabricaci\u00f3n y comercializaci\u00f3n. La direcci\u00f3n del certificado es la direcci\u00f3n de la f\u00e1brica, mientras que la direcci\u00f3n de la empresa es la direcci\u00f3n de la oficina.<\/p>\n<p><strong>37. \u00bfTen\u00e9is pa\u00f1ales m\u00e1s baratos?<\/strong><br \/>Podemos recomendar configuraciones de productos adecuadas seg\u00fan su presupuesto. Inf\u00f3rmenos sus requisitos y le ofreceremos la mejor soluci\u00f3n.<\/p>\n<p><strong>39. \u00bfSu l\u00ednea de productos es limitada?<\/strong><br \/>Estamos ampliando gradualmente nuestra l\u00ednea de productos y desarrollando m\u00e1s productos para el mercado de cuidado maternoinfantil. Gracias por su paciencia.<\/p>\n<p><strong>42. \u00bfCu\u00e1les son sus plazos de entrega y condiciones de pago?<\/strong><br \/>Los tiempos de entrega var\u00edan seg\u00fan la categor\u00eda del producto y las condiciones de pago son 30% de dep\u00f3sito + 70% de saldo (pagado antes del env\u00edo). Podemos ayudarlo a comunicarse con los transportistas.<\/p>\n<p><strong>43. \u00bfPor qu\u00e9 el MOQ es alto?<\/strong><br \/>El pedido m\u00ednimo cumple con los est\u00e1ndares de la industria. Si compra productos en stock, no hay requisito de pedido m\u00ednimo.<\/p>\n<p><strong>44. \u00bfPor qu\u00e9 el precio EXW es m\u00e1s alto que el precio FOB?<\/strong><br \/>Ofrecemos precios FOB basados en pol\u00edticas de exportaci\u00f3n nacionales, lo que permite a los clientes beneficiarse de descuentos fiscales.<\/p>\n<p><strong>45. Tengo fondos limitados pero quiero personalizar mi marca. \u00bfAlguna sugerencia?<\/strong><br \/>Te recomendamos empezar con nuestras propias marcas para probar el mercado. Una vez que hayas establecido tus canales de venta, puedes considerar personalizar tu marca.<\/p>\n<p><strong>46. \u00bfPor qu\u00e9 las tarifas por moho son altas?<\/strong><br \/>Priorizamos la precisi\u00f3n y la calidad de impresi\u00f3n, garantizando que los productos cumplan con los est\u00e1ndares de dise\u00f1o del cliente.<\/p>\n<p><strong>47. \u00bfCu\u00e1l es el proceso y el costo del muestreo?<\/strong><br \/>El muestreo cuesta 5.000 RMB con un pedido m\u00ednimo de 200 piezas (blanco simple, tama\u00f1o \u00fanico).<\/p>\n<p><strong>48. \u00bfCu\u00e1l es la diferencia entre el embalaje de cart\u00f3n y el embalaje de bolsa transparente?<\/strong><br \/>El embalaje de cart\u00f3n ahorra espacio y reduce los costes de env\u00edo.<\/p>\n<p><strong>49. \u00bfOfrecen apoyo publicitario?<\/strong><br \/>Ofrecemos soporte publicitario online y offline, incluidas promociones de sitios web independientes y eventos para distribuidores.<\/p>\n<p><strong>50. \u00bfCu\u00e1ndo puedo empezar a obtener ganancias como distribuidor?<\/strong><br \/>Puedes empezar a obtener ganancias desde tu primer pedido. Brindamos soporte publicitario en funci\u00f3n del desempe\u00f1o de ventas.<\/p>\n<p><strong>51. \u00bfPuedo devolver productos si no se venden?<\/strong><br \/>No aceptamos devoluciones, pero podemos ayudarle a contactar a otros clientes para revender los productos.<\/p>\n<p><strong>52. \u00bfOfrecen comisiones por recomendar clientes?<\/strong><br \/>S\u00ed, puedes ganar una comisi\u00f3n de 1% en el primer pedido, generalmente acreditada como descuento en pedidos futuros.<\/p>\n<p><strong>53. \u00bfPuedo obtener condiciones de cr\u00e9dito?<\/strong><br \/>Nuestras condiciones de pago son dep\u00f3sito 30% + saldo 70%, aplicados por igual a todos los clientes.<\/p>\n<p><strong>54. \u00bfCu\u00e1ndo se lanzar\u00e1n nuevos productos?<\/strong><br \/>Desarrollamos nuevos productos en funci\u00f3n de la demanda del mercado. Ind\u00edquenos sus necesidades y le proporcionaremos informaci\u00f3n sobre el producto lo antes posible.<\/p>\n<p><strong>57. \u00bfCu\u00e1les son los puntos de venta de sus productos?<\/strong><\/p>\n<ul>\n<li>\n<p>BB Kitty: Alta absorbencia.<\/p>\n<\/li>\n<li>\n<p>Peque\u00f1o Viaje: Ultrafino y ultra suave.<\/p>\n<\/li>\n<li>\n<p>Para otras recomendaciones de mercado, por favor cont\u00e1ctenos.<\/p>\n<\/li>\n<\/ul>\n<p>Si tienes alguna otra pregunta, \u00a1no dudes en contactarnos!<\/p>\t\t\t\t\t\t\t\t<\/div>\n\t\t\t\t\t<\/div>\n\t\t\t\t<\/div>\n\t\t\t\t<\/div>","protected":false},"excerpt":{"rendered":"<p>FAQ 1. Are you a factory? We are an integrated manufacturing and trading enterprise with 12 years of production experience [&hellip;]<\/p>","protected":false},"author":3,"featured_media":93792,"parent":0,"menu_order":0,"comment_status":"closed","ping_status":"closed","template":"","meta":{"site-sidebar-layout":"default","site-content-layout":"","ast-site-content-layout":"","site-content-style":"default","site-sidebar-style":"default","ast-global-header-display":"","ast-banner-title-visibility":"","ast-main-header-display":"","ast-hfb-above-header-display":"","ast-hfb-below-header-display":"","ast-hfb-mobile-header-display":"","site-post-title":"","ast-breadcrumbs-content":"","ast-featured-img":"","footer-sml-layout":"","theme-transparent-header-meta":"","adv-header-id-meta":"","stick-header-meta":"","header-above-stick-meta":"","header-main-stick-meta":"","header-below-stick-meta":"","astra-migrate-meta-layouts":"default","ast-page-background-enabled":"default","ast-page-background-meta":{"desktop":{"background-color":"var(--ast-global-color-4)","background-image":"","background-repeat":"repeat","background-position":"center center","background-size":"auto","background-attachment":"scroll","background-type":"","background-media":"","overlay-type":"","overlay-color":"","overlay-opacity":"","overlay-gradient":""},"tablet":{"background-color":"","background-image":"","background-repeat":"repeat","background-position":"center center","background-size":"auto","background-attachment":"scroll","background-type":"","background-media":"","overlay-type":"","overlay-color":"","overlay-opacity":"","overlay-gradient":""},"mobile":{"background-color":"","background-image":"","background-repeat":"repeat","background-position":"center center","background-size":"auto","background-attachment":"scroll","background-type":"","background-media":"","overlay-type":"","overlay-color":"","overlay-opacity":"","overlay-gradient":""}},"ast-content-background-meta":{"desktop":{"background-color":"var(--ast-global-color-5)","background-image":"","background-repeat":"repeat","background-position":"center center","background-size":"auto","background-attachment":"scroll","background-type":"","background-media":"","overlay-type":"","overlay-color":"","overlay-opacity":"","overlay-gradient":""},"tablet":{"background-color":"var(--ast-global-color-5)","background-image":"","background-repeat":"repeat","background-position":"center center","background-size":"auto","background-attachment":"scroll","background-type":"","background-media":"","overlay-type":"","overlay-color":"","overlay-opacity":"","overlay-gradient":""},"mobile":{"background-color":"var(--ast-global-color-5)","background-image":"","background-repeat":"repeat","background-position":"center center","background-size":"auto","background-attachment":"scroll","background-type":"","background-media":"","overlay-type":"","overlay-color":"","overlay-opacity":"","overlay-gradient":""}},"footnotes":""},"class_list":["post-95896","page","type-page","status-publish","has-post-thumbnail","hentry"],"_links":{"self":[{"href":"https:\/\/bbkitty.com\/es\/wp-json\/wp\/v2\/pages\/95896","targetHints":{"allow":["GET"]}}],"collection":[{"href":"https:\/\/bbkitty.com\/es\/wp-json\/wp\/v2\/pages"}],"about":[{"href":"https:\/\/bbkitty.com\/es\/wp-json\/wp\/v2\/types\/page"}],"author":[{"embeddable":true,"href":"https:\/\/bbkitty.com\/es\/wp-json\/wp\/v2\/users\/3"}],"replies":[{"embeddable":true,"href":"https:\/\/bbkitty.com\/es\/wp-json\/wp\/v2\/comments?post=95896"}],"version-history":[{"count":0,"href":"https:\/\/bbkitty.com\/es\/wp-json\/wp\/v2\/pages\/95896\/revisions"}],"wp:featuredmedia":[{"embeddable":true,"href":"https:\/\/bbkitty.com\/es\/wp-json\/wp\/v2\/media\/93792"}],"wp:attachment":[{"href":"https:\/\/bbkitty.com\/es\/wp-json\/wp\/v2\/media?parent=95896"}],"curies":[{"name":"wp","href":"https:\/\/api.w.org\/{rel}","templated":true}]}}