{"id":95896,"date":"2025-01-10T09:28:41","date_gmt":"2025-01-10T09:28:41","guid":{"rendered":"https:\/\/bbkitty.com\/?page_id=95896"},"modified":"2025-01-10T09:34:20","modified_gmt":"2025-01-10T09:34:20","slug":"faq","status":"publish","type":"page","link":"https:\/\/bbkitty.com\/de\/faq\/","title":{"rendered":"H\u00e4ufig gestellte Fragen"},"content":{"rendered":"<div data-elementor-type=\"wp-page\" data-elementor-id=\"95896\" class=\"elementor elementor-95896\" data-elementor-post-type=\"page\">\n\t\t\t\t<div class=\"elementor-element elementor-element-bf45c02 e-flex e-con-boxed e-con e-parent\" data-id=\"bf45c02\" data-element_type=\"container\">\n\t\t\t\t\t<div class=\"e-con-inner\">\n\t\t\t\t<div class=\"elementor-element elementor-element-5a9e6ba elementor-widget elementor-widget-heading\" data-id=\"5a9e6ba\" data-element_type=\"widget\" data-widget_type=\"heading.default\">\n\t\t\t\t\t<h1 class=\"elementor-heading-title elementor-size-default\">H\u00e4ufig gestellte Fragen<\/h1>\t\t\t\t<\/div>\n\t\t\t\t<div class=\"elementor-element elementor-element-dfc41ce elementor-widget elementor-widget-image\" data-id=\"dfc41ce\" data-element_type=\"widget\" data-widget_type=\"image.default\">\n\t\t\t\t\t\t\t\t\t\t\t\t\t\t\t<img fetchpriority=\"high\" decoding=\"async\" width=\"750\" height=\"119\" src=\"https:\/\/bbkitty.com\/wp-content\/uploads\/2024\/03\/BBKitty_05.webp\" class=\"attachment-large size-large wp-image-93792\" alt=\"\" \/>\t\t\t\t\t\t\t\t\t\t\t\t\t\t\t<\/div>\n\t\t\t\t<div class=\"elementor-element elementor-element-b3b19bf elementor-widget elementor-widget-text-editor\" data-id=\"b3b19bf\" data-element_type=\"widget\" data-widget_type=\"text-editor.default\">\n\t\t\t\t\t\t\t\t\t<h3><strong style=\"font-size: 17px; font-style: inherit; text-align: var(--text-align); background-color: var(--ast-global-color-5); color: var(--ast-global-color-3); font-family: 'Noto Sans', sans-serif;\">1. Sind Sie eine Fabrik?<\/strong><\/h3>\n<p>Wir sind ein integriertes Produktions- und Handelsunternehmen mit 12 Jahren Produktionserfahrung und \u00fcber einem Jahrzehnt Branchenexpertise. Wir haben mehrere eigene Marken, die in vielen L\u00e4ndern beliebt sind. Wir arbeiten eng mit Vertriebsh\u00e4ndlern zusammen, um gemeinsam zu wachsen und Erfolg zu erzielen. Wir bieten auch OEM\/ODM-Dienste und Unterst\u00fctzung beim Markenbetrieb.<\/p>\n<p><strong>2. Wo befindet sich Ihre Fabrik?<\/strong><br \/>Unsere Fabrik befindet sich in Quanzhou, China, einem Zentrum f\u00fcr Hygieneprodukte wie Windeln, Trainingshosen, Erwachsenenwindeln und Damenbinden. Sie sind herzlich eingeladen, unsere Fabrik jederzeit zu besuchen.<\/p>\n<p><strong>3. Kann ich Ihre Fabrik besichtigen?<\/strong><br \/>Auf jeden Fall! Um ein besseres Erlebnis zu gew\u00e4hrleisten, informieren Sie uns bitte im Voraus \u00fcber Ihre Besuchszeit und die Anzahl der Teilnehmer. Wir stellen Ihnen professionelles Personal zur Verf\u00fcgung, das Sie f\u00fchrt und die Tourroute plant. Wenn Sie China derzeit nicht besuchen k\u00f6nnen, k\u00f6nnen wir auch eine virtuelle Werksf\u00fchrung per Videokonferenz anbieten.<\/p>\n<p><strong>4. Wie viele Produktionslinien haben Sie?<\/strong><br \/>Wir verf\u00fcgen \u00fcber mehrere Hochgeschwindigkeits-Produktionslinien, darunter:<\/p>\n<ul>\n<li>\n<p>4 Gro\u00dfbundmaschinen (500 St\u00fcck\/Minute)<\/p>\n<\/li>\n<li>\n<p>2 All-in-One-Hosenmaschinen (400 St\u00fcck\/Minute)<\/p>\n<\/li>\n<li>\n<p>2 Dreiteiler-Trainingshosenmaschinen (450 St\u00fcck\/Minute)<\/p>\n<\/li>\n<li>\n<p>1 Maschine f\u00fcr Trainingshosen f\u00fcr Erwachsene und 1 Maschine f\u00fcr Windeln f\u00fcr Erwachsene (300 St\u00fcck\/Minute)<\/p>\n<\/li>\n<\/ul>\n<p>Um die Produktqualit\u00e4t sicherzustellen, sind alle Ger\u00e4te mit automatisierten Verpackungs- und Qualit\u00e4tspr\u00fcffunktionen ausgestattet.<\/p>\n<p><strong>5. Was sind Ihre Hauptm\u00e4rkte?<\/strong><br \/>Zu unseren Kernm\u00e4rkten z\u00e4hlen Zentralasien, S\u00fcdostasien und Russland, wo eine starke Nachfrage nach unseren Eigenmarken und OEM-Produkten besteht. Wir expandieren derzeit weltweit und freuen uns \u00fcber interessierte Vertriebspartner, die mit uns Kontakt aufnehmen.<\/p>\n<p><strong>6. Welche Zertifizierungen haben Sie?<\/strong><br \/>Wir verf\u00fcgen \u00fcber verschiedene Branchenzertifizierungen, darunter ISO, CE, SGS, Demeter und Hala. F\u00fcr den russischsprachigen Raum verf\u00fcgen wir au\u00dferdem \u00fcber eine EAC-Zertifizierung. Wenn Sie spezielle Zertifizierungsanforderungen haben, k\u00f6nnen wir Sie bei der Erlangung von Zertifizierungen durch Dritte unterst\u00fctzen.<\/p>\n<p><strong>7. Welche Marken produzieren Sie?<\/strong><br \/>Zu unseren Eigenmarken z\u00e4hlen BB Kitty, LJ und Beili, die unterschiedliche Marktsegmente bedienen. Dar\u00fcber hinaus bieten wir OEM-Dienstleistungen f\u00fcr verschiedene Superm\u00e4rkte und bekannte Marken an. Wenn Sie spezielle Marktanforderungen haben, k\u00f6nnen wir Ihnen geeignete Produkte empfehlen.<\/p>\n<p><strong>8. Wie hoch ist Ihre Mindestbestellmenge (MOQ)?<\/strong><br \/>Die Mindestbestellmenge variiert je nach Produktkategorie. Bitte teilen Sie uns Ihre Anforderungen mit und wir geben Ihnen detaillierte Informationen.<\/p>\n<p><strong>9. Akzeptieren Sie individuelle Anpassungen?<\/strong><br \/>Ja, wir verf\u00fcgen \u00fcber mehr als ein Jahrzehnt OEM-Erfahrung und bieten individuelle Komplettl\u00f6sungen. Teilen Sie uns Ihre Anforderungen mit und wir entwickeln eine ma\u00dfgeschneiderte L\u00f6sung f\u00fcr Sie.<\/p>\n<p><strong>10. Bieten Sie Design-Dienstleistungen an?<\/strong><br \/>Wir k\u00f6nnen entsprechend Ihren Anforderungen entwerfen oder Ihnen vorhandene Designs als Referenz zur Verf\u00fcgung stellen.<\/p>\n<p><strong>11. Wie lange dauert die Lieferung?<\/strong><br \/>Die Lieferzeit h\u00e4ngt von der Produktkategorie ab. Normalerweise dauert die erste Bestellung 45 Tage und nachfolgende Bestellungen 30 Tage.<\/p>\n<p><strong>12. Wie sind Ihre Zahlungsbedingungen?<\/strong><br \/>Unsere Zahlungsbedingungen sind: 30% Anzahlung + 70% Restbetrag (vor Versand bezahlt).<\/p>\n<p><strong>13. Wie kann ich Ihr Vertriebspartner werden?<\/strong><br \/>Unser Vertriebspartner zu werden ist ganz einfach. Nachdem Sie die Produkte und Preise best\u00e4tigt haben, k\u00f6nnen Sie mit einem gro\u00dfen Container beginnen. Wir bieten Ihnen Vertriebspartner-Supportrichtlinien, die Ihnen einen schnellen Markteintritt erm\u00f6glichen.<\/p>\n<p><strong>14. Was sind die wichtigsten Bedingungen des Vertriebspartnervertrags?<\/strong><\/p>\n<ul>\n<li>\n<p>Normalerweise schlie\u00dfen wir exklusive Vertriebsvertr\u00e4ge auf Stadtebene mit einem monatlichen Mindestbestellwert von 4*40HQ ab.<\/p>\n<\/li>\n<li>\n<p>Die Geb\u00fchren f\u00fcr die Markenautorisierung sind festgelegt.<\/p>\n<\/li>\n<li>\n<p>Wir f\u00fchren Mindestpreiskontrollen f\u00fcr den lokalen Gro\u00df- und Einzelhandel sowie den Online-Verkauf ein, um ein faires Wettbewerbsumfeld zu gew\u00e4hrleisten.<\/p>\n<\/li>\n<\/ul>\n<p><strong>15. Welche Vorteile bietet es, Vertriebspartner zu werden?<\/strong><\/p>\n<ul>\n<li>\n<p><strong>Gewinnsicherung<\/strong>: Die H\u00e4ndler erzielen h\u00f6here Gewinne als wir und wir halten die Preise stabil, auch wenn die Rohstoffkosten steigen.<\/p>\n<\/li>\n<li>\n<p><strong>Qualit\u00e4tssicherung<\/strong>: Wir gew\u00e4hrleisten eine gleichbleibende Produktqualit\u00e4t und garantieren den H\u00e4ndlern so langfristige Rentabilit\u00e4t.<\/p>\n<\/li>\n<li>\n<p><strong>Vertriebsunterst\u00fctzung<\/strong>: Wir bieten Verkaufsanreize und Marketingunterst\u00fctzung, sowohl online als auch offline.<\/p>\n<\/li>\n<li>\n<p><strong>Gemeinsames Wachstum<\/strong>: Wir arbeiten mit Vertriebsh\u00e4ndlern zusammen, um die Marktnachfrage zu erkunden, Produktlinien zu erweitern und Win-Win-Ergebnisse zu erzielen.<\/p>\n<\/li>\n<\/ul>\n<p><strong>16. Welche Unterst\u00fctzung bieten Sie?<\/strong><br \/>Wir bieten umfassende Vertriebsunterst\u00fctzung, einschlie\u00dflich Marketing, Verkaufsanreizen und Produktschulungen. Bitte teilen Sie uns Ihre spezifischen Anforderungen mit und wir erstellen einen ma\u00dfgeschneiderten Supportplan f\u00fcr Sie.<\/p>\n<p><strong>17. Welche Produkte bieten Sie an?<\/strong><br \/>Unser Produktsortiment umfasst Babyserien, Erwachsenenserien, Damenpflegeserien und Haustierserien. Teilen Sie uns Ihre speziellen Bed\u00fcrfnisse mit und wir empfehlen Ihnen geeignete Produkte.<\/p>\n<p><strong>18. Wie kann ich Proben erhalten?<\/strong><br \/>Wir k\u00f6nnen kostenlose Muster (begrenzte Menge) bereitstellen, die Versandkosten tr\u00e4gt jedoch der Kunde. Bitte teilen Sie uns Ihre spezifischen Anforderungen mit.<\/p>\n<p><strong>19. In welchen Gr\u00f6\u00dfen sind Ihre Produkte erh\u00e4ltlich?<\/strong><br \/>Die Gr\u00f6\u00dfen variieren je nach Produktkategorie. Bitte teilen Sie uns mit, an welchem Produkt Sie interessiert sind, und wir stellen Ihnen eine detaillierte Gr\u00f6\u00dfentabelle zur Verf\u00fcgung.<\/p>\n<p><strong>20. Kann ich einen Produktkatalog bekommen?<\/strong><br \/>Nat\u00fcrlich. Unser Produktsortiment ist umfangreich. Bitte teilen Sie uns Ihre spezifischen Anforderungen mit und wir stellen Ihnen einen gezielten Katalog zur Verf\u00fcgung.<\/p>\n<p><strong>21. Welche Materialien verwenden Sie f\u00fcr die Produktion?<\/strong><br \/>F\u00fcr die Produktion verwenden wir hochwertige Materialien, die je nach Produktkategorie variieren. Teilen Sie uns Ihre Anforderungen mit und wir informieren Sie ausf\u00fchrlich.<\/p>\n<p><strong>22. Was ist der Unterschied zwischen Windeln, Trainingshosen und All-in-One-Hosen?<\/strong><br \/>Wir stellen detaillierte Vergleichsbilder und -videos zur Verf\u00fcgung, um Ihnen das Verst\u00e4ndnis der Funktionen und Anwendungen verschiedener Produkte zu erleichtern.<\/p>\n<p><strong>23. Kann ich Produkte bei Qualit\u00e4tsproblemen zur\u00fcckgeben?<\/strong><br \/>Wir verf\u00fcgen \u00fcber ein strenges Qualit\u00e4tskontrollsystem mit mehreren Kontrollen vom Rohmaterial bis zum fertigen Produkt. Wenn Sie auf Qualit\u00e4tsprobleme sto\u00dfen, kontaktieren Sie uns bitte und wir werden entsprechende L\u00f6sungen anbieten.<\/p>\n<p><strong>24. Wie stellen Sie den Kundendienst sicher?<\/strong><br \/>Wir verf\u00fcgen \u00fcber ein professionelles After-Sales-Team, das bereit ist, Kunden zu unterst\u00fctzen und ihre Zufriedenheit sicherzustellen.<\/p>\n<p><strong>25. Wie l\u00e4uft der OEM-Produktionsprozess ab?<\/strong><br \/>Der OEM-Prozess umfasst: Designentwurf \u2192 Plattenherstellung \u2192 Bemusterung \u2192 Best\u00e4tigung \u2192 Produktion. Der Zeitzyklus h\u00e4ngt von der Produktkategorie ab.<\/p>\n<p><strong>26. Wie werden die OEM-Kosten berechnet?<\/strong><br \/>Die OEM-Kosten umfassen Designentw\u00fcrfe (kostenlos), Beutelplattengeb\u00fchren + Kautionen, Materialplattengeb\u00fchren + Kautionen und 100% OEM-Produktionskosten.<\/p>\n<p><strong>28. Wohin geht die Zukunft Ihres Unternehmens?<\/strong><br \/>Wir engagieren uns f\u00fcr die Bereitstellung qualitativ hochwertiger und kosteng\u00fcnstiger Produkte im Bereich Mutter- und Kinderpflege und arbeiten gemeinsam mit unseren Kunden daran, weitere Marktanteile zu gewinnen.<\/p>\n<p><strong>29. Bieten Sie Rabatte f\u00fcr gr\u00f6\u00dfere Bestellungen an?<\/strong><br \/>Wir gew\u00e4hren Rabatte basierend auf der Bestellmenge. Bitte teilen Sie uns Ihre spezifischen W\u00fcnsche mit und wir beantragen Geschenke oder Testpakete f\u00fcr Sie.<\/p>\n<p><strong>30. Ich bin Anf\u00e4nger. Wie kann ich eine Bestellung aufgeben?<\/strong><br \/>Teilen Sie uns bitte Ihren Produktbedarf, Ihre Marktpositionierung und Ihre Vertriebskan\u00e4le mit. Wir begleiten Sie dann durch den Bestellvorgang. Bei Importangelegenheiten unterst\u00fctzen wir Sie gerne bei der Kontaktaufnahme mit professionellen Agenturen.<\/p>\n<p><strong>31. Warum schwanken Ihre Preise?<\/strong><br \/>Aufgrund von Faktoren wie Wechselkursen und Rohstoffpreisschwankungen passen wir die Preise viertelj\u00e4hrlich an. Wir sind bestrebt, die Preisstabilit\u00e4t aufrechtzuerhalten, um die Interessen unserer Kunden zu sch\u00fctzen.<\/p>\n<p><strong>32. Was ist der Unterschied zwischen BB Kitty und Little Journey?<\/strong><br \/>Die beiden Marken haben unterschiedliche Positionierungen und Produktkonfigurationen. Bitte teilen Sie uns Ihren Markt und Ihr Budget mit und wir empfehlen Ihnen geeignete Produkte.<\/p>\n<p><strong>33. Kann ich mit einer kleinen Bestellung beginnen?<\/strong><br \/>Sie k\u00f6nnen mit dem Kauf kleiner Mengen unserer Eigenmarkenprodukte beginnen, um den Markt zu testen und das Risiko zu minimieren.<\/p>\n<p><strong>34. Kann ich Ihre bestehende Verpackung \u00e4ndern?<\/strong><br \/>Verpackungen f\u00fcr Eigenmarken k\u00f6nnen nicht ver\u00e4ndert werden. Wenn Sie individuelle Verpackungen ben\u00f6tigen, k\u00f6nnen wir diese nach Ihrem Entwurf herstellen, sofern dadurch unsere Markenrechte nicht verletzt werden.<\/p>\n<p><strong>35. Wie kann ich Alleinvertriebspartner werden?<\/strong><br \/>Wir teilen die Vertriebsregionen auf der Grundlage der Marktnachfrage und der Vertriebskapazit\u00e4ten zu. Wenn Sie Interesse daran haben, exklusiver Vertriebspartner zu werden, besprechen Sie dies bitte ausf\u00fchrlich mit uns.<\/p>\n<p><strong>36. Warum weicht die Firmenadresse von der Zertifikatsadresse ab?<\/strong><br \/>Wir sind ein integriertes Produktions- und Handelsunternehmen. Die Zertifikatsadresse ist die Fabrikadresse, w\u00e4hrend die Firmenadresse die B\u00fcroadresse ist.<\/p>\n<p><strong>37. Gibt es bei euch g\u00fcnstigere Windeln?<\/strong><br \/>Wir k\u00f6nnen Ihnen geeignete Produktkonfigurationen basierend auf Ihrem Budget empfehlen. Bitte teilen Sie uns Ihre Anforderungen mit und wir bieten Ihnen die beste L\u00f6sung.<\/p>\n<p><strong>39. Ist Ihre Produktlinie begrenzt?<\/strong><br \/>Wir erweitern unsere Produktlinie schrittweise und entwickeln weitere Produkte f\u00fcr den Markt der Mutter- und Kinderpflege. Vielen Dank f\u00fcr Ihre Geduld.<\/p>\n<p><strong>42. Wie sind Ihre Lieferzeiten und Zahlungsbedingungen?<\/strong><br \/>Die Lieferzeiten variieren je nach Produktkategorie und die Zahlungsbedingungen sind 301 TP3T Anzahlung + 701 TP3T Restbetrag (vor Versand bezahlt). Wir k\u00f6nnen Ihnen bei der Kontaktaufnahme mit Spediteuren behilflich sein.<\/p>\n<p><strong>43. Warum ist die Mindestbestellmenge hoch?<\/strong><br \/>Die Mindestbestellmenge entspricht den Industriestandards. Wenn Sie Lagerprodukte kaufen, besteht keine Mindestbestellmenge.<\/p>\n<p><strong>44. Warum ist der EXW-Preis h\u00f6her als der FOB-Preis?<\/strong><br \/>Wir bieten FOB-Preise auf Grundlage der nationalen Exportrichtlinien an, sodass Kunden von Steuerverg\u00fcnstigungen profitieren k\u00f6nnen.<\/p>\n<p><strong>45. Ich habe nur begrenzte Mittel, m\u00f6chte aber meine Marke individuell gestalten. Irgendwelche Vorschl\u00e4ge?<\/strong><br \/>Wir empfehlen, zun\u00e4chst mit unseren Eigenmarken zu beginnen, um den Markt zu testen. Sobald Ihre Vertriebskan\u00e4le etabliert sind, k\u00f6nnen Sie \u00fcber die Anpassung Ihrer Marke nachdenken.<\/p>\n<p><strong>46. Warum sind die Schimmelgeb\u00fchren hoch?<\/strong><br \/>Wir legen Wert auf Pr\u00e4zision und Druckqualit\u00e4t und stellen sicher, dass die Produkte den Designstandards unserer Kunden entsprechen.<\/p>\n<p><strong>47. Wie l\u00e4uft die Probenahme ab und welche Kosten entstehen?<\/strong><br \/>Die Musterkosten betragen 5.000 RMB bei einer Mindestbestellmenge von 200 St\u00fcck (einfach wei\u00df, Einzelgr\u00f6\u00dfe).<\/p>\n<p><strong>48. Was ist der Unterschied zwischen Kartonverpackungen und transparenten Beutelverpackungen?<\/strong><br \/>Kartonverpackungen sparen Platz und verringern die Versandkosten.<\/p>\n<p><strong>49. Bieten Sie Werbeunterst\u00fctzung an?<\/strong><br \/>Wir bieten Online- und Offline-Werbeunterst\u00fctzung, einschlie\u00dflich unabh\u00e4ngiger Website-Werbung und H\u00e4ndlerveranstaltungen.<\/p>\n<p><strong>50. Ab wann kann ich als Vertriebspartner Gewinne erzielen?<\/strong><br \/>Sie k\u00f6nnen bereits ab Ihrer ersten Bestellung Gewinne erzielen. Wir bieten Ihnen verkaufsorientierte Werbeunterst\u00fctzung.<\/p>\n<p><strong>51. Kann ich Produkte zur\u00fcckgeben, wenn sie nicht verkauft werden?<\/strong><br \/>Wir akzeptieren keine R\u00fccksendungen, k\u00f6nnen Ihnen jedoch dabei helfen, Kontakt zu anderen Kunden aufzunehmen, um die Produkte weiterzuverkaufen.<\/p>\n<p><strong>52. Bieten Sie Provisionen f\u00fcr die Vermittlung von Kunden an?<\/strong><br \/>Ja, Sie k\u00f6nnen eine Provision von 1% auf die erste Bestellung verdienen, die normalerweise als Rabatt auf zuk\u00fcnftige Bestellungen gutgeschrieben wird.<\/p>\n<p><strong>53. Kann ich Kreditbedingungen erhalten?<\/strong><br \/>Unsere Zahlungsbedingungen lauten 301 TP3T Anzahlung + 701 TP3T Restbetrag und gelten f\u00fcr alle Kunden gleicherma\u00dfen.<\/p>\n<p><strong>54. Wann werden neue Produkte auf den Markt gebracht?<\/strong><br \/>Wir entwickeln neue Produkte auf der Grundlage der Marktnachfrage. Bitte teilen Sie uns Ihre Anforderungen mit und wir werden Ihnen so schnell wie m\u00f6glich Produktinformationen zukommen lassen.<\/p>\n<p><strong>57. Was sind die Verkaufsargumente Ihrer Produkte?<\/strong><\/p>\n<ul>\n<li>\n<p>BB Kitty: Hohe Saugf\u00e4higkeit.<\/p>\n<\/li>\n<li>\n<p>Little Journey: Ultrad\u00fcnn und ultraweich.<\/p>\n<\/li>\n<li>\n<p>F\u00fcr weitere Marktempfehlungen kontaktieren Sie uns bitte.<\/p>\n<\/li>\n<\/ul>\n<p>Bei weiteren Fragen melde Dich gerne bei uns!<\/p>\t\t\t\t\t\t\t\t<\/div>\n\t\t\t\t\t<\/div>\n\t\t\t\t<\/div>\n\t\t\t\t<\/div>","protected":false},"excerpt":{"rendered":"<p>FAQ 1. Sind Sie eine Fabrik? Wir sind ein integriertes Produktions- und Handelsunternehmen mit 12 Jahren Produktionserfahrung [...]<\/p>","protected":false},"author":3,"featured_media":93792,"parent":0,"menu_order":0,"comment_status":"closed","ping_status":"closed","template":"","meta":{"site-sidebar-layout":"default","site-content-layout":"","ast-site-content-layout":"","site-content-style":"default","site-sidebar-style":"default","ast-global-header-display":"","ast-banner-title-visibility":"","ast-main-header-display":"","ast-hfb-above-header-display":"","ast-hfb-below-header-display":"","ast-hfb-mobile-header-display":"","site-post-title":"","ast-breadcrumbs-content":"","ast-featured-img":"","footer-sml-layout":"","theme-transparent-header-meta":"","adv-header-id-meta":"","stick-header-meta":"","header-above-stick-meta":"","header-main-stick-meta":"","header-below-stick-meta":"","astra-migrate-meta-layouts":"default","ast-page-background-enabled":"default","ast-page-background-meta":{"desktop":{"background-color":"var(--ast-global-color-4)","background-image":"","background-repeat":"repeat","background-position":"center center","background-size":"auto","background-attachment":"scroll","background-type":"","background-media":"","overlay-type":"","overlay-color":"","overlay-opacity":"","overlay-gradient":""},"tablet":{"background-color":"","background-image":"","background-repeat":"repeat","background-position":"center center","background-size":"auto","background-attachment":"scroll","background-type":"","background-media":"","overlay-type":"","overlay-color":"","overlay-opacity":"","overlay-gradient":""},"mobile":{"background-color":"","background-image":"","background-repeat":"repeat","background-position":"center center","background-size":"auto","background-attachment":"scroll","background-type":"","background-media":"","overlay-type":"","overlay-color":"","overlay-opacity":"","overlay-gradient":""}},"ast-content-background-meta":{"desktop":{"background-color":"var(--ast-global-color-5)","background-image":"","background-repeat":"repeat","background-position":"center center","background-size":"auto","background-attachment":"scroll","background-type":"","background-media":"","overlay-type":"","overlay-color":"","overlay-opacity":"","overlay-gradient":""},"tablet":{"background-color":"var(--ast-global-color-5)","background-image":"","background-repeat":"repeat","background-position":"center center","background-size":"auto","background-attachment":"scroll","background-type":"","background-media":"","overlay-type":"","overlay-color":"","overlay-opacity":"","overlay-gradient":""},"mobile":{"background-color":"var(--ast-global-color-5)","background-image":"","background-repeat":"repeat","background-position":"center center","background-size":"auto","background-attachment":"scroll","background-type":"","background-media":"","overlay-type":"","overlay-color":"","overlay-opacity":"","overlay-gradient":""}},"footnotes":""},"class_list":["post-95896","page","type-page","status-publish","has-post-thumbnail","hentry"],"_links":{"self":[{"href":"https:\/\/bbkitty.com\/de\/wp-json\/wp\/v2\/pages\/95896","targetHints":{"allow":["GET"]}}],"collection":[{"href":"https:\/\/bbkitty.com\/de\/wp-json\/wp\/v2\/pages"}],"about":[{"href":"https:\/\/bbkitty.com\/de\/wp-json\/wp\/v2\/types\/page"}],"author":[{"embeddable":true,"href":"https:\/\/bbkitty.com\/de\/wp-json\/wp\/v2\/users\/3"}],"replies":[{"embeddable":true,"href":"https:\/\/bbkitty.com\/de\/wp-json\/wp\/v2\/comments?post=95896"}],"version-history":[{"count":0,"href":"https:\/\/bbkitty.com\/de\/wp-json\/wp\/v2\/pages\/95896\/revisions"}],"wp:featuredmedia":[{"embeddable":true,"href":"https:\/\/bbkitty.com\/de\/wp-json\/wp\/v2\/media\/93792"}],"wp:attachment":[{"href":"https:\/\/bbkitty.com\/de\/wp-json\/wp\/v2\/media?parent=95896"}],"curies":[{"name":"wp","href":"https:\/\/api.w.org\/{rel}","templated":true}]}}