{"id":95896,"date":"2025-01-10T09:28:41","date_gmt":"2025-01-10T09:28:41","guid":{"rendered":"https:\/\/bbkitty.com\/?page_id=95896"},"modified":"2025-01-10T09:34:20","modified_gmt":"2025-01-10T09:34:20","slug":"faq","status":"publish","type":"page","link":"https:\/\/bbkitty.com\/da\/faq\/","title":{"rendered":"OFTE STILLEDE SP\u00d8RGSM\u00c5L"},"content":{"rendered":"<div data-elementor-type=\"wp-page\" data-elementor-id=\"95896\" class=\"elementor elementor-95896\" data-elementor-post-type=\"page\">\n\t\t\t\t<div class=\"elementor-element elementor-element-bf45c02 e-flex e-con-boxed e-con e-parent\" data-id=\"bf45c02\" data-element_type=\"container\">\n\t\t\t\t\t<div class=\"e-con-inner\">\n\t\t\t\t<div class=\"elementor-element elementor-element-5a9e6ba elementor-widget elementor-widget-heading\" data-id=\"5a9e6ba\" data-element_type=\"widget\" data-widget_type=\"heading.default\">\n\t\t\t\t\t<h1 class=\"elementor-heading-title elementor-size-default\">OFTE STILLEDE SP\u00d8RGSM\u00c5L<\/h1>\t\t\t\t<\/div>\n\t\t\t\t<div class=\"elementor-element elementor-element-dfc41ce elementor-widget elementor-widget-image\" data-id=\"dfc41ce\" data-element_type=\"widget\" data-widget_type=\"image.default\">\n\t\t\t\t\t\t\t\t\t\t\t\t\t\t\t<img fetchpriority=\"high\" decoding=\"async\" width=\"750\" height=\"119\" src=\"https:\/\/bbkitty.com\/wp-content\/uploads\/2024\/03\/BBKitty_05.webp\" class=\"attachment-large size-large wp-image-93792\" alt=\"\" \/>\t\t\t\t\t\t\t\t\t\t\t\t\t\t\t<\/div>\n\t\t\t\t<div class=\"elementor-element elementor-element-b3b19bf elementor-widget elementor-widget-text-editor\" data-id=\"b3b19bf\" data-element_type=\"widget\" data-widget_type=\"text-editor.default\">\n\t\t\t\t\t\t\t\t\t<h3><strong style=\"font-size: 17px; font-style: inherit; text-align: var(--text-align); background-color: var(--ast-global-color-5); color: var(--ast-global-color-3); font-family: 'Noto Sans', sans-serif;\">1. Er du en fabrik?<\/strong><\/h3>\n<p>Vi er en integreret produktions- og handelsvirksomhed med 12 \u00e5rs produktionserfaring og over et \u00e5rti med brancheekspertise. Vi har flere egne m\u00e6rker, som er popul\u00e6re i mange lande. Vi er forpligtet til at arbejde med distribut\u00f8rer for gensidig v\u00e6kst og succes. Vi leverer ogs\u00e5 OEM\/ODM-tjenester og support til branddrift.<\/p>\n<p><strong>2. Hvor ligger din fabrik?<\/strong><br \/>Vores fabrik ligger i Quanzhou, Kina, som er et knudepunkt for hygiejneprodukter som bleer, tr\u00e6ningsbukser, voksenbleer og hygiejnebind. Du er altid velkommen til at bes\u00f8ge vores fabrik.<\/p>\n<p><strong>3. M\u00e5 jeg bes\u00f8ge din fabrik?<\/strong><br \/>Helt sikkert! For at sikre en bedre oplevelse bedes du informere os p\u00e5 forh\u00e5nd om dit bes\u00f8gstidspunkt og antallet af deltagere. Vi s\u00f8rger for professionelt personale til at guide jer og planl\u00e6gge ruten. Hvis du ikke har mulighed for at bes\u00f8ge Kina i \u00f8jeblikket, kan vi ogs\u00e5 tilbyde en virtuel rundvisning p\u00e5 fabrikken via videokonference.<\/p>\n<p><strong>4. Hvor mange produktionslinjer har du?<\/strong><br \/>Vi har flere h\u00f8jhastigheds-produktionslinjer, herunder:<\/p>\n<ul>\n<li>\n<p>4 store linningsmaskiner (500 stykker\/minut)<\/p>\n<\/li>\n<li>\n<p>2 alt-i-en-buksemaskiner (400 stykker\/minut)<\/p>\n<\/li>\n<li>\n<p>2 tredelte tr\u00e6ningsbuksemaskiner (450 stykker\/minut)<\/p>\n<\/li>\n<li>\n<p>1 tr\u00e6ningsbuksemaskine til voksne og 1 blemaskine til voksne (300 stykker\/minut)<\/p>\n<\/li>\n<\/ul>\n<p>Alt udstyr er udstyret med automatiserede pakke- og kvalitetsinspektionsfunktioner for at sikre produktkvaliteten.<\/p>\n<p><strong>5. Hvad er dine vigtigste markeder?<\/strong><br \/>Vores kernemarkeder omfatter Centralasien, Syd\u00f8stasien og Rusland, hvor der er stor eftersp\u00f8rgsel efter vores egne m\u00e6rker og OEM-produkter. Vi ekspanderer i \u00f8jeblikket globalt og byder interesserede distribut\u00f8rer velkommen til at kontakte os.<\/p>\n<p><strong>6. Hvilke certificeringer har du?<\/strong><br \/>Vi har forskellige branchecertificeringer, herunder ISO, CE, SGS, Demeter og Hala. For russisktalende regioner har vi ogs\u00e5 EAC-certificering. Hvis du har specifikke certificeringskrav, kan vi hj\u00e6lpe dig med at opn\u00e5 tredjepartscertificeringer.<\/p>\n<p><strong>7. Hvilke m\u00e6rker producerer du?<\/strong><br \/>Vores egne m\u00e6rker omfatter BB Kitty, LJ og Beili, som henvender sig til forskellige markedssegmenter. Derudover leverer vi OEM-tjenester til flere supermarkeder og kendte m\u00e6rker. Hvis du har specifikke markedsbehov, kan vi anbefale passende produkter.<\/p>\n<p><strong>8. Hvad er jeres MOQ (Minimum Order Quantity)?<\/strong><br \/>MOQ varierer afh\u00e6ngigt af produktkategori. Fort\u00e6l os om dine krav, s\u00e5 giver vi dig detaljerede oplysninger.<\/p>\n<p><strong>9. Accepterer du tilpasning?<\/strong><br \/>Ja, vi har over et \u00e5rti med OEM-erfaring og tilbyder one-stop-tilpasningstjenester. Fort\u00e6l os om dine krav, s\u00e5 skr\u00e6ddersyr vi en l\u00f8sning til dig.<\/p>\n<p><strong>10. Tilbyder du designtjenester?<\/strong><br \/>Vi kan designe efter dine behov eller levere eksisterende design til din reference.<\/p>\n<p><strong>11. Hvad er din leveringstid?<\/strong><br \/>Leveringstiden afh\u00e6nger af produktkategorien. Typisk tager den f\u00f8rste ordre 45 dage, og efterf\u00f8lgende ordrer tager 30 dage.<\/p>\n<p><strong>12. Hvad er dine betalingsbetingelser?<\/strong><br \/>Vores betalingsbetingelser er: 30% depositum + 70% saldo (betalt f\u00f8r forsendelse).<\/p>\n<p><strong>13. Hvordan kan jeg blive jeres distribut\u00f8r?<\/strong><br \/>Det er enkelt at blive vores distribut\u00f8r. N\u00e5r du har bekr\u00e6ftet produkterne og priserne, kan du starte med en h\u00f8j container. Vi stiller politikker for distribut\u00f8rst\u00f8tte til r\u00e5dighed for at hj\u00e6lpe dig med hurtigt at komme ind p\u00e5 markedet.<\/p>\n<p><strong>14. Hvad er de vigtigste vilk\u00e5r i distribut\u00f8raftalen?<\/strong><\/p>\n<ul>\n<li>\n<p>Typisk indg\u00e5r vi eksklusive distribut\u00f8raftaler p\u00e5 byniveau med et m\u00e5nedligt minimumsordrekrav p\u00e5 4*40HQ.<\/p>\n<\/li>\n<li>\n<p>Gebyrer for brandgodkendelse er faste.<\/p>\n<\/li>\n<li>\n<p>Vi indf\u00f8rer minimumspriskontrol for lokalt engros-, detail- og onlinesalg for at sikre et fair konkurrencemilj\u00f8.<\/p>\n<\/li>\n<\/ul>\n<p><strong>15. Hvad er fordelene ved at blive distribut\u00f8r?<\/strong><\/p>\n<ul>\n<li>\n<p><strong>Overskudsgaranti<\/strong>: Distribut\u00f8rerne tjener mere end os, og vi opretholder stabile priser, selv n\u00e5r r\u00e5vareomkostningerne stiger.<\/p>\n<\/li>\n<li>\n<p><strong>Kvalitetssikring<\/strong>: Vi sikrer en ensartet produktkvalitet, der garanterer langsigtet rentabilitet for distribut\u00f8rerne.<\/p>\n<\/li>\n<li>\n<p><strong>Salgsst\u00f8tte<\/strong>: Vi tilbyder salgsincitamenter og markedsf\u00f8ringsst\u00f8tte, b\u00e5de online og offline.<\/p>\n<\/li>\n<li>\n<p><strong>Gensidig v\u00e6kst<\/strong>: Vi samarbejder med distribut\u00f8rer om at udforske markedets behov, udvide produktlinjer og opn\u00e5 win-win-resultater.<\/p>\n<\/li>\n<\/ul>\n<p><strong>16. Hvilken st\u00f8tte giver du?<\/strong><br \/>Vi tilbyder omfattende distribut\u00f8rsupport, herunder markedsf\u00f8ring, salgsincitamenter og produkttr\u00e6ning. Fort\u00e6l os om dine specifikke behov, s\u00e5 skr\u00e6ddersyr vi en supportplan til dig.<\/p>\n<p><strong>17. Hvilke produkter tilbyder du?<\/strong><br \/>Vores produktsortiment omfatter babyserier, voksenserier, feminine plejeserier og k\u00e6ledyrsserier. Fort\u00e6l os om dine specifikke behov, s\u00e5 anbefaler vi passende produkter.<\/p>\n<p><strong>18. Hvordan kan jeg f\u00e5 pr\u00f8ver?<\/strong><br \/>Vi kan levere gratis pr\u00f8ver (begr\u00e6nset antal), men forsendelsesomkostningerne b\u00e6res af kunden. Fort\u00e6l os venligst om dine specifikke krav.<\/p>\n<p><strong>19. Hvilke st\u00f8rrelser er tilg\u00e6ngelige for dine produkter?<\/strong><br \/>St\u00f8rrelserne varierer efter produktkategori. Fort\u00e6l os, hvilket produkt du er interesseret i, s\u00e5 giver vi dig et detaljeret st\u00f8rrelsesskema.<\/p>\n<p><strong>20. Kan jeg f\u00e5 et produktkatalog?<\/strong><br \/>Naturligvis. Vores produktsortiment er omfattende. Fort\u00e6l os om dine specifikke behov, s\u00e5 udarbejder vi et m\u00e5lrettet katalog.<\/p>\n<p><strong>21. Hvilke materialer bruger du til produktionen?<\/strong><br \/>Vi bruger materialer af h\u00f8j kvalitet til produktionen, som varierer efter produktkategori. Fort\u00e6l os om dine krav, s\u00e5 giver vi dig detaljerede oplysninger.<\/p>\n<p><strong>22. Hvad er forskellen p\u00e5 bleer, tr\u00e6ningsbukser og alt-i-en-bukser?<\/strong><br \/>Vi leverer detaljerede sammenligningsbilleder og -videoer, der hj\u00e6lper dig med at forst\u00e5 de forskellige produkters funktioner og anvendelsesmuligheder.<\/p>\n<p><strong>23. Kan jeg returnere produkter, hvis der er kvalitetsproblemer?<\/strong><br \/>Vi har et strengt kvalitetskontrolsystem med flere inspektioner fra r\u00e5varer til f\u00e6rdige produkter. Hvis du st\u00f8der p\u00e5 kvalitetsproblemer, bedes du kontakte os, s\u00e5 finder vi en passende l\u00f8sning.<\/p>\n<p><strong>24. Hvordan sikrer I eftersalgsservice?<\/strong><br \/>Vi har et professionelt eftersalgsteam, der er klar til at hj\u00e6lpe kunderne og sikre tilfredshed.<\/p>\n<p><strong>25. Hvad er OEM-produktionsprocessen?<\/strong><br \/>OEM-processen omfatter: designudkast \u2192 pladefremstilling \u2192 pr\u00f8veudtagning \u2192 bekr\u00e6ftelse \u2192 produktion. Tidscyklussen afh\u00e6nger af produktkategorien.<\/p>\n<p><strong>26. Hvordan beregnes OEM-omkostningerne?<\/strong><br \/>OEM-omkostninger omfatter designudkast (gratis), gebyrer for poseplader + depositum, gebyrer for materialeplader + depositum og 100% OEM-produktionsomkostninger.<\/p>\n<p><strong>28. Hvad er den fremtidige retning for din virksomhed?<\/strong><br \/>Vi er forpligtet til at levere omkostningseffektive produkter af h\u00f8j kvalitet til m\u00f8dre- og b\u00f8rnepasningssektoren og samarbejde med kunderne om at vinde flere markedsandele.<\/p>\n<p><strong>29. Giver I rabat p\u00e5 st\u00f8rre ordrer?<\/strong><br \/>Vi giver rabatter baseret p\u00e5 ordrem\u00e6ngde. Fort\u00e6l os om dine specifikke behov, s\u00e5 vil vi s\u00f8ge om gaver eller pr\u00f8vepakker til dig.<\/p>\n<p><strong>30. Jeg er nybegynder. Hvordan kan jeg afgive en ordre?<\/strong><br \/>Fort\u00e6l os om dine produktbehov, markedspositionering og salgskanaler, s\u00e5 guider vi dig gennem bestillingsprocessen. I forbindelse med import kan vi hj\u00e6lpe dig med at kontakte professionelle agenturer.<\/p>\n<p><strong>31. Hvorfor svinger dine priser?<\/strong><br \/>P\u00e5 grund af faktorer som valutakurser og udsving i r\u00e5varepriserne justerer vi priserne hvert kvartal. Vi bestr\u00e6ber os p\u00e5 at opretholde prisstabilitet for at beskytte kundernes interesser.<\/p>\n<p><strong>32. Hvad er forskellen mellem BB Kitty og Little Journey?<\/strong><br \/>De to m\u00e6rker har forskellig positionering og produktkonfigurationer. Fort\u00e6l os om dit marked og dit budget, s\u00e5 vil vi anbefale passende produkter.<\/p>\n<p><strong>33. Kan jeg starte med en lille ordre?<\/strong><br \/>Du kan starte med at k\u00f8be sm\u00e5 m\u00e6ngder af vores egne m\u00e6rkevarer for at teste markedet og minimere risikoen.<\/p>\n<p><strong>34. Kan jeg \u00e6ndre jeres eksisterende emballage?<\/strong><br \/>Emballage til egne m\u00e6rker kan ikke \u00e6ndres. Hvis du har brug for specialemballage, kan vi producere den i henhold til dit design, forudsat at det ikke kr\u00e6nker vores varem\u00e6rkerettigheder.<\/p>\n<p><strong>35. Hvordan kan jeg blive eksklusiv distribut\u00f8r?<\/strong><br \/>Vi tildeler distributionsregioner baseret p\u00e5 markedets eftersp\u00f8rgsel og distribut\u00f8rens kapacitet. Hvis du er interesseret i at blive eksklusiv distribut\u00f8r, s\u00e5 tal med os om det.<\/p>\n<p><strong>36. Hvorfor er firmaadressen forskellig fra certifikatadressen?<\/strong><br \/>Vi er en integreret produktions- og handelsvirksomhed. Certifikatadressen er fabriksadressen, mens firmaadressen er kontoradressen.<\/p>\n<p><strong>37. Har du billigere bleer?<\/strong><br \/>Vi kan anbefale passende produktkonfigurationer baseret p\u00e5 dit budget. Fort\u00e6l os om dine krav, s\u00e5 finder vi den bedste l\u00f8sning.<\/p>\n<p><strong>39. Er dit produktsortiment begr\u00e6nset?<\/strong><br \/>Vi udvider gradvist vores produktlinje og udvikler flere produkter til markedet for m\u00f8dre- og b\u00f8rnepleje. Tak for din t\u00e5lmodighed.<\/p>\n<p><strong>42. Hvad er jeres leveringstider og betalingsbetingelser?<\/strong><br \/>Leveringstiderne varierer efter produktkategori, og betalingsbetingelserne er 30% depositum + 70% restbel\u00f8b (betales f\u00f8r afsendelse). Vi kan hj\u00e6lpe dig med at kontakte spedit\u00f8rer.<\/p>\n<p><strong>43. Hvorfor er MOQ h\u00f8j?<\/strong><br \/>MOQ overholder industristandarderne. Hvis du k\u00f8ber lagervarer, er der ikke noget krav om MOQ.<\/p>\n<p><strong>44. Hvorfor er EXW-prisen h\u00f8jere end FOB-prisen?<\/strong><br \/>Vi tilbyder FOB-priser baseret p\u00e5 nationale eksportpolitikker, s\u00e5 kunderne kan drage fordel af skatterabatter.<\/p>\n<p><strong>45. Jeg har begr\u00e6nsede midler, men vil gerne tilpasse mit brand. Har du nogle forslag?<\/strong><br \/>Vi anbefaler at starte med vores egne m\u00e6rker for at teste markedet. N\u00e5r dine salgskanaler er etableret, kan du overveje at tilpasse dit brand.<\/p>\n<p><strong>46. Hvorfor er skimmelgebyrerne h\u00f8je?<\/strong><br \/>Vi prioriterer pr\u00e6cision og printkvalitet og sikrer, at produkterne lever op til kundernes designstandarder.<\/p>\n<p><strong>47. Hvad er pr\u00f8vetagningsprocessen og omkostningerne?<\/strong><br \/>Pr\u00f8vetagning koster 5.000 RMB med en MOQ p\u00e5 200 stykker (almindelig hvid, enkelt st\u00f8rrelse).<\/p>\n<p><strong>48. Hvad er forskellen mellem kartonemballage og gennemsigtig poseemballage?<\/strong><br \/>Kartonemballage sparer plads og reducerer forsendelsesomkostningerne.<\/p>\n<p><strong>49. Giver du st\u00f8tte til reklamer?<\/strong><br \/>Vi tilbyder online og offline reklamesupport, herunder uafh\u00e6ngige hjemmesidekampagner og distribut\u00f8rarrangementer.<\/p>\n<p><strong>50. Hvorn\u00e5r kan jeg begynde at tjene penge som distribut\u00f8r?<\/strong><br \/>Du kan begynde at tjene penge fra din f\u00f8rste ordre. Vi giver reklamesupport baseret p\u00e5 salgsresultater.<\/p>\n<p><strong>51. Kan jeg returnere produkter, hvis de ikke s\u00e6lger?<\/strong><br \/>Vi tager ikke imod returvarer, men vi kan hj\u00e6lpe dig med at kontakte andre kunder, som kan videres\u00e6lge produkterne.<\/p>\n<p><strong>52. Tilbyder du provision for at henvise kunder?<\/strong><br \/>Ja, du kan tjene en 1%-provision p\u00e5 den f\u00f8rste ordre, som normalt krediteres som en rabat p\u00e5 fremtidige ordrer.<\/p>\n<p><strong>53. Kan jeg f\u00e5 kreditvilk\u00e5r?<\/strong><br \/>Vores betalingsbetingelser er 30% depositum + 70% saldo, der g\u00e6lder lige for alle kunder.<\/p>\n<p><strong>54. Hvorn\u00e5r bliver der lanceret nye produkter?<\/strong><br \/>Vi udvikler nye produkter baseret p\u00e5 markedets eftersp\u00f8rgsel. Fort\u00e6l os om dine behov, s\u00e5 giver vi dig produktinformation s\u00e5 hurtigt som muligt.<\/p>\n<p><strong>57. Hvad er salgsargumenterne for dine produkter?<\/strong><\/p>\n<ul>\n<li>\n<p>BB Kitty: H\u00f8j sugeevne.<\/p>\n<\/li>\n<li>\n<p>Lille rejse: Ultratynd og ultrabl\u00f8d.<\/p>\n<\/li>\n<li>\n<p>Kontakt os for andre markedsanbefalinger.<\/p>\n<\/li>\n<\/ul>\n<p>Hvis du har andre sp\u00f8rgsm\u00e5l, er du velkommen til at kontakte os!<\/p>\t\t\t\t\t\t\t\t<\/div>\n\t\t\t\t\t<\/div>\n\t\t\t\t<\/div>\n\t\t\t\t<\/div>","protected":false},"excerpt":{"rendered":"<p>FAQ 1. Er du en fabrik? Vi er en integreret produktions- og handelsvirksomhed med 12 \u00e5rs produktionserfaring [...].<\/p>","protected":false},"author":3,"featured_media":93792,"parent":0,"menu_order":0,"comment_status":"closed","ping_status":"closed","template":"","meta":{"site-sidebar-layout":"default","site-content-layout":"","ast-site-content-layout":"","site-content-style":"default","site-sidebar-style":"default","ast-global-header-display":"","ast-banner-title-visibility":"","ast-main-header-display":"","ast-hfb-above-header-display":"","ast-hfb-below-header-display":"","ast-hfb-mobile-header-display":"","site-post-title":"","ast-breadcrumbs-content":"","ast-featured-img":"","footer-sml-layout":"","theme-transparent-header-meta":"","adv-header-id-meta":"","stick-header-meta":"","header-above-stick-meta":"","header-main-stick-meta":"","header-below-stick-meta":"","astra-migrate-meta-layouts":"default","ast-page-background-enabled":"default","ast-page-background-meta":{"desktop":{"background-color":"var(--ast-global-color-4)","background-image":"","background-repeat":"repeat","background-position":"center center","background-size":"auto","background-attachment":"scroll","background-type":"","background-media":"","overlay-type":"","overlay-color":"","overlay-opacity":"","overlay-gradient":""},"tablet":{"background-color":"","background-image":"","background-repeat":"repeat","background-position":"center center","background-size":"auto","background-attachment":"scroll","background-type":"","background-media":"","overlay-type":"","overlay-color":"","overlay-opacity":"","overlay-gradient":""},"mobile":{"background-color":"","background-image":"","background-repeat":"repeat","background-position":"center center","background-size":"auto","background-attachment":"scroll","background-type":"","background-media":"","overlay-type":"","overlay-color":"","overlay-opacity":"","overlay-gradient":""}},"ast-content-background-meta":{"desktop":{"background-color":"var(--ast-global-color-5)","background-image":"","background-repeat":"repeat","background-position":"center center","background-size":"auto","background-attachment":"scroll","background-type":"","background-media":"","overlay-type":"","overlay-color":"","overlay-opacity":"","overlay-gradient":""},"tablet":{"background-color":"var(--ast-global-color-5)","background-image":"","background-repeat":"repeat","background-position":"center center","background-size":"auto","background-attachment":"scroll","background-type":"","background-media":"","overlay-type":"","overlay-color":"","overlay-opacity":"","overlay-gradient":""},"mobile":{"background-color":"var(--ast-global-color-5)","background-image":"","background-repeat":"repeat","background-position":"center center","background-size":"auto","background-attachment":"scroll","background-type":"","background-media":"","overlay-type":"","overlay-color":"","overlay-opacity":"","overlay-gradient":""}},"footnotes":""},"class_list":["post-95896","page","type-page","status-publish","has-post-thumbnail","hentry"],"_links":{"self":[{"href":"https:\/\/bbkitty.com\/da\/wp-json\/wp\/v2\/pages\/95896","targetHints":{"allow":["GET"]}}],"collection":[{"href":"https:\/\/bbkitty.com\/da\/wp-json\/wp\/v2\/pages"}],"about":[{"href":"https:\/\/bbkitty.com\/da\/wp-json\/wp\/v2\/types\/page"}],"author":[{"embeddable":true,"href":"https:\/\/bbkitty.com\/da\/wp-json\/wp\/v2\/users\/3"}],"replies":[{"embeddable":true,"href":"https:\/\/bbkitty.com\/da\/wp-json\/wp\/v2\/comments?post=95896"}],"version-history":[{"count":0,"href":"https:\/\/bbkitty.com\/da\/wp-json\/wp\/v2\/pages\/95896\/revisions"}],"wp:featuredmedia":[{"embeddable":true,"href":"https:\/\/bbkitty.com\/da\/wp-json\/wp\/v2\/media\/93792"}],"wp:attachment":[{"href":"https:\/\/bbkitty.com\/da\/wp-json\/wp\/v2\/media?parent=95896"}],"curies":[{"name":"wp","href":"https:\/\/api.w.org\/{rel}","templated":true}]}}