{"id":93991,"date":"2024-04-24T01:27:45","date_gmt":"2024-04-24T01:27:45","guid":{"rendered":"https:\/\/bbkitty.com\/?page_id=93991"},"modified":"2024-08-01T06:58:03","modified_gmt":"2024-08-01T06:58:03","slug":"privacy-policy","status":"publish","type":"page","link":"https:\/\/bbkitty.com\/da\/privacy-policy\/","title":{"rendered":"Politik for beskyttelse af personlige oplysninger"},"content":{"rendered":"<div data-elementor-type=\"wp-page\" data-elementor-id=\"93991\" class=\"elementor elementor-93991\" data-elementor-post-type=\"page\">\n\t\t\t\t<div class=\"elementor-element elementor-element-ebf0fd7 e-flex e-con-boxed e-con e-parent\" data-id=\"ebf0fd7\" data-element_type=\"container\">\n\t\t\t\t\t<div class=\"e-con-inner\">\n\t\t\t\t<div class=\"elementor-element elementor-element-3c3fbda elementor-widget elementor-widget-spacer\" data-id=\"3c3fbda\" data-element_type=\"widget\" data-widget_type=\"spacer.default\">\n\t\t\t\t\t\t\t<div class=\"elementor-spacer\">\n\t\t\t<div class=\"elementor-spacer-inner\"><\/div>\n\t\t<\/div>\n\t\t\t\t\t\t<\/div>\n\t\t\t\t\t<\/div>\n\t\t\t\t<\/div>\n\t\t<div class=\"elementor-element elementor-element-8e95c06 e-flex e-con-boxed e-con e-parent\" data-id=\"8e95c06\" data-element_type=\"container\">\n\t\t\t\t\t<div class=\"e-con-inner\">\n\t\t\t\t<div class=\"elementor-element elementor-element-ec5af1b elementor-widget elementor-widget-shortcode\" data-id=\"ec5af1b\" data-element_type=\"widget\" data-widget_type=\"shortcode.default\">\n\t\t\t\t\t\t\t<div class=\"elementor-shortcode\"><h1>Politik for beskyttelse af personlige oplysninger<\/h1>\n<p>Sidst opdateret: 24. april 2024<\/p>\n<p>Denne privatlivspolitik beskriver vores politikker og procedurer for indsamling, brug og videregivelse af dine oplysninger, n\u00e5r du bruger tjenesten, og fort\u00e6ller dig om dine rettigheder til privatlivets fred, og hvordan loven beskytter dig.<\/p>\n<p>Vi bruger dine personlige data til at levere og forbedre tjenesten. Ved at bruge tjenesten accepterer du indsamling og brug af oplysninger i overensstemmelse med denne fortrolighedspolitik. Denne fortrolighedspolitik er blevet oprettet med hj\u00e6lp fra <a href=\"https:\/\/www.freeprivacypolicy.com\/free-privacy-policy-generator\/\" target=\"_blank\" rel=\"noopener\">Gratis generator til privatlivspolitik<\/a>.<\/p>\n<h2>Fortolkning og definitioner<\/h2>\n<h3>Fortolkning<\/h3>\n<p>De ord, hvis begyndelsesbogstav er skrevet med stort, har betydninger, der er defineret under f\u00f8lgende betingelser. F\u00f8lgende definitioner har samme betydning, uanset om de forekommer i ental eller flertal.<\/p>\n<h3>Definitioner<\/h3>\n<p>I forbindelse med denne privatlivspolitik:<\/p>\n<ul>\n<li>\n<p><strong>Konto<\/strong> betyder en unik konto, der er oprettet til dig for at f\u00e5 adgang til vores tjeneste eller dele af vores tjeneste.<\/p>\n<\/li>\n<li>\n<p><strong>Tilknyttet virksomhed<\/strong> betyder en enhed, der kontrollerer, kontrolleres af eller er under f\u00e6lles kontrol med en part, hvor \"kontrol\" betyder ejerskab af 50% eller mere af aktierne, kapitalinteressen eller andre v\u00e6rdipapirer, der er berettiget til at stemme ved valg af bestyrelsesmedlemmer eller anden ledelsesmyndighed.<\/p>\n<\/li>\n<li>\n<p><strong>Virksomhed<\/strong> (ben\u00e6vnt enten \"virksomheden\", \"vi\", \"os\" eller \"vores\" i denne aftale) henviser til Quanzhou Sun Care Co, Ltd., Room 1405, Vanke Building1-1, Fuxi Road 209,Donghai Street, Fengze District, Quanzhou City, Fujian Province, Kina.<\/p>\n<\/li>\n<li>\n<p><strong>Sm\u00e5kager<\/strong> er sm\u00e5 filer, der placeres p\u00e5 din computer, mobilenhed eller en anden enhed af et websted, og som indeholder oplysninger om din browserhistorik p\u00e5 det p\u00e5g\u00e6ldende websted blandt mange andre form\u00e5l.<\/p>\n<\/li>\n<li>\n<p><strong>Land<\/strong> henviser til:  Kina<\/p>\n<\/li>\n<li>\n<p><strong>Enhed<\/strong> betyder enhver enhed, der kan f\u00e5 adgang til tjenesten, f.eks. en computer, en mobiltelefon eller en digital tablet.<\/p>\n<\/li>\n<li>\n<p><strong>Personlige data<\/strong> er alle oplysninger, der vedr\u00f8rer en identificeret eller identificerbar person.<\/p>\n<\/li>\n<li>\n<p><strong>Service<\/strong> henviser til webstedet.<\/p>\n<\/li>\n<li>\n<p><strong>Tjenesteudbyder<\/strong> betyder enhver fysisk eller juridisk person, der behandler dataene p\u00e5 vegne af virksomheden. Det henviser til tredjepartsvirksomheder eller enkeltpersoner, der er ansat af virksomheden til at lette tjenesten, til at levere tjenesten p\u00e5 vegne af virksomheden, til at udf\u00f8re tjenester relateret til tjenesten eller til at hj\u00e6lpe virksomheden med at analysere, hvordan tjenesten bruges.<\/p>\n<\/li>\n<li>\n<p><strong>Brugsdata<\/strong> henviser til data, der indsamles automatisk, enten genereret af brugen af tjenesten eller fra selve tjenesteinfrastrukturen (f.eks. varigheden af et sidebes\u00f8g).<\/p>\n<\/li>\n<li>\n<p><strong>Hjemmeside<\/strong> henviser til BB KITTY, der er tilg\u00e6ngelig fra <a href=\"https:\/\/www.bbkitty.com\" rel=\"external nofollow noopener\" target=\"_blank\">https:\/\/www.bbkitty.com<\/a><\/p>\n<\/li>\n<li>\n<p><strong>Du<\/strong> betyder den person, der f\u00e5r adgang til eller bruger tjenesten, eller virksomheden eller anden juridisk enhed p\u00e5 vegne af hvilken en s\u00e5dan person f\u00e5r adgang til eller bruger tjenesten, alt efter hvad der er relevant.<\/p>\n<\/li>\n<\/ul>\n<h2>Indsamling og brug af dine personlige data<\/h2>\n<h3>Typer af indsamlede data<\/h3>\n<h4>Personlige data<\/h4>\n<p>N\u00e5r du bruger vores tjeneste, kan vi bede dig om at give os visse personligt identificerbare oplysninger, der kan bruges til at kontakte eller identificere dig. Personligt identificerbare oplysninger kan omfatte, men er ikke begr\u00e6nset til:<\/p>\n<ul>\n<li>\n<p>E-mail-adresse<\/p>\n<\/li>\n<li>\n<p>Fornavn og efternavn<\/p>\n<\/li>\n<li>\n<p>Telefonnummer<\/p>\n<\/li>\n<li>\n<p>Brugsdata<\/p>\n<\/li>\n<\/ul>\n<h4>Brugsdata<\/h4>\n<p>Brugsdata indsamles automatisk, n\u00e5r du bruger tjenesten.<\/p>\n<p>Brugsdata kan omfatte oplysninger s\u00e5som din enheds internetprotokoladresse (f.eks. IP-adresse), browsertype, browserversion, de sider i vores tjeneste, som du bes\u00f8ger, tidspunktet og datoen for dit bes\u00f8g, den tid, der er brugt p\u00e5 disse sider, unikke enhedsidentifikatorer og andre diagnostiske data.<\/p>\n<p>N\u00e5r du f\u00e5r adgang til tjenesten med eller via en mobilenhed, kan vi indsamle visse oplysninger automatisk, herunder, men ikke begr\u00e6nset til, den type mobilenhed, du bruger, din mobilenheds unikke ID, IP-adressen p\u00e5 din mobilenhed, dit mobile operativsystem, den type mobil internetbrowser, du bruger, unikke enhedsidentifikatorer og andre diagnostiske data.<\/p>\n<p>Vi kan ogs\u00e5 indsamle oplysninger, som din browser sender, n\u00e5r du bes\u00f8ger vores tjeneste, eller n\u00e5r du f\u00e5r adgang til tjenesten med eller via en mobilenhed.<\/p>\n<h4>Sporingsteknologier og cookies<\/h4>\n<p>Vi bruger cookies og lignende sporingsteknologier til at spore aktiviteten p\u00e5 vores tjeneste og gemme visse oplysninger. Sporingsteknologier, der bruges, er beacons, tags og scripts til at indsamle og spore oplysninger og til at forbedre og analysere vores tjeneste. De teknologier, vi bruger, kan omfatte:<\/p>\n<ul>\n<li><strong>Cookies eller browsercookies.<\/strong> En cookie er en lille fil, der placeres p\u00e5 din enhed. Du kan indstille din browser til at afvise alle cookies eller til at angive, n\u00e5r der sendes en cookie. Men hvis du ikke accepterer cookies, kan du muligvis ikke bruge nogle dele af vores tjeneste. Medmindre du har justeret din browserindstilling, s\u00e5 den afviser cookies, kan vores tjeneste bruge cookies.<\/li>\n<li><strong>Web-beacons.<\/strong> Visse dele af vores tjeneste og vores e-mails kan indeholde sm\u00e5 elektroniske filer kendt som web-beacons (ogs\u00e5 kaldet clear gifs, pixel tags og single-pixel gifs), der g\u00f8r det muligt for virksomheden f.eks. at t\u00e6lle brugere, der har bes\u00f8gt disse sider eller \u00e5bnet en e-mail, og til andre relaterede webstedsstatistikker (f.eks. registrering af populariteten af et bestemt afsnit og verificering af system- og serverintegritet).<\/li>\n<\/ul>\n<p>Cookies kan v\u00e6re \"vedvarende\" eller \"sessionscookies\". Vedvarende cookies forbliver p\u00e5 din personlige computer eller mobilenhed, n\u00e5r du g\u00e5r offline, mens sessionscookies slettes, s\u00e5 snart du lukker din webbrowser. F\u00e5 mere at vide om cookies p\u00e5 <a href=\"https:\/\/www.freeprivacypolicy.com\/blog\/sample-privacy-policy-template\/#Use_Of_Cookies_And_Tracking\" target=\"_blank\" rel=\"noopener\">Gratis hjemmeside om privatlivspolitik<\/a> artikel.<\/p>\n<p>Vi bruger b\u00e5de sessions- og permanente cookies til de form\u00e5l, der er beskrevet nedenfor:<\/p>\n<ul>\n<li>\n<p><strong>N\u00f8dvendige\/essentielle cookies<\/strong><\/p>\n<p>Type: Sessionscookies<\/p>\n<p>Administreret af: Os<\/p>\n<p>Form\u00e5l: Disse cookies er vigtige for at give dig tjenester, der er tilg\u00e6ngelige via webstedet, og for at give dig mulighed for at bruge nogle af dets funktioner. De hj\u00e6lper med at autentificere brugere og forhindre svigagtig brug af brugerkonti. Uden disse cookies kan de tjenester, du har bedt om, ikke leveres, og vi bruger kun disse cookies til at levere disse tjenester til dig.<\/p>\n<\/li>\n<li>\n<p><strong>Cookiepolitik \/ Meddelelse Accept af cookies<\/strong><\/p>\n<p>Type: Permanente cookies<\/p>\n<p>Administreret af: Os<\/p>\n<p>Form\u00e5l: Disse cookies identificerer, om brugerne har accepteret brugen af cookies p\u00e5 webstedet.<\/p>\n<\/li>\n<li>\n<p><strong>Funktionalitetscookies<\/strong><\/p>\n<p>Type: Permanente cookies<\/p>\n<p>Administreret af: Os<\/p>\n<p>Form\u00e5l: Disse cookies giver os mulighed for at huske de valg, du foretager, n\u00e5r du bruger webstedet, f.eks. at huske dine loginoplysninger eller sprogpr\u00e6ferencer. Form\u00e5let med disse cookies er at give dig en mere personlig oplevelse og at undg\u00e5, at du skal indtaste dine pr\u00e6ferencer igen, hver gang du bruger webstedet.<\/p>\n<\/li>\n<\/ul>\n<p>Du kan f\u00e5 flere oplysninger om de cookies, vi bruger, og dine valg vedr\u00f8rende cookies i vores cookiepolitik eller i afsnittet om cookies i vores privatlivspolitik.<\/p>\n<h3>Brug af dine personlige data<\/h3>\n<p>Virksomheden kan bruge persondata til f\u00f8lgende form\u00e5l:<\/p>\n<ul>\n<li>\n<p><strong>At levere og vedligeholde vores service<\/strong>, herunder for at overv\u00e5ge brugen af vores tjeneste.<\/p>\n<\/li>\n<li>\n<p><strong>For at administrere din konto:<\/strong> at administrere din registrering som bruger af tjenesten. De personlige data, du giver, kan give dig adgang til forskellige funktioner i tjenesten, der er tilg\u00e6ngelige for dig som registreret bruger.<\/p>\n<\/li>\n<li>\n<p><strong>Til opfyldelse af en kontrakt:<\/strong> udvikling, overholdelse og gennemf\u00f8relse af k\u00f8bskontrakten for de produkter, varer eller tjenester, du har k\u00f8bt, eller af enhver anden kontrakt med os via tjenesten.<\/p>\n<\/li>\n<li>\n<p><strong>For at kontakte dig:<\/strong> At kontakte dig via e-mail, telefonopkald, sms eller andre tilsvarende former for elektronisk kommunikation, s\u00e5som en mobilapplikations push-meddelelser vedr\u00f8rende opdateringer eller informativ kommunikation relateret til funktionaliteter, produkter eller aftalte tjenester, herunder sikkerhedsopdateringer, n\u00e5r det er n\u00f8dvendigt eller rimeligt for deres implementering.<\/p>\n<\/li>\n<li>\n<p><strong>For at give dig<\/strong> med nyheder, s\u00e6rtilbud og generel information om andre varer, tjenester og begivenheder, som vi tilbyder, og som ligner dem, du allerede har k\u00f8bt eller forespurgt om, medmindre du har valgt ikke at modtage s\u00e5dan information.<\/p>\n<\/li>\n<li>\n<p><strong>At administrere dine anmodninger:<\/strong> At behandle og administrere dine anmodninger til os.<\/p>\n<\/li>\n<li>\n<p><strong>Til virksomhedsoverdragelser:<\/strong> Vi kan bruge dine oplysninger til at evaluere eller gennemf\u00f8re en fusion, frasalg, omstrukturering, reorganisering, opl\u00f8sning eller andet salg eller overf\u00f8rsel af nogle eller alle vores aktiver, hvad enten det er som en igangv\u00e6rende virksomhed eller som en del af konkurs, likvidation eller lignende procedure, hvor personlige data, som vi har om vores servicebrugere, er blandt de overf\u00f8rte aktiver.<\/p>\n<\/li>\n<li>\n<p><strong>Til andre form\u00e5l<\/strong>: Vi kan bruge dine oplysninger til andre form\u00e5l, s\u00e5som dataanalyse, identifikation af brugstendenser, bestemmelse af effektiviteten af vores reklamekampagner og til at evaluere og forbedre vores tjeneste, produkter, tjenester, markedsf\u00f8ring og din oplevelse.<\/p>\n<\/li>\n<\/ul>\n<p>Vi kan dele dine personlige oplysninger i f\u00f8lgende situationer:<\/p>\n<ul>\n<li><strong>Med tjenesteudbydere:<\/strong> Vi kan dele dine personlige oplysninger med tjenesteudbydere for at overv\u00e5ge og analysere brugen af vores tjeneste og for at kontakte dig.<\/li>\n<li><strong>Til virksomhedsoverdragelser:<\/strong> Vi kan dele eller overf\u00f8re dine personlige oplysninger i forbindelse med eller under forhandlinger om enhver fusion, salg af virksomhedens aktiver, finansiering eller overtagelse af hele eller en del af vores virksomhed til en anden virksomhed.<\/li>\n<li><strong>Med samarbejdspartnere:<\/strong> Vi kan dele dine oplysninger med vores datterselskaber, i hvilket tilf\u00e6lde vi vil kr\u00e6ve, at disse datterselskaber overholder denne fortrolighedspolitik. Tilknyttede selskaber omfatter vores moderselskab og eventuelle andre datterselskaber, joint venture-partnere eller andre virksomheder, som vi kontrollerer, eller som er under f\u00e6lles kontrol med os.<\/li>\n<li><strong>Med forretningspartnere:<\/strong> Vi kan dele dine oplysninger med vores forretningspartnere for at tilbyde dig visse produkter, tjenester eller kampagner.<\/li>\n<li><strong>Sammen med andre brugere:<\/strong> N\u00e5r du deler personlige oplysninger eller p\u00e5 anden m\u00e5de interagerer i de offentlige omr\u00e5der med andre brugere, kan s\u00e5danne oplysninger ses af alle brugere og kan distribueres offentligt udenfor.<\/li>\n<li><strong>Med dit samtykke<\/strong>: Vi kan videregive dine personlige oplysninger til ethvert andet form\u00e5l med dit samtykke.<\/li>\n<\/ul>\n<h3>Opbevaring af dine personlige data<\/h3>\n<p>Virksomheden vil kun opbevare dine personoplysninger, s\u00e5 l\u00e6nge det er n\u00f8dvendigt til de form\u00e5l, der er beskrevet i denne privatlivspolitik. Vi opbevarer og bruger dine personoplysninger i det omfang, det er n\u00f8dvendigt for at overholde vores juridiske forpligtelser (f.eks. hvis vi er forpligtet til at opbevare dine data for at overholde g\u00e6ldende love), l\u00f8se tvister og h\u00e5ndh\u00e6ve vores juridiske aftaler og politikker.<\/p>\n<p>Virksomheden vil ogs\u00e5 opbevare brugsdata til interne analyseform\u00e5l. Brugsdata opbevares generelt i en kortere periode, undtagen n\u00e5r disse data bruges til at styrke sikkerheden eller forbedre funktionaliteten i vores service, eller vi er lovligt forpligtet til at opbevare disse data i l\u00e6ngere tidsperioder.<\/p>\n<h3>Overf\u00f8rsel af dine personlige data<\/h3>\n<p>Dine oplysninger, herunder personoplysninger, behandles p\u00e5 virksomhedens driftskontorer og andre steder, hvor de parter, der er involveret i behandlingen, er placeret. Det betyder, at disse oplysninger kan overf\u00f8res til - og vedligeholdes p\u00e5 - computere, der er placeret uden for din stat, provins, land eller anden statslig jurisdiktion, hvor databeskyttelseslovene kan v\u00e6re forskellige fra dem i din jurisdiktion.<\/p>\n<p>Dit samtykke til denne fortrolighedspolitik efterfulgt af din indsendelse af s\u00e5danne oplysninger repr\u00e6senterer din accept af denne overf\u00f8rsel.<\/p>\n<p>Virksomheden vil tage alle skridt, der med rimelighed er n\u00f8dvendige for at sikre, at dine data behandles sikkert og i overensstemmelse med denne fortrolighedspolitik, og ingen overf\u00f8rsel af dine personlige data finder sted til en organisation eller et land, medmindre der er tilstr\u00e6kkelig kontrol p\u00e5 plads inklusive sikkerheden for dine data og andre personlige oplysninger.<\/p>\n<h3>Slet dine personlige data<\/h3>\n<p>Du har ret til at slette eller anmode om, at vi hj\u00e6lper med at slette de personoplysninger, som vi har indsamlet om dig.<\/p>\n<p>Vores tjeneste kan give dig mulighed for at slette visse oplysninger om dig fra tjenesten.<\/p>\n<p>Du kan til enhver tid opdatere, \u00e6ndre eller slette dine oplysninger ved at logge ind p\u00e5 din konto, hvis du har en, og bes\u00f8ge afsnittet med kontoindstillinger, der giver dig mulighed for at administrere dine personlige oplysninger. Du kan ogs\u00e5 kontakte os for at anmode om adgang til, rette eller slette personlige oplysninger, som du har givet os.<\/p>\n<p>Bem\u00e6rk dog, at vi kan v\u00e6re n\u00f8dt til at opbevare visse oplysninger, n\u00e5r vi har en juridisk forpligtelse eller et lovligt grundlag for at g\u00f8re det.<\/p>\n<h3>Videregivelse af dine personlige data<\/h3>\n<h4>Forretningstransaktioner<\/h4>\n<p>Hvis virksomheden er involveret i en fusion, overtagelse eller salg af aktiver, kan dine personlige data overf\u00f8res. Vi vil give besked, f\u00f8r dine personoplysninger overf\u00f8res og bliver underlagt en anden fortrolighedspolitik.<\/p>\n<h4>Retsh\u00e5ndh\u00e6velse<\/h4>\n<p>Under visse omst\u00e6ndigheder kan virksomheden v\u00e6re forpligtet til at videregive dine personlige data, hvis det kr\u00e6ves ved lov eller som svar p\u00e5 gyldige anmodninger fra offentlige myndigheder (f.eks. en domstol eller et regeringsorgan).<\/p>\n<h4>Andre juridiske krav<\/h4>\n<p>Virksomheden kan videregive dine personlige data i god tro om, at en s\u00e5dan handling er n\u00f8dvendig for at:<\/p>\n<ul>\n<li>Overholde en juridisk forpligtelse<\/li>\n<li>Beskytte og forsvare virksomhedens rettigheder eller ejendom<\/li>\n<li>Forebygge eller unders\u00f8ge mulige forseelser i forbindelse med tjenesten<\/li>\n<li>Beskytte den personlige sikkerhed for brugere af tjenesten eller offentligheden<\/li>\n<li>Beskyt mod juridisk ansvar<\/li>\n<\/ul>\n<h3>Sikkerhed for dine personlige data<\/h3>\n<p>Sikkerheden af dine personlige data er vigtig for os, men husk, at ingen metode til transmission over internettet eller metode til elektronisk lagring er 100% sikker. Selvom vi bestr\u00e6ber os p\u00e5 at bruge kommercielt acceptable midler til at beskytte dine personlige data, kan vi ikke garantere deres absolutte sikkerhed.<\/p>\n<h2>B\u00f8rns privatliv<\/h2>\n<p>Vores tjeneste henvender sig ikke til personer under 13 \u00e5r. Vi indsamler ikke bevidst personligt identificerbare oplysninger fra nogen under 13 \u00e5r. Hvis du er for\u00e6lder eller v\u00e6rge, og du er klar over, at dit barn har givet os personlige data, bedes du kontakte os. Hvis vi bliver opm\u00e6rksomme p\u00e5, at vi har indsamlet persondata fra nogen under 13 \u00e5r uden bekr\u00e6ftelse af for\u00e6ldrenes samtykke, tager vi skridt til at fjerne disse oplysninger fra vores servere.<\/p>\n<p>Hvis vi er n\u00f8dt til at stole p\u00e5 samtykke som et juridisk grundlag for behandling af dine oplysninger, og dit land kr\u00e6ver samtykke fra en for\u00e6lder, kan vi kr\u00e6ve din for\u00e6ldres samtykke, f\u00f8r vi indsamler og bruger disse oplysninger.<\/p>\n<h2>Links til andre hjemmesider<\/h2>\n<p>Vores tjeneste kan indeholde links til andre websteder, der ikke drives af os. Hvis du klikker p\u00e5 et tredjepartslink, vil du blive sendt til den p\u00e5g\u00e6ldende tredjeparts websted. Vi anbefaler p\u00e5 det kraftigste, at du gennemg\u00e5r fortrolighedspolitikken for hvert websted, du bes\u00f8ger.<\/p>\n<p>Vi har ingen kontrol over og p\u00e5tager os intet ansvar for indhold, privatlivspolitikker eller praksis p\u00e5 tredjepartswebsteder eller -tjenester.<\/p>\n<h2>\u00c6ndringer af denne privatlivspolitik<\/h2>\n<p>Vi kan opdatere vores privatlivspolitik fra tid til anden. Vi vil underrette dig om eventuelle \u00e6ndringer ved at offentligg\u00f8re den nye privatlivspolitik p\u00e5 denne side.<\/p>\n<p>Vi giver dig besked via e-mail og\/eller en fremtr\u00e6dende meddelelse p\u00e5 vores tjeneste, inden \u00e6ndringen tr\u00e6der i kraft, og opdaterer datoen for \"Sidst opdateret\" \u00f8verst i denne privatlivspolitik.<\/p>\n<p>Du r\u00e5des til at gennemg\u00e5 denne privatlivspolitik med j\u00e6vne mellemrum for eventuelle \u00e6ndringer. \u00c6ndringer i denne fortrolighedspolitik tr\u00e6der i kraft, n\u00e5r de offentligg\u00f8res p\u00e5 denne side.<\/p>\n<h2>Kontakt os<\/h2>\n<p>Hvis du har sp\u00f8rgsm\u00e5l til denne privatlivspolitik, kan du kontakte os:<\/p>\n<ul>\n<li>Via e-mail: support@bbkitty.com<\/li>\n<\/ul><\/div>\n\t\t\t\t\t\t<\/div>\n\t\t\t\t\t<\/div>\n\t\t\t\t<\/div>\n\t\t<div class=\"elementor-element elementor-element-fb8641c e-flex e-con-boxed e-con e-parent\" data-id=\"fb8641c\" data-element_type=\"container\">\n\t\t\t\t\t<div class=\"e-con-inner\">\n\t\t\t\t<div class=\"elementor-element elementor-element-2773fa5 elementor-widget elementor-widget-spacer\" data-id=\"2773fa5\" data-element_type=\"widget\" data-widget_type=\"spacer.default\">\n\t\t\t\t\t\t\t<div class=\"elementor-spacer\">\n\t\t\t<div class=\"elementor-spacer-inner\"><\/div>\n\t\t<\/div>\n\t\t\t\t\t\t<\/div>\n\t\t\t\t\t<\/div>\n\t\t\t\t<\/div>\n\t\t\t\t<\/div>","protected":false},"excerpt":{"rendered":"<p>Fortrolighedspolitik Sidst opdateret: April 24, 2024 Denne fortrolighedspolitik beskriver vores politikker og procedurer for indsamling, brug og [...]<\/p>","protected":false},"author":3,"featured_media":0,"parent":0,"menu_order":0,"comment_status":"closed","ping_status":"closed","template":"","meta":{"site-sidebar-layout":"no-sidebar","site-content-layout":"","ast-site-content-layout":"full-width-container","site-content-style":"default","site-sidebar-style":"default","ast-global-header-display":"","ast-banner-title-visibility":"","ast-main-header-display":"","ast-hfb-above-header-display":"","ast-hfb-below-header-display":"","ast-hfb-mobile-header-display":"","site-post-title":"disabled","ast-breadcrumbs-content":"","ast-featured-img":"disabled","footer-sml-layout":"","theme-transparent-header-meta":"","adv-header-id-meta":"","stick-header-meta":"","header-above-stick-meta":"","header-main-stick-meta":"","header-below-stick-meta":"","astra-migrate-meta-layouts":"default","ast-page-background-enabled":"default","ast-page-background-meta":{"desktop":{"background-color":"var(--ast-global-color-4)","background-image":"","background-repeat":"repeat","background-position":"center center","background-size":"auto","background-attachment":"scroll","background-type":"","background-media":"","overlay-type":"","overlay-color":"","overlay-opacity":"","overlay-gradient":""},"tablet":{"background-color":"","background-image":"","background-repeat":"repeat","background-position":"center center","background-size":"auto","background-attachment":"scroll","background-type":"","background-media":"","overlay-type":"","overlay-color":"","overlay-opacity":"","overlay-gradient":""},"mobile":{"background-color":"","background-image":"","background-repeat":"repeat","background-position":"center center","background-size":"auto","background-attachment":"scroll","background-type":"","background-media":"","overlay-type":"","overlay-color":"","overlay-opacity":"","overlay-gradient":""}},"ast-content-background-meta":{"desktop":{"background-color":"var(--ast-global-color-5)","background-image":"","background-repeat":"repeat","background-position":"center center","background-size":"auto","background-attachment":"scroll","background-type":"","background-media":"","overlay-type":"","overlay-color":"","overlay-opacity":"","overlay-gradient":""},"tablet":{"background-color":"var(--ast-global-color-5)","background-image":"","background-repeat":"repeat","background-position":"center center","background-size":"auto","background-attachment":"scroll","background-type":"","background-media":"","overlay-type":"","overlay-color":"","overlay-opacity":"","overlay-gradient":""},"mobile":{"background-color":"var(--ast-global-color-5)","background-image":"","background-repeat":"repeat","background-position":"center center","background-size":"auto","background-attachment":"scroll","background-type":"","background-media":"","overlay-type":"","overlay-color":"","overlay-opacity":"","overlay-gradient":""}},"footnotes":""},"class_list":["post-93991","page","type-page","status-publish","hentry"],"_links":{"self":[{"href":"https:\/\/bbkitty.com\/da\/wp-json\/wp\/v2\/pages\/93991","targetHints":{"allow":["GET"]}}],"collection":[{"href":"https:\/\/bbkitty.com\/da\/wp-json\/wp\/v2\/pages"}],"about":[{"href":"https:\/\/bbkitty.com\/da\/wp-json\/wp\/v2\/types\/page"}],"author":[{"embeddable":true,"href":"https:\/\/bbkitty.com\/da\/wp-json\/wp\/v2\/users\/3"}],"replies":[{"embeddable":true,"href":"https:\/\/bbkitty.com\/da\/wp-json\/wp\/v2\/comments?post=93991"}],"version-history":[{"count":0,"href":"https:\/\/bbkitty.com\/da\/wp-json\/wp\/v2\/pages\/93991\/revisions"}],"wp:attachment":[{"href":"https:\/\/bbkitty.com\/da\/wp-json\/wp\/v2\/media?parent=93991"}],"curies":[{"name":"wp","href":"https:\/\/api.w.org\/{rel}","templated":true}]}}