{"id":95738,"date":"2024-08-30T05:47:06","date_gmt":"2024-08-30T05:47:06","guid":{"rendered":"https:\/\/bbkitty.com\/?post_type=product&#038;p=95738"},"modified":"2024-08-30T06:52:25","modified_gmt":"2024-08-30T06:52:25","slug":"size-4-diapers","status":"publish","type":"product","link":"https:\/\/bbkitty.com\/cs\/produkt\/size-4-diapers\/","title":{"rendered":"Plenky velikosti 4"},"content":{"rendered":"<p><img fetchpriority=\"high\" decoding=\"async\" class=\"alignnone size-full wp-image-93802\" src=\"https:\/\/bbkitty.com\/wp-content\/uploads\/2024\/03\/Hb581b2ddcb194077a13efeb726ca9744O.jpg\" alt=\"\" width=\"750\" height=\"535\" \/><\/p>\n<p>&nbsp;<\/p>\n<p>&nbsp;<\/p>","protected":false},"excerpt":{"rendered":"<p>Ultra tenk\u00fd 100% japonsk\u00fd SAP, obla\u010dn\u00fd m\u011bkk\u00fd prody\u0161n\u00fd vrchn\u00ed list, 360 stup\u0148\u016f super m\u011bkk\u00fd elastick\u00fd p\u00e1s, bez v\u016fn\u011b a chl\u00f3ru \/ hypoalergick\u00fd.<\/p>","protected":false},"featured_media":95739,"template":"","meta":{"site-sidebar-layout":"default","site-content-layout":"","ast-site-content-layout":"default","site-content-style":"default","site-sidebar-style":"default","ast-global-header-display":"","ast-banner-title-visibility":"","ast-main-header-display":"","ast-hfb-above-header-display":"","ast-hfb-below-header-display":"","ast-hfb-mobile-header-display":"","site-post-title":"","ast-breadcrumbs-content":"","ast-featured-img":"","footer-sml-layout":"","theme-transparent-header-meta":"default","adv-header-id-meta":"","stick-header-meta":"default","header-above-stick-meta":"","header-main-stick-meta":"","header-below-stick-meta":"","astra-migrate-meta-layouts":"set","ast-page-background-enabled":"default","ast-page-background-meta":{"desktop":{"background-color":"var(--ast-global-color-4)","background-image":"","background-repeat":"repeat","background-position":"center center","background-size":"auto","background-attachment":"scroll","background-type":"","background-media":"","overlay-type":"","overlay-color":"","overlay-opacity":"","overlay-gradient":""},"tablet":{"background-color":"","background-image":"","background-repeat":"repeat","background-position":"center center","background-size":"auto","background-attachment":"scroll","background-type":"","background-media":"","overlay-type":"","overlay-color":"","overlay-opacity":"","overlay-gradient":""},"mobile":{"background-color":"","background-image":"","background-repeat":"repeat","background-position":"center center","background-size":"auto","background-attachment":"scroll","background-type":"","background-media":"","overlay-type":"","overlay-color":"","overlay-opacity":"","overlay-gradient":""}},"ast-content-background-meta":{"desktop":{"background-color":"var(--ast-global-color-5)","background-image":"","background-repeat":"repeat","background-position":"center center","background-size":"auto","background-attachment":"scroll","background-type":"","background-media":"","overlay-type":"","overlay-color":"","overlay-opacity":"","overlay-gradient":""},"tablet":{"background-color":"var(--ast-global-color-5)","background-image":"","background-repeat":"repeat","background-position":"center center","background-size":"auto","background-attachment":"scroll","background-type":"","background-media":"","overlay-type":"","overlay-color":"","overlay-opacity":"","overlay-gradient":""},"mobile":{"background-color":"var(--ast-global-color-5)","background-image":"","background-repeat":"repeat","background-position":"center center","background-size":"auto","background-attachment":"scroll","background-type":"","background-media":"","overlay-type":"","overlay-color":"","overlay-opacity":"","overlay-gradient":""}}},"product_brand":[],"product_cat":[391],"product_tag":[388],"class_list":{"0":"post-95738","1":"product","2":"type-product","3":"status-publish","4":"has-post-thumbnail","6":"product_cat-classic","7":"product_tag-baby-diapers","8":"desktop-align-left","9":"tablet-align-left","10":"mobile-align-left","11":"ast-product-gallery-layout-horizontal-slider","12":"ast-product-gallery-with-no-image","13":"ast-product-tabs-layout-horizontal","15":"first","16":"instock","17":"shipping-taxable","18":"product-type-external"},"_links":{"self":[{"href":"https:\/\/bbkitty.com\/cs\/wp-json\/wp\/v2\/product\/95738","targetHints":{"allow":["GET"]}}],"collection":[{"href":"https:\/\/bbkitty.com\/cs\/wp-json\/wp\/v2\/product"}],"about":[{"href":"https:\/\/bbkitty.com\/cs\/wp-json\/wp\/v2\/types\/product"}],"version-history":[{"count":0,"href":"https:\/\/bbkitty.com\/cs\/wp-json\/wp\/v2\/product\/95738\/revisions"}],"wp:featuredmedia":[{"embeddable":true,"href":"https:\/\/bbkitty.com\/cs\/wp-json\/wp\/v2\/media\/95739"}],"wp:attachment":[{"href":"https:\/\/bbkitty.com\/cs\/wp-json\/wp\/v2\/media?parent=95738"}],"wp:term":[{"taxonomy":"product_brand","embeddable":true,"href":"https:\/\/bbkitty.com\/cs\/wp-json\/wp\/v2\/product_brand?post=95738"},{"taxonomy":"product_cat","embeddable":true,"href":"https:\/\/bbkitty.com\/cs\/wp-json\/wp\/v2\/product_cat?post=95738"},{"taxonomy":"product_tag","embeddable":true,"href":"https:\/\/bbkitty.com\/cs\/wp-json\/wp\/v2\/product_tag?post=95738"}],"curies":[{"name":"wp","href":"https:\/\/api.w.org\/{rel}","templated":true}]}}